{"id":85,"date":"2011-08-08T16:56:53","date_gmt":"2011-08-08T19:56:53","guid":{"rendered":"http:\/\/talent.efix.net\/teste\/pt\/?page_id=85"},"modified":"2024-03-13T18:07:09","modified_gmt":"2024-03-13T21:07:09","slug":"trabalhe-com-a-gente","status":"publish","type":"page","link":"https:\/\/talent.efix.net\/pt\/a-efix\/trabalhe-com-a-gente\/","title":{"rendered":"Trabalhe com a gente"},"content":{"rendered":"<p>A <strong><em>Efix<\/em><\/strong> est\u00e1 sempre em busca de bons talentos. Envie seu curr\u00edculo para <strong>curriculum@efix.com.br<\/strong>.<\/p>\n","protected":false},"excerpt":{"rendered":"<p>A Efix est\u00e1 sempre em busca de bons talentos. Envie seu curr\u00edculo para curriculum@efix.com.br.<\/p>\n","protected":false},"author":1,"featured_media":633,"parent":156,"menu_order":8,"comment_status":"open","ping_status":"closed","template":"modelo-a-efix.php","meta":{"footnotes":""},"yoast_head":"<!-- This site is optimized with the Yoast SEO plugin v22.2 - https:\/\/yoast.com\/wordpress\/plugins\/seo\/ -->\n<title>Efix | Trabalhe com a gente<\/title>\n<meta name=\"description\" content=\"A Efix est\u00e1 sempre em busca de bons talentos. Envie seu curr\u00edculo para curriculum@efix.com.br.\" \/>\n<meta name=\"robots\" content=\"index, follow, max-snippet:-1, max-image-preview:large, max-video-preview:-1\" \/>\n<link rel=\"canonical\" href=\"https:\/\/talent.efix.net\/pt\/a-efix\/trabalhe-com-a-gente\/\" \/>\n<meta property=\"og:locale\" content=\"pt_BR\" \/>\n<meta property=\"og:type\" content=\"article\" \/>\n<meta property=\"og:title\" content=\"Efix | Trabalhe com a gente\" \/>\n<meta property=\"og:description\" content=\"A Efix est\u00e1 sempre em busca de bons talentos. Envie seu curr\u00edculo para curriculum@efix.com.br.\" \/>\n<meta property=\"og:url\" content=\"https:\/\/talent.efix.net\/pt\/a-efix\/trabalhe-com-a-gente\/\" \/>\n<meta property=\"og:site_name\" content=\"Efix Portugu\u00eas\" \/>\n<meta property=\"article:publisher\" content=\"https:\/\/www.facebook.com\/efixnet\" \/>\n<meta property=\"article:modified_time\" content=\"2024-03-13T21:07:09+00:00\" \/>\n<meta property=\"og:image\" content=\"https:\/\/talent.efix.net\/pt\/wp-content\/uploads\/sites\/2\/2011\/08\/trabalhe_com_agente.jpg\" \/>\n\t<meta property=\"og:image:width\" content=\"962\" \/>\n\t<meta property=\"og:image:height\" content=\"137\" \/>\n\t<meta property=\"og:image:type\" content=\"image\/jpeg\" \/>\n<meta name=\"twitter:card\" content=\"summary_large_image\" \/>\n<meta name=\"twitter:site\" content=\"@EfixNet\" \/>\n<meta name=\"twitter:label1\" content=\"Est. tempo de leitura\" \/>\n\t<meta name=\"twitter:data1\" content=\"1 minuto\" \/>\n<script type=\"application\/ld+json\" class=\"yoast-schema-graph\">{\"@context\":\"https:\/\/schema.org\",\"@graph\":[{\"@type\":\"WebPage\",\"@id\":\"https:\/\/talent.efix.net\/pt\/a-efix\/trabalhe-com-a-gente\/\",\"url\":\"https:\/\/talent.efix.net\/pt\/a-efix\/trabalhe-com-a-gente\/\",\"name\":\"Efix | Trabalhe com a gente\",\"isPartOf\":{\"@id\":\"https:\/\/talent.efix.net\/pt\/#website\"},\"primaryImageOfPage\":{\"@id\":\"https:\/\/talent.efix.net\/pt\/a-efix\/trabalhe-com-a-gente\/#primaryimage\"},\"image\":{\"@id\":\"https:\/\/talent.efix.net\/pt\/a-efix\/trabalhe-com-a-gente\/#primaryimage\"},\"thumbnailUrl\":\"https:\/\/talent.efix.net\/pt\/wp-content\/uploads\/sites\/2\/2011\/08\/trabalhe_com_agente.jpg\",\"datePublished\":\"2011-08-08T19:56:53+00:00\",\"dateModified\":\"2024-03-13T21:07:09+00:00\",\"description\":\"A Efix est\u00e1 sempre em busca de bons talentos. Envie seu curr\u00edculo para curriculum@efix.com.br.\",\"breadcrumb\":{\"@id\":\"https:\/\/talent.efix.net\/pt\/a-efix\/trabalhe-com-a-gente\/#breadcrumb\"},\"inLanguage\":\"pt-BR\",\"potentialAction\":[{\"@type\":\"ReadAction\",\"target\":[\"https:\/\/talent.efix.net\/pt\/a-efix\/trabalhe-com-a-gente\/\"]}]},{\"@type\":\"ImageObject\",\"inLanguage\":\"pt-BR\",\"@id\":\"https:\/\/talent.efix.net\/pt\/a-efix\/trabalhe-com-a-gente\/#primaryimage\",\"url\":\"https:\/\/talent.efix.net\/pt\/wp-content\/uploads\/sites\/2\/2011\/08\/trabalhe_com_agente.jpg\",\"contentUrl\":\"https:\/\/talent.efix.net\/pt\/wp-content\/uploads\/sites\/2\/2011\/08\/trabalhe_com_agente.jpg\",\"width\":\"962\",\"height\":\"137\"},{\"@type\":\"BreadcrumbList\",\"@id\":\"https:\/\/talent.efix.net\/pt\/a-efix\/trabalhe-com-a-gente\/#breadcrumb\",\"itemListElement\":[{\"@type\":\"ListItem\",\"position\":1,\"name\":\"Home\",\"item\":\"https:\/\/talent.efix.net\/pt\/\"},{\"@type\":\"ListItem\",\"position\":2,\"name\":\"A Efix\",\"item\":\"https:\/\/talent.efix.net\/pt\/a-efix\/\"},{\"@type\":\"ListItem\",\"position\":3,\"name\":\"Trabalhe com a gente\"}]},{\"@type\":\"WebSite\",\"@id\":\"https:\/\/talent.efix.net\/pt\/#website\",\"url\":\"https:\/\/talent.efix.net\/pt\/\",\"name\":\"Efix\",\"description\":\"Solu\u00e7\u00f5es para Gest\u00e3o e Desenvolvimento de Pessoas\",\"publisher\":{\"@id\":\"https:\/\/talent.efix.net\/pt\/#organization\"},\"potentialAction\":[{\"@type\":\"SearchAction\",\"target\":{\"@type\":\"EntryPoint\",\"urlTemplate\":\"https:\/\/talent.efix.net\/pt\/?s={search_term_string}\"},\"query-input\":\"required name=search_term_string\"}],\"inLanguage\":\"pt-BR\"},{\"@type\":\"Organization\",\"@id\":\"https:\/\/talent.efix.net\/pt\/#organization\",\"name\":\"Efix\",\"url\":\"https:\/\/talent.efix.net\/pt\/\",\"logo\":{\"@type\":\"ImageObject\",\"inLanguage\":\"pt-BR\",\"@id\":\"https:\/\/talent.efix.net\/pt\/#\/schema\/logo\/image\/\",\"url\":\"https:\/\/talent.efix.net\/pt\/wp-content\/uploads\/sites\/2\/2024\/03\/logo.png\",\"contentUrl\":\"https:\/\/talent.efix.net\/pt\/wp-content\/uploads\/sites\/2\/2024\/03\/logo.png\",\"width\":103,\"height\":77,\"caption\":\"Efix\"},\"image\":{\"@id\":\"https:\/\/talent.efix.net\/pt\/#\/schema\/logo\/image\/\"},\"sameAs\":[\"https:\/\/www.facebook.com\/efixnet\",\"https:\/\/twitter.com\/EfixNet\"]}]}<\/script>\n<!-- \/ Yoast SEO plugin. -->","yoast_head_json":{"title":"Efix | Trabalhe com a gente","description":"A Efix est\u00e1 sempre em busca de bons talentos. Envie seu curr\u00edculo para curriculum@efix.com.br.","robots":{"index":"index","follow":"follow","max-snippet":"max-snippet:-1","max-image-preview":"max-image-preview:large","max-video-preview":"max-video-preview:-1"},"canonical":"https:\/\/talent.efix.net\/pt\/a-efix\/trabalhe-com-a-gente\/","og_locale":"pt_BR","og_type":"article","og_title":"Efix | Trabalhe com a gente","og_description":"A Efix est\u00e1 sempre em busca de bons talentos. Envie seu curr\u00edculo para curriculum@efix.com.br.","og_url":"https:\/\/talent.efix.net\/pt\/a-efix\/trabalhe-com-a-gente\/","og_site_name":"Efix Portugu\u00eas","article_publisher":"https:\/\/www.facebook.com\/efixnet","article_modified_time":"2024-03-13T21:07:09+00:00","og_image":[{"width":"962","height":"137","url":"https:\/\/talent.efix.net\/pt\/wp-content\/uploads\/sites\/2\/2011\/08\/trabalhe_com_agente.jpg","type":"image\/jpeg"}],"twitter_card":"summary_large_image","twitter_site":"@EfixNet","twitter_misc":{"Est. tempo de leitura":"1 minuto"},"schema":{"@context":"https:\/\/schema.org","@graph":[{"@type":"WebPage","@id":"https:\/\/talent.efix.net\/pt\/a-efix\/trabalhe-com-a-gente\/","url":"https:\/\/talent.efix.net\/pt\/a-efix\/trabalhe-com-a-gente\/","name":"Efix | Trabalhe com a gente","isPartOf":{"@id":"https:\/\/talent.efix.net\/pt\/#website"},"primaryImageOfPage":{"@id":"https:\/\/talent.efix.net\/pt\/a-efix\/trabalhe-com-a-gente\/#primaryimage"},"image":{"@id":"https:\/\/talent.efix.net\/pt\/a-efix\/trabalhe-com-a-gente\/#primaryimage"},"thumbnailUrl":"https:\/\/talent.efix.net\/pt\/wp-content\/uploads\/sites\/2\/2011\/08\/trabalhe_com_agente.jpg","datePublished":"2011-08-08T19:56:53+00:00","dateModified":"2024-03-13T21:07:09+00:00","description":"A Efix est\u00e1 sempre em busca de bons talentos. Envie seu curr\u00edculo para curriculum@efix.com.br.","breadcrumb":{"@id":"https:\/\/talent.efix.net\/pt\/a-efix\/trabalhe-com-a-gente\/#breadcrumb"},"inLanguage":"pt-BR","potentialAction":[{"@type":"ReadAction","target":["https:\/\/talent.efix.net\/pt\/a-efix\/trabalhe-com-a-gente\/"]}]},{"@type":"ImageObject","inLanguage":"pt-BR","@id":"https:\/\/talent.efix.net\/pt\/a-efix\/trabalhe-com-a-gente\/#primaryimage","url":"https:\/\/talent.efix.net\/pt\/wp-content\/uploads\/sites\/2\/2011\/08\/trabalhe_com_agente.jpg","contentUrl":"https:\/\/talent.efix.net\/pt\/wp-content\/uploads\/sites\/2\/2011\/08\/trabalhe_com_agente.jpg","width":"962","height":"137"},{"@type":"BreadcrumbList","@id":"https:\/\/talent.efix.net\/pt\/a-efix\/trabalhe-com-a-gente\/#breadcrumb","itemListElement":[{"@type":"ListItem","position":1,"name":"Home","item":"https:\/\/talent.efix.net\/pt\/"},{"@type":"ListItem","position":2,"name":"A Efix","item":"https:\/\/talent.efix.net\/pt\/a-efix\/"},{"@type":"ListItem","position":3,"name":"Trabalhe com a gente"}]},{"@type":"WebSite","@id":"https:\/\/talent.efix.net\/pt\/#website","url":"https:\/\/talent.efix.net\/pt\/","name":"Efix","description":"Solu\u00e7\u00f5es para Gest\u00e3o e Desenvolvimento de Pessoas","publisher":{"@id":"https:\/\/talent.efix.net\/pt\/#organization"},"potentialAction":[{"@type":"SearchAction","target":{"@type":"EntryPoint","urlTemplate":"https:\/\/talent.efix.net\/pt\/?s={search_term_string}"},"query-input":"required name=search_term_string"}],"inLanguage":"pt-BR"},{"@type":"Organization","@id":"https:\/\/talent.efix.net\/pt\/#organization","name":"Efix","url":"https:\/\/talent.efix.net\/pt\/","logo":{"@type":"ImageObject","inLanguage":"pt-BR","@id":"https:\/\/talent.efix.net\/pt\/#\/schema\/logo\/image\/","url":"https:\/\/talent.efix.net\/pt\/wp-content\/uploads\/sites\/2\/2024\/03\/logo.png","contentUrl":"https:\/\/talent.efix.net\/pt\/wp-content\/uploads\/sites\/2\/2024\/03\/logo.png","width":103,"height":77,"caption":"Efix"},"image":{"@id":"https:\/\/talent.efix.net\/pt\/#\/schema\/logo\/image\/"},"sameAs":["https:\/\/www.facebook.com\/efixnet","https:\/\/twitter.com\/EfixNet"]}]}},"_links":{"self":[{"href":"https:\/\/talent.efix.net\/pt\/wp-json\/wp\/v2\/pages\/85"}],"collection":[{"href":"https:\/\/talent.efix.net\/pt\/wp-json\/wp\/v2\/pages"}],"about":[{"href":"https:\/\/talent.efix.net\/pt\/wp-json\/wp\/v2\/types\/page"}],"author":[{"embeddable":true,"href":"https:\/\/talent.efix.net\/pt\/wp-json\/wp\/v2\/users\/1"}],"replies":[{"embeddable":true,"href":"https:\/\/talent.efix.net\/pt\/wp-json\/wp\/v2\/comments?post=85"}],"version-history":[{"count":4,"href":"https:\/\/talent.efix.net\/pt\/wp-json\/wp\/v2\/pages\/85\/revisions"}],"predecessor-version":[{"id":2123,"href":"https:\/\/talent.efix.net\/pt\/wp-json\/wp\/v2\/pages\/85\/revisions\/2123"}],"up":[{"embeddable":true,"href":"https:\/\/talent.efix.net\/pt\/wp-json\/wp\/v2\/pages\/156"}],"wp:featuredmedia":[{"embeddable":true,"href":"https:\/\/talent.efix.net\/pt\/wp-json\/wp\/v2\/media\/633"}],"wp:attachment":[{"href":"https:\/\/talent.efix.net\/pt\/wp-json\/wp\/v2\/media?parent=85"}],"curies":[{"name":"wp","href":"https:\/\/api.w.org\/{rel}","templated":true}]}}