{"id":7,"date":"2011-07-28T21:53:42","date_gmt":"2011-07-29T00:53:42","guid":{"rendered":"http:\/\/talent.efix.net\/teste\/pt\/?page_id=7"},"modified":"2024-03-13T16:52:41","modified_gmt":"2024-03-13T19:52:41","slug":"servicos","status":"publish","type":"page","link":"https:\/\/talent.efix.net\/pt\/servicos\/","title":{"rendered":"Servi\u00e7os"},"content":{"rendered":"<p>A aquisi\u00e7\u00e3o de um sistema de gest\u00e3o de pessoas precisa ser uma solu\u00e7\u00e3o completa que vai dar suporte \u00e0s estrat\u00e9gias de RH da sua empresa. Pensando nisso, a <em><strong>Efix<\/strong><\/em> criou uma base de servi\u00e7os que vai ajudar sua empresa a obter o melhor desempenho e tirar o melhor proveito poss\u00edvel da solu\u00e7\u00e3o que voc\u00ea est\u00e1 adquirindo.<\/p>\n<h3>Conhe\u00e7a<\/h3>\n<p>Uma consultoria eficaz ajuda sua empresa a compreender todas as possibilidades que o sistema oferece, tirando o melhor do que ele pode dar e alinhando-o com as suas estrat\u00e9gias e objetivos de RH.<\/p>\n<h3>Treine<\/h3>\n<p>Ao preparar as pessoas que v\u00e3o usar o sistema, voc\u00ea cria as condi\u00e7\u00f5es para obter o que h\u00e1 de melhor nas modernas tecnologias de gest\u00e3o de pessoas. Al\u00e9m de melhorar a produtividade, o retorno de seu investimento \u00e9 mais r\u00e1pido.<\/p>\n<h3>Garanta<\/h3>\n<p>Uma boa escolha de suporte dar\u00e1 toda a tranquilidade de que sua empresa precisa para obter os melhores resultados do sistema. Al\u00e9m de melhorar os resultados e a lucratividade, voc\u00ea aumenta a satisfa\u00e7\u00e3o e o entendimento do sistema por quem est\u00e1 usando-o.<\/p>\n","protected":false},"excerpt":{"rendered":"<p>A aquisi\u00e7\u00e3o de um sistema de gest\u00e3o de pessoas precisa ser uma solu\u00e7\u00e3o completa que vai dar suporte \u00e0s estrat\u00e9gias de RH da sua empresa. Pensando nisso, a Efix criou uma base de servi\u00e7os que vai ajudar sua empresa a obter o melhor desempenho e tirar o melhor proveito poss\u00edvel da solu\u00e7\u00e3o que voc\u00ea est\u00e1 adquirindo. Conhe\u00e7a Uma consultoria eficaz ajuda sua empresa a compreender todas as possibilidades que o sistema oferece, tirando o melhor do que ele pode dar e alinhando-o com as suas estrat\u00e9gias e objetivos de RH. Treine Ao preparar as pessoas que v\u00e3o usar o sistema, [&hellip;]<\/p>\n","protected":false},"author":1,"featured_media":335,"parent":0,"menu_order":3,"comment_status":"open","ping_status":"closed","template":"modelo-servicos.php","meta":{"footnotes":""},"yoast_head":"<!-- This site is optimized with the Yoast SEO plugin v22.2 - https:\/\/yoast.com\/wordpress\/plugins\/seo\/ -->\n<title>Efix | Servi\u00e7os<\/title>\n<meta name=\"description\" content=\"Uma consultoria eficaz ajuda sua empresa a compreender todas as possibilidades que a tecnologia oferece\" \/>\n<meta name=\"robots\" content=\"index, follow, max-snippet:-1, max-image-preview:large, max-video-preview:-1\" \/>\n<link rel=\"canonical\" href=\"https:\/\/talent.efix.net\/pt\/servicos\/\" \/>\n<meta property=\"og:locale\" content=\"pt_BR\" \/>\n<meta property=\"og:type\" content=\"article\" \/>\n<meta property=\"og:title\" content=\"Efix | Servi\u00e7os\" \/>\n<meta property=\"og:description\" content=\"Uma consultoria eficaz ajuda sua empresa a compreender todas as possibilidades que a tecnologia oferece\" \/>\n<meta property=\"og:url\" content=\"https:\/\/talent.efix.net\/pt\/servicos\/\" \/>\n<meta property=\"og:site_name\" content=\"Efix Portugu\u00eas\" \/>\n<meta property=\"article:publisher\" content=\"https:\/\/www.facebook.com\/efixnet\" \/>\n<meta property=\"article:modified_time\" content=\"2024-03-13T19:52:41+00:00\" \/>\n<meta property=\"og:image\" content=\"https:\/\/talent.efix.net\/pt\/wp-content\/uploads\/sites\/2\/2011\/07\/servicos.jpg\" \/>\n\t<meta property=\"og:image:width\" content=\"962\" \/>\n\t<meta property=\"og:image:height\" content=\"137\" \/>\n\t<meta property=\"og:image:type\" content=\"image\/jpeg\" \/>\n<meta name=\"twitter:card\" content=\"summary_large_image\" \/>\n<meta name=\"twitter:site\" content=\"@EfixNet\" \/>\n<meta name=\"twitter:label1\" content=\"Est. tempo de leitura\" \/>\n\t<meta name=\"twitter:data1\" content=\"1 minuto\" \/>\n<script type=\"application\/ld+json\" class=\"yoast-schema-graph\">{\"@context\":\"https:\/\/schema.org\",\"@graph\":[{\"@type\":\"WebPage\",\"@id\":\"https:\/\/talent.efix.net\/pt\/servicos\/\",\"url\":\"https:\/\/talent.efix.net\/pt\/servicos\/\",\"name\":\"Efix | Servi\u00e7os\",\"isPartOf\":{\"@id\":\"https:\/\/talent.efix.net\/pt\/#website\"},\"primaryImageOfPage\":{\"@id\":\"https:\/\/talent.efix.net\/pt\/servicos\/#primaryimage\"},\"image\":{\"@id\":\"https:\/\/talent.efix.net\/pt\/servicos\/#primaryimage\"},\"thumbnailUrl\":\"https:\/\/talent.efix.net\/pt\/wp-content\/uploads\/sites\/2\/2011\/07\/servicos.jpg\",\"datePublished\":\"2011-07-29T00:53:42+00:00\",\"dateModified\":\"2024-03-13T19:52:41+00:00\",\"description\":\"Uma consultoria eficaz ajuda sua empresa a compreender todas as possibilidades que a tecnologia oferece\",\"breadcrumb\":{\"@id\":\"https:\/\/talent.efix.net\/pt\/servicos\/#breadcrumb\"},\"inLanguage\":\"pt-BR\",\"potentialAction\":[{\"@type\":\"ReadAction\",\"target\":[\"https:\/\/talent.efix.net\/pt\/servicos\/\"]}]},{\"@type\":\"ImageObject\",\"inLanguage\":\"pt-BR\",\"@id\":\"https:\/\/talent.efix.net\/pt\/servicos\/#primaryimage\",\"url\":\"https:\/\/talent.efix.net\/pt\/wp-content\/uploads\/sites\/2\/2011\/07\/servicos.jpg\",\"contentUrl\":\"https:\/\/talent.efix.net\/pt\/wp-content\/uploads\/sites\/2\/2011\/07\/servicos.jpg\",\"width\":\"962\",\"height\":\"137\"},{\"@type\":\"BreadcrumbList\",\"@id\":\"https:\/\/talent.efix.net\/pt\/servicos\/#breadcrumb\",\"itemListElement\":[{\"@type\":\"ListItem\",\"position\":1,\"name\":\"Home\",\"item\":\"https:\/\/talent.efix.net\/pt\/\"},{\"@type\":\"ListItem\",\"position\":2,\"name\":\"Servi\u00e7os\"}]},{\"@type\":\"WebSite\",\"@id\":\"https:\/\/talent.efix.net\/pt\/#website\",\"url\":\"https:\/\/talent.efix.net\/pt\/\",\"name\":\"Efix\",\"description\":\"Solu\u00e7\u00f5es para Gest\u00e3o e Desenvolvimento de Pessoas\",\"publisher\":{\"@id\":\"https:\/\/talent.efix.net\/pt\/#organization\"},\"potentialAction\":[{\"@type\":\"SearchAction\",\"target\":{\"@type\":\"EntryPoint\",\"urlTemplate\":\"https:\/\/talent.efix.net\/pt\/?s={search_term_string}\"},\"query-input\":\"required name=search_term_string\"}],\"inLanguage\":\"pt-BR\"},{\"@type\":\"Organization\",\"@id\":\"https:\/\/talent.efix.net\/pt\/#organization\",\"name\":\"Efix\",\"url\":\"https:\/\/talent.efix.net\/pt\/\",\"logo\":{\"@type\":\"ImageObject\",\"inLanguage\":\"pt-BR\",\"@id\":\"https:\/\/talent.efix.net\/pt\/#\/schema\/logo\/image\/\",\"url\":\"https:\/\/talent.efix.net\/pt\/wp-content\/uploads\/sites\/2\/2024\/03\/logo.png\",\"contentUrl\":\"https:\/\/talent.efix.net\/pt\/wp-content\/uploads\/sites\/2\/2024\/03\/logo.png\",\"width\":103,\"height\":77,\"caption\":\"Efix\"},\"image\":{\"@id\":\"https:\/\/talent.efix.net\/pt\/#\/schema\/logo\/image\/\"},\"sameAs\":[\"https:\/\/www.facebook.com\/efixnet\",\"https:\/\/twitter.com\/EfixNet\"]}]}<\/script>\n<!-- \/ Yoast SEO plugin. -->","yoast_head_json":{"title":"Efix | Servi\u00e7os","description":"Uma consultoria eficaz ajuda sua empresa a compreender todas as possibilidades que a tecnologia oferece","robots":{"index":"index","follow":"follow","max-snippet":"max-snippet:-1","max-image-preview":"max-image-preview:large","max-video-preview":"max-video-preview:-1"},"canonical":"https:\/\/talent.efix.net\/pt\/servicos\/","og_locale":"pt_BR","og_type":"article","og_title":"Efix | Servi\u00e7os","og_description":"Uma consultoria eficaz ajuda sua empresa a compreender todas as possibilidades que a tecnologia oferece","og_url":"https:\/\/talent.efix.net\/pt\/servicos\/","og_site_name":"Efix Portugu\u00eas","article_publisher":"https:\/\/www.facebook.com\/efixnet","article_modified_time":"2024-03-13T19:52:41+00:00","og_image":[{"width":"962","height":"137","url":"https:\/\/talent.efix.net\/pt\/wp-content\/uploads\/sites\/2\/2011\/07\/servicos.jpg","type":"image\/jpeg"}],"twitter_card":"summary_large_image","twitter_site":"@EfixNet","twitter_misc":{"Est. tempo de leitura":"1 minuto"},"schema":{"@context":"https:\/\/schema.org","@graph":[{"@type":"WebPage","@id":"https:\/\/talent.efix.net\/pt\/servicos\/","url":"https:\/\/talent.efix.net\/pt\/servicos\/","name":"Efix | Servi\u00e7os","isPartOf":{"@id":"https:\/\/talent.efix.net\/pt\/#website"},"primaryImageOfPage":{"@id":"https:\/\/talent.efix.net\/pt\/servicos\/#primaryimage"},"image":{"@id":"https:\/\/talent.efix.net\/pt\/servicos\/#primaryimage"},"thumbnailUrl":"https:\/\/talent.efix.net\/pt\/wp-content\/uploads\/sites\/2\/2011\/07\/servicos.jpg","datePublished":"2011-07-29T00:53:42+00:00","dateModified":"2024-03-13T19:52:41+00:00","description":"Uma consultoria eficaz ajuda sua empresa a compreender todas as possibilidades que a tecnologia oferece","breadcrumb":{"@id":"https:\/\/talent.efix.net\/pt\/servicos\/#breadcrumb"},"inLanguage":"pt-BR","potentialAction":[{"@type":"ReadAction","target":["https:\/\/talent.efix.net\/pt\/servicos\/"]}]},{"@type":"ImageObject","inLanguage":"pt-BR","@id":"https:\/\/talent.efix.net\/pt\/servicos\/#primaryimage","url":"https:\/\/talent.efix.net\/pt\/wp-content\/uploads\/sites\/2\/2011\/07\/servicos.jpg","contentUrl":"https:\/\/talent.efix.net\/pt\/wp-content\/uploads\/sites\/2\/2011\/07\/servicos.jpg","width":"962","height":"137"},{"@type":"BreadcrumbList","@id":"https:\/\/talent.efix.net\/pt\/servicos\/#breadcrumb","itemListElement":[{"@type":"ListItem","position":1,"name":"Home","item":"https:\/\/talent.efix.net\/pt\/"},{"@type":"ListItem","position":2,"name":"Servi\u00e7os"}]},{"@type":"WebSite","@id":"https:\/\/talent.efix.net\/pt\/#website","url":"https:\/\/talent.efix.net\/pt\/","name":"Efix","description":"Solu\u00e7\u00f5es para Gest\u00e3o e Desenvolvimento de Pessoas","publisher":{"@id":"https:\/\/talent.efix.net\/pt\/#organization"},"potentialAction":[{"@type":"SearchAction","target":{"@type":"EntryPoint","urlTemplate":"https:\/\/talent.efix.net\/pt\/?s={search_term_string}"},"query-input":"required name=search_term_string"}],"inLanguage":"pt-BR"},{"@type":"Organization","@id":"https:\/\/talent.efix.net\/pt\/#organization","name":"Efix","url":"https:\/\/talent.efix.net\/pt\/","logo":{"@type":"ImageObject","inLanguage":"pt-BR","@id":"https:\/\/talent.efix.net\/pt\/#\/schema\/logo\/image\/","url":"https:\/\/talent.efix.net\/pt\/wp-content\/uploads\/sites\/2\/2024\/03\/logo.png","contentUrl":"https:\/\/talent.efix.net\/pt\/wp-content\/uploads\/sites\/2\/2024\/03\/logo.png","width":103,"height":77,"caption":"Efix"},"image":{"@id":"https:\/\/talent.efix.net\/pt\/#\/schema\/logo\/image\/"},"sameAs":["https:\/\/www.facebook.com\/efixnet","https:\/\/twitter.com\/EfixNet"]}]}},"_links":{"self":[{"href":"https:\/\/talent.efix.net\/pt\/wp-json\/wp\/v2\/pages\/7"}],"collection":[{"href":"https:\/\/talent.efix.net\/pt\/wp-json\/wp\/v2\/pages"}],"about":[{"href":"https:\/\/talent.efix.net\/pt\/wp-json\/wp\/v2\/types\/page"}],"author":[{"embeddable":true,"href":"https:\/\/talent.efix.net\/pt\/wp-json\/wp\/v2\/users\/1"}],"replies":[{"embeddable":true,"href":"https:\/\/talent.efix.net\/pt\/wp-json\/wp\/v2\/comments?post=7"}],"version-history":[{"count":1,"href":"https:\/\/talent.efix.net\/pt\/wp-json\/wp\/v2\/pages\/7\/revisions"}],"predecessor-version":[{"id":2118,"href":"https:\/\/talent.efix.net\/pt\/wp-json\/wp\/v2\/pages\/7\/revisions\/2118"}],"wp:featuredmedia":[{"embeddable":true,"href":"https:\/\/talent.efix.net\/pt\/wp-json\/wp\/v2\/media\/335"}],"wp:attachment":[{"href":"https:\/\/talent.efix.net\/pt\/wp-json\/wp\/v2\/media?parent=7"}],"curies":[{"name":"wp","href":"https:\/\/api.w.org\/{rel}","templated":true}]}}