{"id":28,"date":"2011-07-28T21:56:29","date_gmt":"2011-07-28T21:56:29","guid":{"rendered":"http:\/\/talent.efix.net\/teste\/pt\/?page_id=28"},"modified":"2024-03-13T18:03:08","modified_gmt":"2024-03-13T21:03:08","slug":"misao-visao-e-valores","status":"publish","type":"page","link":"https:\/\/talent.efix.net\/pt\/a-efix\/misao-visao-e-valores\/","title":{"rendered":"Miss\u00e3o, vis\u00e3o e valores"},"content":{"rendered":"<h2>Miss\u00e3o<\/h2>\n<p>A <em><strong>Efix<\/strong><\/em> tem como miss\u00e3o a de ser um centro de pesquisa e desenvolvimento de solu\u00e7\u00f5es tecnol\u00f3gicas inovadoras para habilitar organiza\u00e7\u00f5es a uma gest\u00e3o e desenvolvimento de pessoas eficaz, que criem valor para clientes, colaboradores, acionistas e sociedade.<br \/>\nPara isso, atua em estreita parceria com seus clientes, compreendendo suas realidades, necessidades e objetivos e buscando traduzir essas demandas em solu\u00e7\u00f5es tecnol\u00f3gicas inovadoras.<\/p>\n<h2>Vis\u00e3o<\/h2>\n<p>Fornecer em escala mundial solu\u00e7\u00f5es que potencializem os processos de gest\u00e3o de pessoas dos clientes com os mais modernos conceitos de gest\u00e3o e desenvolvimento de pessoas, de forma autossustent\u00e1vel e lucrativa.<\/p>\n<h2>Valores<\/h2>\n<p>A <em><strong>Efix<\/strong><\/em> atua orientada por valores fundamentais como:<\/p>\n<ul>\n<li>Responsabilidade Social<\/li>\n<li>Qualidade<\/li>\n<li>Respeito<\/li>\n<li>Coopera\u00e7\u00e3o<\/li>\n<li>Inova\u00e7\u00e3o<\/li>\n<li>Empreendedorismo<\/li>\n<li>Efic\u00e1cia<\/li>\n<\/ul>\n<p>Inovadora em seu segmento, a <em><strong>Efix<\/strong><\/em> \u00e9 a \u00fanica empresa do setor a permitir que pequenas empresas possam usar seu sistema gratuitamente, o que contribui para o fortalecimento dessas empresas, a melhoria dos processos de gest\u00e3o de pessoas e o seu crescimento enquanto organiza\u00e7\u00e3o.<\/p>\n","protected":false},"excerpt":{"rendered":"<p>Miss\u00e3o A Efix tem como miss\u00e3o a de ser um centro de pesquisa e desenvolvimento de solu\u00e7\u00f5es tecnol\u00f3gicas inovadoras para habilitar organiza\u00e7\u00f5es a uma gest\u00e3o e desenvolvimento de pessoas eficaz, que criem valor para clientes, colaboradores, acionistas e sociedade. Para isso, atua em estreita parceria com seus clientes, compreendendo suas realidades, necessidades e objetivos e buscando traduzir essas demandas em solu\u00e7\u00f5es tecnol\u00f3gicas inovadoras. Vis\u00e3o Fornecer em escala mundial solu\u00e7\u00f5es que potencializem os processos de gest\u00e3o de pessoas dos clientes com os mais modernos conceitos de gest\u00e3o e desenvolvimento de pessoas, de forma autossustent\u00e1vel e lucrativa. Valores A Efix atua orientada [&hellip;]<\/p>\n","protected":false},"author":1,"featured_media":324,"parent":156,"menu_order":3,"comment_status":"open","ping_status":"closed","template":"modelo-a-efix.php","meta":{"footnotes":""},"yoast_head":"<!-- This site is optimized with the Yoast SEO plugin v22.2 - https:\/\/yoast.com\/wordpress\/plugins\/seo\/ -->\n<title>Efix | Miss\u00e3o, Vis\u00e3o e Valores<\/title>\n<meta name=\"description\" content=\"Com valores s\u00f3lidos, a Efix tem a miss\u00e3o de de ser um centro de pesquisa e desenvolvimento de solu\u00e7\u00f5es tecnol\u00f3gicas inovadoras.\" \/>\n<meta name=\"robots\" content=\"index, follow, max-snippet:-1, max-image-preview:large, max-video-preview:-1\" \/>\n<link rel=\"canonical\" href=\"https:\/\/talent.efix.net\/pt\/a-efix\/misao-visao-e-valores\/\" \/>\n<meta property=\"og:locale\" content=\"pt_BR\" \/>\n<meta property=\"og:type\" content=\"article\" \/>\n<meta property=\"og:title\" content=\"Efix | Miss\u00e3o, Vis\u00e3o e Valores\" \/>\n<meta property=\"og:description\" content=\"Com valores s\u00f3lidos, a Efix tem a miss\u00e3o de de ser um centro de pesquisa e desenvolvimento de solu\u00e7\u00f5es tecnol\u00f3gicas inovadoras.\" \/>\n<meta property=\"og:url\" content=\"https:\/\/talent.efix.net\/pt\/a-efix\/misao-visao-e-valores\/\" \/>\n<meta property=\"og:site_name\" content=\"Efix Portugu\u00eas\" \/>\n<meta property=\"article:publisher\" content=\"https:\/\/www.facebook.com\/efixnet\" \/>\n<meta property=\"article:modified_time\" content=\"2024-03-13T21:03:08+00:00\" \/>\n<meta property=\"og:image\" content=\"https:\/\/talent.efix.net\/pt\/wp-content\/uploads\/sites\/2\/2011\/07\/missao_visao_valores.jpg\" \/>\n\t<meta property=\"og:image:width\" content=\"962\" \/>\n\t<meta property=\"og:image:height\" content=\"137\" \/>\n\t<meta property=\"og:image:type\" content=\"image\/jpeg\" \/>\n<meta name=\"twitter:card\" content=\"summary_large_image\" \/>\n<meta name=\"twitter:site\" content=\"@EfixNet\" \/>\n<meta name=\"twitter:label1\" content=\"Est. tempo de leitura\" \/>\n\t<meta name=\"twitter:data1\" content=\"1 minuto\" \/>\n<script type=\"application\/ld+json\" class=\"yoast-schema-graph\">{\"@context\":\"https:\/\/schema.org\",\"@graph\":[{\"@type\":\"WebPage\",\"@id\":\"https:\/\/talent.efix.net\/pt\/a-efix\/misao-visao-e-valores\/\",\"url\":\"https:\/\/talent.efix.net\/pt\/a-efix\/misao-visao-e-valores\/\",\"name\":\"Efix | Miss\u00e3o, Vis\u00e3o e Valores\",\"isPartOf\":{\"@id\":\"https:\/\/talent.efix.net\/pt\/#website\"},\"primaryImageOfPage\":{\"@id\":\"https:\/\/talent.efix.net\/pt\/a-efix\/misao-visao-e-valores\/#primaryimage\"},\"image\":{\"@id\":\"https:\/\/talent.efix.net\/pt\/a-efix\/misao-visao-e-valores\/#primaryimage\"},\"thumbnailUrl\":\"https:\/\/talent.efix.net\/pt\/wp-content\/uploads\/sites\/2\/2011\/07\/missao_visao_valores.jpg\",\"datePublished\":\"2011-07-28T21:56:29+00:00\",\"dateModified\":\"2024-03-13T21:03:08+00:00\",\"description\":\"Com valores s\u00f3lidos, a Efix tem a miss\u00e3o de de ser um centro de pesquisa e desenvolvimento de solu\u00e7\u00f5es tecnol\u00f3gicas inovadoras.\",\"breadcrumb\":{\"@id\":\"https:\/\/talent.efix.net\/pt\/a-efix\/misao-visao-e-valores\/#breadcrumb\"},\"inLanguage\":\"pt-BR\",\"potentialAction\":[{\"@type\":\"ReadAction\",\"target\":[\"https:\/\/talent.efix.net\/pt\/a-efix\/misao-visao-e-valores\/\"]}]},{\"@type\":\"ImageObject\",\"inLanguage\":\"pt-BR\",\"@id\":\"https:\/\/talent.efix.net\/pt\/a-efix\/misao-visao-e-valores\/#primaryimage\",\"url\":\"https:\/\/talent.efix.net\/pt\/wp-content\/uploads\/sites\/2\/2011\/07\/missao_visao_valores.jpg\",\"contentUrl\":\"https:\/\/talent.efix.net\/pt\/wp-content\/uploads\/sites\/2\/2011\/07\/missao_visao_valores.jpg\",\"width\":\"962\",\"height\":\"137\"},{\"@type\":\"BreadcrumbList\",\"@id\":\"https:\/\/talent.efix.net\/pt\/a-efix\/misao-visao-e-valores\/#breadcrumb\",\"itemListElement\":[{\"@type\":\"ListItem\",\"position\":1,\"name\":\"Home\",\"item\":\"https:\/\/talent.efix.net\/pt\/\"},{\"@type\":\"ListItem\",\"position\":2,\"name\":\"A Efix\",\"item\":\"https:\/\/talent.efix.net\/pt\/a-efix\/\"},{\"@type\":\"ListItem\",\"position\":3,\"name\":\"Miss\u00e3o, vis\u00e3o e valores\"}]},{\"@type\":\"WebSite\",\"@id\":\"https:\/\/talent.efix.net\/pt\/#website\",\"url\":\"https:\/\/talent.efix.net\/pt\/\",\"name\":\"Efix\",\"description\":\"Solu\u00e7\u00f5es para Gest\u00e3o e Desenvolvimento de Pessoas\",\"publisher\":{\"@id\":\"https:\/\/talent.efix.net\/pt\/#organization\"},\"potentialAction\":[{\"@type\":\"SearchAction\",\"target\":{\"@type\":\"EntryPoint\",\"urlTemplate\":\"https:\/\/talent.efix.net\/pt\/?s={search_term_string}\"},\"query-input\":\"required name=search_term_string\"}],\"inLanguage\":\"pt-BR\"},{\"@type\":\"Organization\",\"@id\":\"https:\/\/talent.efix.net\/pt\/#organization\",\"name\":\"Efix\",\"url\":\"https:\/\/talent.efix.net\/pt\/\",\"logo\":{\"@type\":\"ImageObject\",\"inLanguage\":\"pt-BR\",\"@id\":\"https:\/\/talent.efix.net\/pt\/#\/schema\/logo\/image\/\",\"url\":\"https:\/\/talent.efix.net\/pt\/wp-content\/uploads\/sites\/2\/2024\/03\/logo.png\",\"contentUrl\":\"https:\/\/talent.efix.net\/pt\/wp-content\/uploads\/sites\/2\/2024\/03\/logo.png\",\"width\":103,\"height\":77,\"caption\":\"Efix\"},\"image\":{\"@id\":\"https:\/\/talent.efix.net\/pt\/#\/schema\/logo\/image\/\"},\"sameAs\":[\"https:\/\/www.facebook.com\/efixnet\",\"https:\/\/twitter.com\/EfixNet\"]}]}<\/script>\n<!-- \/ Yoast SEO plugin. -->","yoast_head_json":{"title":"Efix | Miss\u00e3o, Vis\u00e3o e Valores","description":"Com valores s\u00f3lidos, a Efix tem a miss\u00e3o de de ser um centro de pesquisa e desenvolvimento de solu\u00e7\u00f5es tecnol\u00f3gicas inovadoras.","robots":{"index":"index","follow":"follow","max-snippet":"max-snippet:-1","max-image-preview":"max-image-preview:large","max-video-preview":"max-video-preview:-1"},"canonical":"https:\/\/talent.efix.net\/pt\/a-efix\/misao-visao-e-valores\/","og_locale":"pt_BR","og_type":"article","og_title":"Efix | Miss\u00e3o, Vis\u00e3o e Valores","og_description":"Com valores s\u00f3lidos, a Efix tem a miss\u00e3o de de ser um centro de pesquisa e desenvolvimento de solu\u00e7\u00f5es tecnol\u00f3gicas inovadoras.","og_url":"https:\/\/talent.efix.net\/pt\/a-efix\/misao-visao-e-valores\/","og_site_name":"Efix Portugu\u00eas","article_publisher":"https:\/\/www.facebook.com\/efixnet","article_modified_time":"2024-03-13T21:03:08+00:00","og_image":[{"width":"962","height":"137","url":"https:\/\/talent.efix.net\/pt\/wp-content\/uploads\/sites\/2\/2011\/07\/missao_visao_valores.jpg","type":"image\/jpeg"}],"twitter_card":"summary_large_image","twitter_site":"@EfixNet","twitter_misc":{"Est. tempo de leitura":"1 minuto"},"schema":{"@context":"https:\/\/schema.org","@graph":[{"@type":"WebPage","@id":"https:\/\/talent.efix.net\/pt\/a-efix\/misao-visao-e-valores\/","url":"https:\/\/talent.efix.net\/pt\/a-efix\/misao-visao-e-valores\/","name":"Efix | Miss\u00e3o, Vis\u00e3o e Valores","isPartOf":{"@id":"https:\/\/talent.efix.net\/pt\/#website"},"primaryImageOfPage":{"@id":"https:\/\/talent.efix.net\/pt\/a-efix\/misao-visao-e-valores\/#primaryimage"},"image":{"@id":"https:\/\/talent.efix.net\/pt\/a-efix\/misao-visao-e-valores\/#primaryimage"},"thumbnailUrl":"https:\/\/talent.efix.net\/pt\/wp-content\/uploads\/sites\/2\/2011\/07\/missao_visao_valores.jpg","datePublished":"2011-07-28T21:56:29+00:00","dateModified":"2024-03-13T21:03:08+00:00","description":"Com valores s\u00f3lidos, a Efix tem a miss\u00e3o de de ser um centro de pesquisa e desenvolvimento de solu\u00e7\u00f5es tecnol\u00f3gicas inovadoras.","breadcrumb":{"@id":"https:\/\/talent.efix.net\/pt\/a-efix\/misao-visao-e-valores\/#breadcrumb"},"inLanguage":"pt-BR","potentialAction":[{"@type":"ReadAction","target":["https:\/\/talent.efix.net\/pt\/a-efix\/misao-visao-e-valores\/"]}]},{"@type":"ImageObject","inLanguage":"pt-BR","@id":"https:\/\/talent.efix.net\/pt\/a-efix\/misao-visao-e-valores\/#primaryimage","url":"https:\/\/talent.efix.net\/pt\/wp-content\/uploads\/sites\/2\/2011\/07\/missao_visao_valores.jpg","contentUrl":"https:\/\/talent.efix.net\/pt\/wp-content\/uploads\/sites\/2\/2011\/07\/missao_visao_valores.jpg","width":"962","height":"137"},{"@type":"BreadcrumbList","@id":"https:\/\/talent.efix.net\/pt\/a-efix\/misao-visao-e-valores\/#breadcrumb","itemListElement":[{"@type":"ListItem","position":1,"name":"Home","item":"https:\/\/talent.efix.net\/pt\/"},{"@type":"ListItem","position":2,"name":"A Efix","item":"https:\/\/talent.efix.net\/pt\/a-efix\/"},{"@type":"ListItem","position":3,"name":"Miss\u00e3o, vis\u00e3o e valores"}]},{"@type":"WebSite","@id":"https:\/\/talent.efix.net\/pt\/#website","url":"https:\/\/talent.efix.net\/pt\/","name":"Efix","description":"Solu\u00e7\u00f5es para Gest\u00e3o e Desenvolvimento de Pessoas","publisher":{"@id":"https:\/\/talent.efix.net\/pt\/#organization"},"potentialAction":[{"@type":"SearchAction","target":{"@type":"EntryPoint","urlTemplate":"https:\/\/talent.efix.net\/pt\/?s={search_term_string}"},"query-input":"required name=search_term_string"}],"inLanguage":"pt-BR"},{"@type":"Organization","@id":"https:\/\/talent.efix.net\/pt\/#organization","name":"Efix","url":"https:\/\/talent.efix.net\/pt\/","logo":{"@type":"ImageObject","inLanguage":"pt-BR","@id":"https:\/\/talent.efix.net\/pt\/#\/schema\/logo\/image\/","url":"https:\/\/talent.efix.net\/pt\/wp-content\/uploads\/sites\/2\/2024\/03\/logo.png","contentUrl":"https:\/\/talent.efix.net\/pt\/wp-content\/uploads\/sites\/2\/2024\/03\/logo.png","width":103,"height":77,"caption":"Efix"},"image":{"@id":"https:\/\/talent.efix.net\/pt\/#\/schema\/logo\/image\/"},"sameAs":["https:\/\/www.facebook.com\/efixnet","https:\/\/twitter.com\/EfixNet"]}]}},"_links":{"self":[{"href":"https:\/\/talent.efix.net\/pt\/wp-json\/wp\/v2\/pages\/28"}],"collection":[{"href":"https:\/\/talent.efix.net\/pt\/wp-json\/wp\/v2\/pages"}],"about":[{"href":"https:\/\/talent.efix.net\/pt\/wp-json\/wp\/v2\/types\/page"}],"author":[{"embeddable":true,"href":"https:\/\/talent.efix.net\/pt\/wp-json\/wp\/v2\/users\/1"}],"replies":[{"embeddable":true,"href":"https:\/\/talent.efix.net\/pt\/wp-json\/wp\/v2\/comments?post=28"}],"version-history":[{"count":3,"href":"https:\/\/talent.efix.net\/pt\/wp-json\/wp\/v2\/pages\/28\/revisions"}],"predecessor-version":[{"id":2121,"href":"https:\/\/talent.efix.net\/pt\/wp-json\/wp\/v2\/pages\/28\/revisions\/2121"}],"up":[{"embeddable":true,"href":"https:\/\/talent.efix.net\/pt\/wp-json\/wp\/v2\/pages\/156"}],"wp:featuredmedia":[{"embeddable":true,"href":"https:\/\/talent.efix.net\/pt\/wp-json\/wp\/v2\/media\/324"}],"wp:attachment":[{"href":"https:\/\/talent.efix.net\/pt\/wp-json\/wp\/v2\/media?parent=28"}],"curies":[{"name":"wp","href":"https:\/\/api.w.org\/{rel}","templated":true}]}}