{"id":24,"date":"2011-07-28T21:55:47","date_gmt":"2011-07-28T21:55:47","guid":{"rendered":"http:\/\/talent.efix.net\/teste\/pt\/?page_id=24"},"modified":"2024-03-13T17:53:27","modified_gmt":"2024-03-13T20:53:27","slug":"historia","status":"publish","type":"page","link":"https:\/\/talent.efix.net\/pt\/a-efix\/historia\/","title":{"rendered":"Hist\u00f3ria"},"content":{"rendered":"<p>Os fundadores da <em><strong>Efix<\/strong><\/em> perceberam, j\u00e1 nos anos 90, que muitas empresas brasileiras caminhavam para se tornar multinacionais globais. Por essa raz\u00e3o, elas necessitariam de sistemas de gest\u00e3o de pessoas que, mesmo globais, entendessem a realidade cultural das empresas brasileiras e latino-americanas.<br \/>\nNesse sentido, os s\u00f3cios da <em><strong>Efix<\/strong><\/em> Tecnologia desenvolveram, com o posterior apoio da FAPESP, um sistema de gest\u00e3o de pessoas voltada para a realidade de empresas latino-americanas com ambi\u00e7\u00f5es globais, o que levou ao nascimento da empresa em 1998.<br \/>\nEsse sistema est\u00e1 totalmente orientado \u00e0 gest\u00e3o estrat\u00e9gica de pessoas e foi desenvolvido para ser facilmente usado pela web. Ele d\u00e1 total suporte a atividades como:<\/p>\n<ul>\n<li>Avalia\u00e7\u00e3o e Gest\u00e3o Compet\u00eancias e Desempenho<\/li>\n<li>Pesquisa e Mudan\u00e7a de Clima Organizacional<\/li>\n<li>Gest\u00e3o da Aprendizagem Presencial e via E-Learning<\/li>\n<\/ul>\n<p>Mais do que apoiar empresas l\u00edderes de mercado no desenvolvimento e implementa\u00e7\u00e3o de solu\u00e7\u00f5es para gest\u00e3o de pessoas, a <em><strong>Efix<\/strong><\/em> tem uma forte preocupa\u00e7\u00e3o com o desenvolvimento das pequenas empresas, pois disponibiliza seu software de gest\u00e3o gratuitamente para aquelas com at\u00e9 dez empregados.<br \/>\nCom a\u00e7\u00f5es premiadas, como o pr\u00eamio e-Learning Brasil, obtido pela Votorantim Cimentos e pelo Ibmec S\u00e3o Paulo em 2004, a <em><strong>Efix<\/strong><\/em> acredita que o diferencial competitivo de toda empresa est\u00e1 no desenvolvimento e na boa gest\u00e3o de suas pessoas.<\/p>\n","protected":false},"excerpt":{"rendered":"<p>Os fundadores da Efix perceberam, j\u00e1 nos anos 90, que muitas empresas brasileiras caminhavam para se tornar multinacionais globais. Por essa raz\u00e3o, elas necessitariam de sistemas de gest\u00e3o de pessoas que, mesmo globais, entendessem a realidade cultural das empresas brasileiras e latino-americanas. Nesse sentido, os s\u00f3cios da Efix Tecnologia desenvolveram, com o posterior apoio da FAPESP, um sistema de gest\u00e3o de pessoas voltada para a realidade de empresas latino-americanas com ambi\u00e7\u00f5es globais, o que levou ao nascimento da empresa em 1998. Esse sistema est\u00e1 totalmente orientado \u00e0 gest\u00e3o estrat\u00e9gica de pessoas e foi desenvolvido para ser facilmente usado pela web. [&hellip;]<\/p>\n","protected":false},"author":1,"featured_media":322,"parent":156,"menu_order":1,"comment_status":"open","ping_status":"closed","template":"modelo-a-efix.php","meta":{"footnotes":""},"yoast_head":"<!-- This site is optimized with the Yoast SEO plugin v22.2 - https:\/\/yoast.com\/wordpress\/plugins\/seo\/ -->\n<title>Efix | Hist\u00f3ria<\/title>\n<meta name=\"description\" content=\"Desde os anos 90, a Efix vem atuando de forma pioneira em sistemas Cloud e de gest\u00e3o estrat\u00e9gica de pessoas.\" \/>\n<meta name=\"robots\" content=\"index, follow, max-snippet:-1, max-image-preview:large, max-video-preview:-1\" \/>\n<link rel=\"canonical\" href=\"https:\/\/talent.efix.net\/pt\/a-efix\/historia\/\" \/>\n<meta property=\"og:locale\" content=\"pt_BR\" \/>\n<meta property=\"og:type\" content=\"article\" \/>\n<meta property=\"og:title\" content=\"Efix | Hist\u00f3ria\" \/>\n<meta property=\"og:description\" content=\"Desde os anos 90, a Efix vem atuando de forma pioneira em sistemas Cloud e de gest\u00e3o estrat\u00e9gica de pessoas.\" \/>\n<meta property=\"og:url\" content=\"https:\/\/talent.efix.net\/pt\/a-efix\/historia\/\" \/>\n<meta property=\"og:site_name\" content=\"Efix Portugu\u00eas\" \/>\n<meta property=\"article:publisher\" content=\"https:\/\/www.facebook.com\/efixnet\" \/>\n<meta property=\"article:modified_time\" content=\"2024-03-13T20:53:27+00:00\" \/>\n<meta property=\"og:image\" content=\"https:\/\/talent.efix.net\/pt\/wp-content\/uploads\/sites\/2\/2011\/07\/historia.jpg\" \/>\n\t<meta property=\"og:image:width\" content=\"962\" \/>\n\t<meta property=\"og:image:height\" content=\"137\" \/>\n\t<meta property=\"og:image:type\" content=\"image\/jpeg\" \/>\n<meta name=\"twitter:card\" content=\"summary_large_image\" \/>\n<meta name=\"twitter:site\" content=\"@EfixNet\" \/>\n<meta name=\"twitter:label1\" content=\"Est. tempo de leitura\" \/>\n\t<meta name=\"twitter:data1\" content=\"2 minutos\" \/>\n<script type=\"application\/ld+json\" class=\"yoast-schema-graph\">{\"@context\":\"https:\/\/schema.org\",\"@graph\":[{\"@type\":\"WebPage\",\"@id\":\"https:\/\/talent.efix.net\/pt\/a-efix\/historia\/\",\"url\":\"https:\/\/talent.efix.net\/pt\/a-efix\/historia\/\",\"name\":\"Efix | Hist\u00f3ria\",\"isPartOf\":{\"@id\":\"https:\/\/talent.efix.net\/pt\/#website\"},\"primaryImageOfPage\":{\"@id\":\"https:\/\/talent.efix.net\/pt\/a-efix\/historia\/#primaryimage\"},\"image\":{\"@id\":\"https:\/\/talent.efix.net\/pt\/a-efix\/historia\/#primaryimage\"},\"thumbnailUrl\":\"https:\/\/talent.efix.net\/pt\/wp-content\/uploads\/sites\/2\/2011\/07\/historia.jpg\",\"datePublished\":\"2011-07-28T21:55:47+00:00\",\"dateModified\":\"2024-03-13T20:53:27+00:00\",\"description\":\"Desde os anos 90, a Efix vem atuando de forma pioneira em sistemas Cloud e de gest\u00e3o estrat\u00e9gica de pessoas.\",\"breadcrumb\":{\"@id\":\"https:\/\/talent.efix.net\/pt\/a-efix\/historia\/#breadcrumb\"},\"inLanguage\":\"pt-BR\",\"potentialAction\":[{\"@type\":\"ReadAction\",\"target\":[\"https:\/\/talent.efix.net\/pt\/a-efix\/historia\/\"]}]},{\"@type\":\"ImageObject\",\"inLanguage\":\"pt-BR\",\"@id\":\"https:\/\/talent.efix.net\/pt\/a-efix\/historia\/#primaryimage\",\"url\":\"https:\/\/talent.efix.net\/pt\/wp-content\/uploads\/sites\/2\/2011\/07\/historia.jpg\",\"contentUrl\":\"https:\/\/talent.efix.net\/pt\/wp-content\/uploads\/sites\/2\/2011\/07\/historia.jpg\",\"width\":\"962\",\"height\":\"137\"},{\"@type\":\"BreadcrumbList\",\"@id\":\"https:\/\/talent.efix.net\/pt\/a-efix\/historia\/#breadcrumb\",\"itemListElement\":[{\"@type\":\"ListItem\",\"position\":1,\"name\":\"Home\",\"item\":\"https:\/\/talent.efix.net\/pt\/\"},{\"@type\":\"ListItem\",\"position\":2,\"name\":\"A Efix\",\"item\":\"https:\/\/talent.efix.net\/pt\/a-efix\/\"},{\"@type\":\"ListItem\",\"position\":3,\"name\":\"Hist\u00f3ria\"}]},{\"@type\":\"WebSite\",\"@id\":\"https:\/\/talent.efix.net\/pt\/#website\",\"url\":\"https:\/\/talent.efix.net\/pt\/\",\"name\":\"Efix\",\"description\":\"Solu\u00e7\u00f5es para Gest\u00e3o e Desenvolvimento de Pessoas\",\"publisher\":{\"@id\":\"https:\/\/talent.efix.net\/pt\/#organization\"},\"potentialAction\":[{\"@type\":\"SearchAction\",\"target\":{\"@type\":\"EntryPoint\",\"urlTemplate\":\"https:\/\/talent.efix.net\/pt\/?s={search_term_string}\"},\"query-input\":\"required name=search_term_string\"}],\"inLanguage\":\"pt-BR\"},{\"@type\":\"Organization\",\"@id\":\"https:\/\/talent.efix.net\/pt\/#organization\",\"name\":\"Efix\",\"url\":\"https:\/\/talent.efix.net\/pt\/\",\"logo\":{\"@type\":\"ImageObject\",\"inLanguage\":\"pt-BR\",\"@id\":\"https:\/\/talent.efix.net\/pt\/#\/schema\/logo\/image\/\",\"url\":\"https:\/\/talent.efix.net\/pt\/wp-content\/uploads\/sites\/2\/2024\/03\/logo.png\",\"contentUrl\":\"https:\/\/talent.efix.net\/pt\/wp-content\/uploads\/sites\/2\/2024\/03\/logo.png\",\"width\":103,\"height\":77,\"caption\":\"Efix\"},\"image\":{\"@id\":\"https:\/\/talent.efix.net\/pt\/#\/schema\/logo\/image\/\"},\"sameAs\":[\"https:\/\/www.facebook.com\/efixnet\",\"https:\/\/twitter.com\/EfixNet\"]}]}<\/script>\n<!-- \/ Yoast SEO plugin. -->","yoast_head_json":{"title":"Efix | Hist\u00f3ria","description":"Desde os anos 90, a Efix vem atuando de forma pioneira em sistemas Cloud e de gest\u00e3o estrat\u00e9gica de pessoas.","robots":{"index":"index","follow":"follow","max-snippet":"max-snippet:-1","max-image-preview":"max-image-preview:large","max-video-preview":"max-video-preview:-1"},"canonical":"https:\/\/talent.efix.net\/pt\/a-efix\/historia\/","og_locale":"pt_BR","og_type":"article","og_title":"Efix | Hist\u00f3ria","og_description":"Desde os anos 90, a Efix vem atuando de forma pioneira em sistemas Cloud e de gest\u00e3o estrat\u00e9gica de pessoas.","og_url":"https:\/\/talent.efix.net\/pt\/a-efix\/historia\/","og_site_name":"Efix Portugu\u00eas","article_publisher":"https:\/\/www.facebook.com\/efixnet","article_modified_time":"2024-03-13T20:53:27+00:00","og_image":[{"width":"962","height":"137","url":"https:\/\/talent.efix.net\/pt\/wp-content\/uploads\/sites\/2\/2011\/07\/historia.jpg","type":"image\/jpeg"}],"twitter_card":"summary_large_image","twitter_site":"@EfixNet","twitter_misc":{"Est. tempo de leitura":"2 minutos"},"schema":{"@context":"https:\/\/schema.org","@graph":[{"@type":"WebPage","@id":"https:\/\/talent.efix.net\/pt\/a-efix\/historia\/","url":"https:\/\/talent.efix.net\/pt\/a-efix\/historia\/","name":"Efix | Hist\u00f3ria","isPartOf":{"@id":"https:\/\/talent.efix.net\/pt\/#website"},"primaryImageOfPage":{"@id":"https:\/\/talent.efix.net\/pt\/a-efix\/historia\/#primaryimage"},"image":{"@id":"https:\/\/talent.efix.net\/pt\/a-efix\/historia\/#primaryimage"},"thumbnailUrl":"https:\/\/talent.efix.net\/pt\/wp-content\/uploads\/sites\/2\/2011\/07\/historia.jpg","datePublished":"2011-07-28T21:55:47+00:00","dateModified":"2024-03-13T20:53:27+00:00","description":"Desde os anos 90, a Efix vem atuando de forma pioneira em sistemas Cloud e de gest\u00e3o estrat\u00e9gica de pessoas.","breadcrumb":{"@id":"https:\/\/talent.efix.net\/pt\/a-efix\/historia\/#breadcrumb"},"inLanguage":"pt-BR","potentialAction":[{"@type":"ReadAction","target":["https:\/\/talent.efix.net\/pt\/a-efix\/historia\/"]}]},{"@type":"ImageObject","inLanguage":"pt-BR","@id":"https:\/\/talent.efix.net\/pt\/a-efix\/historia\/#primaryimage","url":"https:\/\/talent.efix.net\/pt\/wp-content\/uploads\/sites\/2\/2011\/07\/historia.jpg","contentUrl":"https:\/\/talent.efix.net\/pt\/wp-content\/uploads\/sites\/2\/2011\/07\/historia.jpg","width":"962","height":"137"},{"@type":"BreadcrumbList","@id":"https:\/\/talent.efix.net\/pt\/a-efix\/historia\/#breadcrumb","itemListElement":[{"@type":"ListItem","position":1,"name":"Home","item":"https:\/\/talent.efix.net\/pt\/"},{"@type":"ListItem","position":2,"name":"A Efix","item":"https:\/\/talent.efix.net\/pt\/a-efix\/"},{"@type":"ListItem","position":3,"name":"Hist\u00f3ria"}]},{"@type":"WebSite","@id":"https:\/\/talent.efix.net\/pt\/#website","url":"https:\/\/talent.efix.net\/pt\/","name":"Efix","description":"Solu\u00e7\u00f5es para Gest\u00e3o e Desenvolvimento de Pessoas","publisher":{"@id":"https:\/\/talent.efix.net\/pt\/#organization"},"potentialAction":[{"@type":"SearchAction","target":{"@type":"EntryPoint","urlTemplate":"https:\/\/talent.efix.net\/pt\/?s={search_term_string}"},"query-input":"required name=search_term_string"}],"inLanguage":"pt-BR"},{"@type":"Organization","@id":"https:\/\/talent.efix.net\/pt\/#organization","name":"Efix","url":"https:\/\/talent.efix.net\/pt\/","logo":{"@type":"ImageObject","inLanguage":"pt-BR","@id":"https:\/\/talent.efix.net\/pt\/#\/schema\/logo\/image\/","url":"https:\/\/talent.efix.net\/pt\/wp-content\/uploads\/sites\/2\/2024\/03\/logo.png","contentUrl":"https:\/\/talent.efix.net\/pt\/wp-content\/uploads\/sites\/2\/2024\/03\/logo.png","width":103,"height":77,"caption":"Efix"},"image":{"@id":"https:\/\/talent.efix.net\/pt\/#\/schema\/logo\/image\/"},"sameAs":["https:\/\/www.facebook.com\/efixnet","https:\/\/twitter.com\/EfixNet"]}]}},"_links":{"self":[{"href":"https:\/\/talent.efix.net\/pt\/wp-json\/wp\/v2\/pages\/24"}],"collection":[{"href":"https:\/\/talent.efix.net\/pt\/wp-json\/wp\/v2\/pages"}],"about":[{"href":"https:\/\/talent.efix.net\/pt\/wp-json\/wp\/v2\/types\/page"}],"author":[{"embeddable":true,"href":"https:\/\/talent.efix.net\/pt\/wp-json\/wp\/v2\/users\/1"}],"replies":[{"embeddable":true,"href":"https:\/\/talent.efix.net\/pt\/wp-json\/wp\/v2\/comments?post=24"}],"version-history":[{"count":1,"href":"https:\/\/talent.efix.net\/pt\/wp-json\/wp\/v2\/pages\/24\/revisions"}],"predecessor-version":[{"id":2120,"href":"https:\/\/talent.efix.net\/pt\/wp-json\/wp\/v2\/pages\/24\/revisions\/2120"}],"up":[{"embeddable":true,"href":"https:\/\/talent.efix.net\/pt\/wp-json\/wp\/v2\/pages\/156"}],"wp:featuredmedia":[{"embeddable":true,"href":"https:\/\/talent.efix.net\/pt\/wp-json\/wp\/v2\/media\/322"}],"wp:attachment":[{"href":"https:\/\/talent.efix.net\/pt\/wp-json\/wp\/v2\/media?parent=24"}],"curies":[{"name":"wp","href":"https:\/\/api.w.org\/{rel}","templated":true}]}}