{"id":156,"date":"2011-08-08T19:00:55","date_gmt":"2011-08-08T19:00:55","guid":{"rendered":"http:\/\/talent.efix.net\/teste\/pt\/?page_id=156"},"modified":"2024-03-13T16:58:35","modified_gmt":"2024-03-13T19:58:35","slug":"a-efix","status":"publish","type":"page","link":"https:\/\/talent.efix.net\/pt\/a-efix\/","title":{"rendered":"A Efix"},"content":{"rendered":"<p>A <em><strong>Efix<\/strong><\/em> nasceu da convic\u00e7\u00e3o de seus s\u00f3cios de que era preciso construir uma tecnologia de gest\u00e3o de pessoas que compreendesse a necessidade das empresas, sejam elas pequenas, m\u00e9dias ou grandes corpora\u00e7\u00f5es.<br \/>\nEmpresa com vis\u00e3o global, nascida no Brasil, a <em><strong>Efix<\/strong><\/em> entende como ningu\u00e9m a realidade das empresas brasileiras, oferecendo solu\u00e7\u00f5es pensadas para atender as necessidades das \u00e1reas de Gest\u00e3o de Pessoas de empresas brasileiras ou estrangeiras com atua\u00e7\u00e3o local ou global. Saiba mais sobre a empresa nesta p\u00e1gina.<\/p>\n","protected":false},"excerpt":{"rendered":"<p>A Efix nasceu da convic\u00e7\u00e3o de seus s\u00f3cios de que era preciso construir uma tecnologia de gest\u00e3o de pessoas que compreendesse a necessidade das empresas, sejam elas pequenas, m\u00e9dias ou grandes corpora\u00e7\u00f5es. Empresa com vis\u00e3o global, nascida no Brasil, a Efix entende como ningu\u00e9m a realidade das empresas brasileiras, oferecendo solu\u00e7\u00f5es pensadas para atender as necessidades das \u00e1reas de Gest\u00e3o de Pessoas de empresas brasileiras ou estrangeiras com atua\u00e7\u00e3o local ou global. Saiba mais sobre a empresa nesta p\u00e1gina.<\/p>\n","protected":false},"author":1,"featured_media":307,"parent":0,"menu_order":0,"comment_status":"open","ping_status":"open","template":"modelo-a-efix.php","meta":{"footnotes":""},"yoast_head":"<!-- This site is optimized with the Yoast SEO plugin v22.2 - https:\/\/yoast.com\/wordpress\/plugins\/seo\/ -->\n<title>Efix<\/title>\n<meta name=\"description\" content=\"A Efix \u00e9 pioneira tanto nas solu\u00e7\u00f5es em Cloud quanto em sistemas de gest\u00e3o estrat\u00e9gica de pessoas baseadas em ferramentas web.\" \/>\n<meta name=\"robots\" content=\"index, follow, max-snippet:-1, max-image-preview:large, max-video-preview:-1\" \/>\n<link rel=\"canonical\" href=\"https:\/\/talent.efix.net\/pt\/a-efix\/\" \/>\n<meta property=\"og:locale\" content=\"pt_BR\" \/>\n<meta property=\"og:type\" content=\"article\" \/>\n<meta property=\"og:title\" content=\"Efix\" \/>\n<meta property=\"og:description\" content=\"A Efix \u00e9 pioneira tanto nas solu\u00e7\u00f5es em Cloud quanto em sistemas de gest\u00e3o estrat\u00e9gica de pessoas baseadas em ferramentas web.\" \/>\n<meta property=\"og:url\" content=\"https:\/\/talent.efix.net\/pt\/a-efix\/\" \/>\n<meta property=\"og:site_name\" content=\"Efix Portugu\u00eas\" \/>\n<meta property=\"article:publisher\" content=\"https:\/\/www.facebook.com\/efixnet\" \/>\n<meta property=\"article:modified_time\" content=\"2024-03-13T19:58:35+00:00\" \/>\n<meta property=\"og:image\" content=\"https:\/\/talent.efix.net\/pt\/wp-content\/uploads\/sites\/2\/2011\/08\/aefix.jpg\" \/>\n\t<meta property=\"og:image:width\" content=\"962\" \/>\n\t<meta property=\"og:image:height\" content=\"137\" \/>\n\t<meta property=\"og:image:type\" content=\"image\/jpeg\" \/>\n<meta name=\"twitter:card\" content=\"summary_large_image\" \/>\n<meta name=\"twitter:site\" content=\"@EfixNet\" \/>\n<meta name=\"twitter:label1\" content=\"Est. tempo de leitura\" \/>\n\t<meta name=\"twitter:data1\" content=\"1 minuto\" \/>\n<script type=\"application\/ld+json\" class=\"yoast-schema-graph\">{\"@context\":\"https:\/\/schema.org\",\"@graph\":[{\"@type\":\"WebPage\",\"@id\":\"https:\/\/talent.efix.net\/pt\/a-efix\/\",\"url\":\"https:\/\/talent.efix.net\/pt\/a-efix\/\",\"name\":\"Efix\",\"isPartOf\":{\"@id\":\"https:\/\/talent.efix.net\/pt\/#website\"},\"primaryImageOfPage\":{\"@id\":\"https:\/\/talent.efix.net\/pt\/a-efix\/#primaryimage\"},\"image\":{\"@id\":\"https:\/\/talent.efix.net\/pt\/a-efix\/#primaryimage\"},\"thumbnailUrl\":\"https:\/\/talent.efix.net\/pt\/wp-content\/uploads\/sites\/2\/2011\/08\/aefix.jpg\",\"datePublished\":\"2011-08-08T19:00:55+00:00\",\"dateModified\":\"2024-03-13T19:58:35+00:00\",\"description\":\"A Efix \u00e9 pioneira tanto nas solu\u00e7\u00f5es em Cloud quanto em sistemas de gest\u00e3o estrat\u00e9gica de pessoas baseadas em ferramentas web.\",\"breadcrumb\":{\"@id\":\"https:\/\/talent.efix.net\/pt\/a-efix\/#breadcrumb\"},\"inLanguage\":\"pt-BR\",\"potentialAction\":[{\"@type\":\"ReadAction\",\"target\":[\"https:\/\/talent.efix.net\/pt\/a-efix\/\"]}]},{\"@type\":\"ImageObject\",\"inLanguage\":\"pt-BR\",\"@id\":\"https:\/\/talent.efix.net\/pt\/a-efix\/#primaryimage\",\"url\":\"https:\/\/talent.efix.net\/pt\/wp-content\/uploads\/sites\/2\/2011\/08\/aefix.jpg\",\"contentUrl\":\"https:\/\/talent.efix.net\/pt\/wp-content\/uploads\/sites\/2\/2011\/08\/aefix.jpg\",\"width\":\"962\",\"height\":\"137\"},{\"@type\":\"BreadcrumbList\",\"@id\":\"https:\/\/talent.efix.net\/pt\/a-efix\/#breadcrumb\",\"itemListElement\":[{\"@type\":\"ListItem\",\"position\":1,\"name\":\"Home\",\"item\":\"https:\/\/talent.efix.net\/pt\/\"},{\"@type\":\"ListItem\",\"position\":2,\"name\":\"A Efix\"}]},{\"@type\":\"WebSite\",\"@id\":\"https:\/\/talent.efix.net\/pt\/#website\",\"url\":\"https:\/\/talent.efix.net\/pt\/\",\"name\":\"Efix\",\"description\":\"Solu\u00e7\u00f5es para Gest\u00e3o e Desenvolvimento de Pessoas\",\"publisher\":{\"@id\":\"https:\/\/talent.efix.net\/pt\/#organization\"},\"potentialAction\":[{\"@type\":\"SearchAction\",\"target\":{\"@type\":\"EntryPoint\",\"urlTemplate\":\"https:\/\/talent.efix.net\/pt\/?s={search_term_string}\"},\"query-input\":\"required name=search_term_string\"}],\"inLanguage\":\"pt-BR\"},{\"@type\":\"Organization\",\"@id\":\"https:\/\/talent.efix.net\/pt\/#organization\",\"name\":\"Efix\",\"url\":\"https:\/\/talent.efix.net\/pt\/\",\"logo\":{\"@type\":\"ImageObject\",\"inLanguage\":\"pt-BR\",\"@id\":\"https:\/\/talent.efix.net\/pt\/#\/schema\/logo\/image\/\",\"url\":\"https:\/\/talent.efix.net\/pt\/wp-content\/uploads\/sites\/2\/2024\/03\/logo.png\",\"contentUrl\":\"https:\/\/talent.efix.net\/pt\/wp-content\/uploads\/sites\/2\/2024\/03\/logo.png\",\"width\":103,\"height\":77,\"caption\":\"Efix\"},\"image\":{\"@id\":\"https:\/\/talent.efix.net\/pt\/#\/schema\/logo\/image\/\"},\"sameAs\":[\"https:\/\/www.facebook.com\/efixnet\",\"https:\/\/twitter.com\/EfixNet\"]}]}<\/script>\n<!-- \/ Yoast SEO plugin. -->","yoast_head_json":{"title":"Efix","description":"A Efix \u00e9 pioneira tanto nas solu\u00e7\u00f5es em Cloud quanto em sistemas de gest\u00e3o estrat\u00e9gica de pessoas baseadas em ferramentas web.","robots":{"index":"index","follow":"follow","max-snippet":"max-snippet:-1","max-image-preview":"max-image-preview:large","max-video-preview":"max-video-preview:-1"},"canonical":"https:\/\/talent.efix.net\/pt\/a-efix\/","og_locale":"pt_BR","og_type":"article","og_title":"Efix","og_description":"A Efix \u00e9 pioneira tanto nas solu\u00e7\u00f5es em Cloud quanto em sistemas de gest\u00e3o estrat\u00e9gica de pessoas baseadas em ferramentas web.","og_url":"https:\/\/talent.efix.net\/pt\/a-efix\/","og_site_name":"Efix Portugu\u00eas","article_publisher":"https:\/\/www.facebook.com\/efixnet","article_modified_time":"2024-03-13T19:58:35+00:00","og_image":[{"width":"962","height":"137","url":"https:\/\/talent.efix.net\/pt\/wp-content\/uploads\/sites\/2\/2011\/08\/aefix.jpg","type":"image\/jpeg"}],"twitter_card":"summary_large_image","twitter_site":"@EfixNet","twitter_misc":{"Est. tempo de leitura":"1 minuto"},"schema":{"@context":"https:\/\/schema.org","@graph":[{"@type":"WebPage","@id":"https:\/\/talent.efix.net\/pt\/a-efix\/","url":"https:\/\/talent.efix.net\/pt\/a-efix\/","name":"Efix","isPartOf":{"@id":"https:\/\/talent.efix.net\/pt\/#website"},"primaryImageOfPage":{"@id":"https:\/\/talent.efix.net\/pt\/a-efix\/#primaryimage"},"image":{"@id":"https:\/\/talent.efix.net\/pt\/a-efix\/#primaryimage"},"thumbnailUrl":"https:\/\/talent.efix.net\/pt\/wp-content\/uploads\/sites\/2\/2011\/08\/aefix.jpg","datePublished":"2011-08-08T19:00:55+00:00","dateModified":"2024-03-13T19:58:35+00:00","description":"A Efix \u00e9 pioneira tanto nas solu\u00e7\u00f5es em Cloud quanto em sistemas de gest\u00e3o estrat\u00e9gica de pessoas baseadas em ferramentas web.","breadcrumb":{"@id":"https:\/\/talent.efix.net\/pt\/a-efix\/#breadcrumb"},"inLanguage":"pt-BR","potentialAction":[{"@type":"ReadAction","target":["https:\/\/talent.efix.net\/pt\/a-efix\/"]}]},{"@type":"ImageObject","inLanguage":"pt-BR","@id":"https:\/\/talent.efix.net\/pt\/a-efix\/#primaryimage","url":"https:\/\/talent.efix.net\/pt\/wp-content\/uploads\/sites\/2\/2011\/08\/aefix.jpg","contentUrl":"https:\/\/talent.efix.net\/pt\/wp-content\/uploads\/sites\/2\/2011\/08\/aefix.jpg","width":"962","height":"137"},{"@type":"BreadcrumbList","@id":"https:\/\/talent.efix.net\/pt\/a-efix\/#breadcrumb","itemListElement":[{"@type":"ListItem","position":1,"name":"Home","item":"https:\/\/talent.efix.net\/pt\/"},{"@type":"ListItem","position":2,"name":"A Efix"}]},{"@type":"WebSite","@id":"https:\/\/talent.efix.net\/pt\/#website","url":"https:\/\/talent.efix.net\/pt\/","name":"Efix","description":"Solu\u00e7\u00f5es para Gest\u00e3o e Desenvolvimento de Pessoas","publisher":{"@id":"https:\/\/talent.efix.net\/pt\/#organization"},"potentialAction":[{"@type":"SearchAction","target":{"@type":"EntryPoint","urlTemplate":"https:\/\/talent.efix.net\/pt\/?s={search_term_string}"},"query-input":"required name=search_term_string"}],"inLanguage":"pt-BR"},{"@type":"Organization","@id":"https:\/\/talent.efix.net\/pt\/#organization","name":"Efix","url":"https:\/\/talent.efix.net\/pt\/","logo":{"@type":"ImageObject","inLanguage":"pt-BR","@id":"https:\/\/talent.efix.net\/pt\/#\/schema\/logo\/image\/","url":"https:\/\/talent.efix.net\/pt\/wp-content\/uploads\/sites\/2\/2024\/03\/logo.png","contentUrl":"https:\/\/talent.efix.net\/pt\/wp-content\/uploads\/sites\/2\/2024\/03\/logo.png","width":103,"height":77,"caption":"Efix"},"image":{"@id":"https:\/\/talent.efix.net\/pt\/#\/schema\/logo\/image\/"},"sameAs":["https:\/\/www.facebook.com\/efixnet","https:\/\/twitter.com\/EfixNet"]}]}},"_links":{"self":[{"href":"https:\/\/talent.efix.net\/pt\/wp-json\/wp\/v2\/pages\/156"}],"collection":[{"href":"https:\/\/talent.efix.net\/pt\/wp-json\/wp\/v2\/pages"}],"about":[{"href":"https:\/\/talent.efix.net\/pt\/wp-json\/wp\/v2\/types\/page"}],"author":[{"embeddable":true,"href":"https:\/\/talent.efix.net\/pt\/wp-json\/wp\/v2\/users\/1"}],"replies":[{"embeddable":true,"href":"https:\/\/talent.efix.net\/pt\/wp-json\/wp\/v2\/comments?post=156"}],"version-history":[{"count":1,"href":"https:\/\/talent.efix.net\/pt\/wp-json\/wp\/v2\/pages\/156\/revisions"}],"predecessor-version":[{"id":2119,"href":"https:\/\/talent.efix.net\/pt\/wp-json\/wp\/v2\/pages\/156\/revisions\/2119"}],"wp:featuredmedia":[{"embeddable":true,"href":"https:\/\/talent.efix.net\/pt\/wp-json\/wp\/v2\/media\/307"}],"wp:attachment":[{"href":"https:\/\/talent.efix.net\/pt\/wp-json\/wp\/v2\/media?parent=156"}],"curies":[{"name":"wp","href":"https:\/\/api.w.org\/{rel}","templated":true}]}}