{"id":15,"date":"2011-07-28T21:54:41","date_gmt":"2011-07-29T00:54:41","guid":{"rendered":"http:\/\/talent.efix.net\/teste\/pt\/?page_id=15"},"modified":"2024-03-13T16:48:12","modified_gmt":"2024-03-13T19:48:12","slug":"contato","status":"publish","type":"page","link":"https:\/\/talent.efix.net\/pt\/contato\/","title":{"rendered":"Contato"},"content":{"rendered":"<p>Preencha o formul\u00e1rio e a Efix entrar\u00e1 em contato com voc\u00ea. Se preferir, voc\u00ea pode nos acessar por qualquer canal no rodap\u00e9 da p\u00e1gina.<\/p>\n","protected":false},"excerpt":{"rendered":"<p>Preencha o formul\u00e1rio e a Efix entrar\u00e1 em contato com voc\u00ea. Se preferir, voc\u00ea pode nos acessar por qualquer canal no rodap\u00e9 da p\u00e1gina.<\/p>\n","protected":false},"author":1,"featured_media":318,"parent":0,"menu_order":7,"comment_status":"open","ping_status":"closed","template":"modelo-contato.php","meta":{"footnotes":""},"yoast_head":"<!-- This site is optimized with the Yoast SEO plugin v22.2 - https:\/\/yoast.com\/wordpress\/plugins\/seo\/ -->\n<title>Efix | Contato<\/title>\n<meta name=\"description\" content=\"Preencha o formul\u00e1rio e a Efix entrar\u00e1 em contato com voc\u00ea. Se preferir, voc\u00ea pode nos acessar por qualquer canal no rodap\u00e9 da p\u00e1gina.\" \/>\n<meta name=\"robots\" content=\"index, follow, max-snippet:-1, max-image-preview:large, max-video-preview:-1\" \/>\n<link rel=\"canonical\" href=\"https:\/\/talent.efix.net\/pt\/contato\/\" \/>\n<meta property=\"og:locale\" content=\"pt_BR\" \/>\n<meta property=\"og:type\" content=\"article\" \/>\n<meta property=\"og:title\" content=\"Efix | Contato\" \/>\n<meta property=\"og:description\" content=\"Preencha o formul\u00e1rio e a Efix entrar\u00e1 em contato com voc\u00ea. Se preferir, voc\u00ea pode nos acessar por qualquer canal no rodap\u00e9 da p\u00e1gina.\" \/>\n<meta property=\"og:url\" content=\"https:\/\/talent.efix.net\/pt\/contato\/\" \/>\n<meta property=\"og:site_name\" content=\"Efix Portugu\u00eas\" \/>\n<meta property=\"article:publisher\" content=\"https:\/\/www.facebook.com\/efixnet\" \/>\n<meta property=\"article:modified_time\" content=\"2024-03-13T19:48:12+00:00\" \/>\n<meta property=\"og:image\" content=\"https:\/\/talent.efix.net\/pt\/wp-content\/uploads\/sites\/2\/2011\/07\/contato.jpg\" \/>\n\t<meta property=\"og:image:width\" content=\"962\" \/>\n\t<meta property=\"og:image:height\" content=\"137\" \/>\n\t<meta property=\"og:image:type\" content=\"image\/jpeg\" \/>\n<meta name=\"twitter:card\" content=\"summary_large_image\" \/>\n<meta name=\"twitter:site\" content=\"@EfixNet\" \/>\n<meta name=\"twitter:label1\" content=\"Est. tempo de leitura\" \/>\n\t<meta name=\"twitter:data1\" content=\"1 minuto\" \/>\n<script type=\"application\/ld+json\" class=\"yoast-schema-graph\">{\"@context\":\"https:\/\/schema.org\",\"@graph\":[{\"@type\":\"WebPage\",\"@id\":\"https:\/\/talent.efix.net\/pt\/contato\/\",\"url\":\"https:\/\/talent.efix.net\/pt\/contato\/\",\"name\":\"Efix | Contato\",\"isPartOf\":{\"@id\":\"https:\/\/talent.efix.net\/pt\/#website\"},\"primaryImageOfPage\":{\"@id\":\"https:\/\/talent.efix.net\/pt\/contato\/#primaryimage\"},\"image\":{\"@id\":\"https:\/\/talent.efix.net\/pt\/contato\/#primaryimage\"},\"thumbnailUrl\":\"https:\/\/talent.efix.net\/pt\/wp-content\/uploads\/sites\/2\/2011\/07\/contato.jpg\",\"datePublished\":\"2011-07-29T00:54:41+00:00\",\"dateModified\":\"2024-03-13T19:48:12+00:00\",\"description\":\"Preencha o formul\u00e1rio e a Efix entrar\u00e1 em contato com voc\u00ea. Se preferir, voc\u00ea pode nos acessar por qualquer canal no rodap\u00e9 da p\u00e1gina.\",\"breadcrumb\":{\"@id\":\"https:\/\/talent.efix.net\/pt\/contato\/#breadcrumb\"},\"inLanguage\":\"pt-BR\",\"potentialAction\":[{\"@type\":\"ReadAction\",\"target\":[\"https:\/\/talent.efix.net\/pt\/contato\/\"]}]},{\"@type\":\"ImageObject\",\"inLanguage\":\"pt-BR\",\"@id\":\"https:\/\/talent.efix.net\/pt\/contato\/#primaryimage\",\"url\":\"https:\/\/talent.efix.net\/pt\/wp-content\/uploads\/sites\/2\/2011\/07\/contato.jpg\",\"contentUrl\":\"https:\/\/talent.efix.net\/pt\/wp-content\/uploads\/sites\/2\/2011\/07\/contato.jpg\",\"width\":\"962\",\"height\":\"137\"},{\"@type\":\"BreadcrumbList\",\"@id\":\"https:\/\/talent.efix.net\/pt\/contato\/#breadcrumb\",\"itemListElement\":[{\"@type\":\"ListItem\",\"position\":1,\"name\":\"Home\",\"item\":\"https:\/\/talent.efix.net\/pt\/\"},{\"@type\":\"ListItem\",\"position\":2,\"name\":\"Contato\"}]},{\"@type\":\"WebSite\",\"@id\":\"https:\/\/talent.efix.net\/pt\/#website\",\"url\":\"https:\/\/talent.efix.net\/pt\/\",\"name\":\"Efix\",\"description\":\"Solu\u00e7\u00f5es para Gest\u00e3o e Desenvolvimento de Pessoas\",\"publisher\":{\"@id\":\"https:\/\/talent.efix.net\/pt\/#organization\"},\"potentialAction\":[{\"@type\":\"SearchAction\",\"target\":{\"@type\":\"EntryPoint\",\"urlTemplate\":\"https:\/\/talent.efix.net\/pt\/?s={search_term_string}\"},\"query-input\":\"required name=search_term_string\"}],\"inLanguage\":\"pt-BR\"},{\"@type\":\"Organization\",\"@id\":\"https:\/\/talent.efix.net\/pt\/#organization\",\"name\":\"Efix\",\"url\":\"https:\/\/talent.efix.net\/pt\/\",\"logo\":{\"@type\":\"ImageObject\",\"inLanguage\":\"pt-BR\",\"@id\":\"https:\/\/talent.efix.net\/pt\/#\/schema\/logo\/image\/\",\"url\":\"https:\/\/talent.efix.net\/pt\/wp-content\/uploads\/sites\/2\/2024\/03\/logo.png\",\"contentUrl\":\"https:\/\/talent.efix.net\/pt\/wp-content\/uploads\/sites\/2\/2024\/03\/logo.png\",\"width\":103,\"height\":77,\"caption\":\"Efix\"},\"image\":{\"@id\":\"https:\/\/talent.efix.net\/pt\/#\/schema\/logo\/image\/\"},\"sameAs\":[\"https:\/\/www.facebook.com\/efixnet\",\"https:\/\/twitter.com\/EfixNet\"]}]}<\/script>\n<!-- \/ Yoast SEO plugin. -->","yoast_head_json":{"title":"Efix | Contato","description":"Preencha o formul\u00e1rio e a Efix entrar\u00e1 em contato com voc\u00ea. Se preferir, voc\u00ea pode nos acessar por qualquer canal no rodap\u00e9 da p\u00e1gina.","robots":{"index":"index","follow":"follow","max-snippet":"max-snippet:-1","max-image-preview":"max-image-preview:large","max-video-preview":"max-video-preview:-1"},"canonical":"https:\/\/talent.efix.net\/pt\/contato\/","og_locale":"pt_BR","og_type":"article","og_title":"Efix | Contato","og_description":"Preencha o formul\u00e1rio e a Efix entrar\u00e1 em contato com voc\u00ea. Se preferir, voc\u00ea pode nos acessar por qualquer canal no rodap\u00e9 da p\u00e1gina.","og_url":"https:\/\/talent.efix.net\/pt\/contato\/","og_site_name":"Efix Portugu\u00eas","article_publisher":"https:\/\/www.facebook.com\/efixnet","article_modified_time":"2024-03-13T19:48:12+00:00","og_image":[{"width":"962","height":"137","url":"https:\/\/talent.efix.net\/pt\/wp-content\/uploads\/sites\/2\/2011\/07\/contato.jpg","type":"image\/jpeg"}],"twitter_card":"summary_large_image","twitter_site":"@EfixNet","twitter_misc":{"Est. tempo de leitura":"1 minuto"},"schema":{"@context":"https:\/\/schema.org","@graph":[{"@type":"WebPage","@id":"https:\/\/talent.efix.net\/pt\/contato\/","url":"https:\/\/talent.efix.net\/pt\/contato\/","name":"Efix | Contato","isPartOf":{"@id":"https:\/\/talent.efix.net\/pt\/#website"},"primaryImageOfPage":{"@id":"https:\/\/talent.efix.net\/pt\/contato\/#primaryimage"},"image":{"@id":"https:\/\/talent.efix.net\/pt\/contato\/#primaryimage"},"thumbnailUrl":"https:\/\/talent.efix.net\/pt\/wp-content\/uploads\/sites\/2\/2011\/07\/contato.jpg","datePublished":"2011-07-29T00:54:41+00:00","dateModified":"2024-03-13T19:48:12+00:00","description":"Preencha o formul\u00e1rio e a Efix entrar\u00e1 em contato com voc\u00ea. Se preferir, voc\u00ea pode nos acessar por qualquer canal no rodap\u00e9 da p\u00e1gina.","breadcrumb":{"@id":"https:\/\/talent.efix.net\/pt\/contato\/#breadcrumb"},"inLanguage":"pt-BR","potentialAction":[{"@type":"ReadAction","target":["https:\/\/talent.efix.net\/pt\/contato\/"]}]},{"@type":"ImageObject","inLanguage":"pt-BR","@id":"https:\/\/talent.efix.net\/pt\/contato\/#primaryimage","url":"https:\/\/talent.efix.net\/pt\/wp-content\/uploads\/sites\/2\/2011\/07\/contato.jpg","contentUrl":"https:\/\/talent.efix.net\/pt\/wp-content\/uploads\/sites\/2\/2011\/07\/contato.jpg","width":"962","height":"137"},{"@type":"BreadcrumbList","@id":"https:\/\/talent.efix.net\/pt\/contato\/#breadcrumb","itemListElement":[{"@type":"ListItem","position":1,"name":"Home","item":"https:\/\/talent.efix.net\/pt\/"},{"@type":"ListItem","position":2,"name":"Contato"}]},{"@type":"WebSite","@id":"https:\/\/talent.efix.net\/pt\/#website","url":"https:\/\/talent.efix.net\/pt\/","name":"Efix","description":"Solu\u00e7\u00f5es para Gest\u00e3o e Desenvolvimento de Pessoas","publisher":{"@id":"https:\/\/talent.efix.net\/pt\/#organization"},"potentialAction":[{"@type":"SearchAction","target":{"@type":"EntryPoint","urlTemplate":"https:\/\/talent.efix.net\/pt\/?s={search_term_string}"},"query-input":"required name=search_term_string"}],"inLanguage":"pt-BR"},{"@type":"Organization","@id":"https:\/\/talent.efix.net\/pt\/#organization","name":"Efix","url":"https:\/\/talent.efix.net\/pt\/","logo":{"@type":"ImageObject","inLanguage":"pt-BR","@id":"https:\/\/talent.efix.net\/pt\/#\/schema\/logo\/image\/","url":"https:\/\/talent.efix.net\/pt\/wp-content\/uploads\/sites\/2\/2024\/03\/logo.png","contentUrl":"https:\/\/talent.efix.net\/pt\/wp-content\/uploads\/sites\/2\/2024\/03\/logo.png","width":103,"height":77,"caption":"Efix"},"image":{"@id":"https:\/\/talent.efix.net\/pt\/#\/schema\/logo\/image\/"},"sameAs":["https:\/\/www.facebook.com\/efixnet","https:\/\/twitter.com\/EfixNet"]}]}},"_links":{"self":[{"href":"https:\/\/talent.efix.net\/pt\/wp-json\/wp\/v2\/pages\/15"}],"collection":[{"href":"https:\/\/talent.efix.net\/pt\/wp-json\/wp\/v2\/pages"}],"about":[{"href":"https:\/\/talent.efix.net\/pt\/wp-json\/wp\/v2\/types\/page"}],"author":[{"embeddable":true,"href":"https:\/\/talent.efix.net\/pt\/wp-json\/wp\/v2\/users\/1"}],"replies":[{"embeddable":true,"href":"https:\/\/talent.efix.net\/pt\/wp-json\/wp\/v2\/comments?post=15"}],"version-history":[{"count":1,"href":"https:\/\/talent.efix.net\/pt\/wp-json\/wp\/v2\/pages\/15\/revisions"}],"predecessor-version":[{"id":2117,"href":"https:\/\/talent.efix.net\/pt\/wp-json\/wp\/v2\/pages\/15\/revisions\/2117"}],"wp:featuredmedia":[{"embeddable":true,"href":"https:\/\/talent.efix.net\/pt\/wp-json\/wp\/v2\/media\/318"}],"wp:attachment":[{"href":"https:\/\/talent.efix.net\/pt\/wp-json\/wp\/v2\/media?parent=15"}],"curies":[{"name":"wp","href":"https:\/\/api.w.org\/{rel}","templated":true}]}}