{"id":112,"date":"2011-08-08T17:42:18","date_gmt":"2011-08-08T17:42:18","guid":{"rendered":"http:\/\/talent.efix.net\/teste\/pt\/?page_id=112"},"modified":"2024-03-13T16:37:35","modified_gmt":"2024-03-13T19:37:35","slug":"consultoria","status":"publish","type":"page","link":"https:\/\/talent.efix.net\/pt\/servicos\/consultoria\/","title":{"rendered":"Consultoria"},"content":{"rendered":"<h2>Overview<\/h2>\n<p>N\u00e3o basta apenas contar com um bom sistema de gest\u00e3o de pessoas. \u00c9 preciso compreender de modo aprofundado como esse sistema pode resolver problemas do dia a dia e liberar as for\u00e7as do RH para a gest\u00e3o estrat\u00e9gica de pessoas.<br \/>\nNesse sentido, sua empresa pode contar com um servi\u00e7o especializado de consultoria que vai ajud\u00e1-la a compreender os pontos fortes e fracos da gest\u00e3o de pessoas na companhia, apontando os avan\u00e7os que o uso do sistema pode trazer tanto para as pessoas como para a organiza\u00e7\u00e3o.<\/p>\n<h2>Solu\u00e7\u00e3o<\/h2>\n<ul>\n<li>Compreenda os modelos de gest\u00e3o de pessoas da sua organiza\u00e7\u00e3o<\/li>\n<li>Defina a abrang\u00eancia da implementa\u00e7\u00e3o do sistema<\/li>\n<li>Conhe\u00e7a os avan\u00e7os que sua empresa pode conquistar<\/li>\n<\/ul>\n<h2>Mais Info<\/h2>\n<p>Preencha o <a href=\"https:\/\/talent.efix.net\/pt\/contato\/\">formul\u00e1rio<\/a> para receber um contato de nossa equipe de relacionamento que est\u00e1 preparada para esclarecer qualquer d\u00favida sobre os servi\u00e7os de consultoria para implementa\u00e7\u00e3o dos sistemas da <em><strong>Efix<\/strong><\/em>.<\/p>\n","protected":false},"excerpt":{"rendered":"<p>Overview N\u00e3o basta apenas contar com um bom sistema de gest\u00e3o de pessoas. \u00c9 preciso compreender de modo aprofundado como esse sistema pode resolver problemas do dia a dia e liberar as for\u00e7as do RH para a gest\u00e3o estrat\u00e9gica de pessoas. Nesse sentido, sua empresa pode contar com um servi\u00e7o especializado de consultoria que vai ajud\u00e1-la a compreender os pontos fortes e fracos da gest\u00e3o de pessoas na companhia, apontando os avan\u00e7os que o uso do sistema pode trazer tanto para as pessoas como para a organiza\u00e7\u00e3o. Solu\u00e7\u00e3o Compreenda os modelos de gest\u00e3o de pessoas da sua organiza\u00e7\u00e3o Defina a [&hellip;]<\/p>\n","protected":false},"author":1,"featured_media":316,"parent":7,"menu_order":0,"comment_status":"open","ping_status":"closed","template":"modelo-servicos.php","meta":{"footnotes":""},"yoast_head":"<!-- This site is optimized with the Yoast SEO plugin v22.2 - https:\/\/yoast.com\/wordpress\/plugins\/seo\/ -->\n<title>Efix | Consultoria<\/title>\n<meta name=\"description\" content=\"Compreenda os modelos de gest\u00e3o de pessoas da sua organiza\u00e7\u00e3o e defina a abrang\u00eancia da implementa\u00e7\u00e3o do sistema\" \/>\n<meta name=\"robots\" content=\"index, follow, max-snippet:-1, max-image-preview:large, max-video-preview:-1\" \/>\n<link rel=\"canonical\" href=\"https:\/\/talent.efix.net\/pt\/servicos\/consultoria\/\" \/>\n<meta property=\"og:locale\" content=\"pt_BR\" \/>\n<meta property=\"og:type\" content=\"article\" \/>\n<meta property=\"og:title\" content=\"Efix | Consultoria\" \/>\n<meta property=\"og:description\" content=\"Compreenda os modelos de gest\u00e3o de pessoas da sua organiza\u00e7\u00e3o e defina a abrang\u00eancia da implementa\u00e7\u00e3o do sistema\" \/>\n<meta property=\"og:url\" content=\"https:\/\/talent.efix.net\/pt\/servicos\/consultoria\/\" \/>\n<meta property=\"og:site_name\" content=\"Efix Portugu\u00eas\" \/>\n<meta property=\"article:publisher\" content=\"https:\/\/www.facebook.com\/efixnet\" \/>\n<meta property=\"article:modified_time\" content=\"2024-03-13T19:37:35+00:00\" \/>\n<meta property=\"og:image\" content=\"https:\/\/talent.efix.net\/pt\/wp-content\/uploads\/sites\/2\/2011\/08\/consultoria.jpg\" \/>\n\t<meta property=\"og:image:width\" content=\"962\" \/>\n\t<meta property=\"og:image:height\" content=\"137\" \/>\n\t<meta property=\"og:image:type\" content=\"image\/jpeg\" \/>\n<meta name=\"twitter:card\" content=\"summary_large_image\" \/>\n<meta name=\"twitter:site\" content=\"@EfixNet\" \/>\n<meta name=\"twitter:label1\" content=\"Est. tempo de leitura\" \/>\n\t<meta name=\"twitter:data1\" content=\"1 minuto\" \/>\n<script type=\"application\/ld+json\" class=\"yoast-schema-graph\">{\"@context\":\"https:\/\/schema.org\",\"@graph\":[{\"@type\":\"WebPage\",\"@id\":\"https:\/\/talent.efix.net\/pt\/servicos\/consultoria\/\",\"url\":\"https:\/\/talent.efix.net\/pt\/servicos\/consultoria\/\",\"name\":\"Efix | Consultoria\",\"isPartOf\":{\"@id\":\"https:\/\/talent.efix.net\/pt\/#website\"},\"primaryImageOfPage\":{\"@id\":\"https:\/\/talent.efix.net\/pt\/servicos\/consultoria\/#primaryimage\"},\"image\":{\"@id\":\"https:\/\/talent.efix.net\/pt\/servicos\/consultoria\/#primaryimage\"},\"thumbnailUrl\":\"https:\/\/talent.efix.net\/pt\/wp-content\/uploads\/sites\/2\/2011\/08\/consultoria.jpg\",\"datePublished\":\"2011-08-08T17:42:18+00:00\",\"dateModified\":\"2024-03-13T19:37:35+00:00\",\"description\":\"Compreenda os modelos de gest\u00e3o de pessoas da sua organiza\u00e7\u00e3o e defina a abrang\u00eancia da implementa\u00e7\u00e3o do sistema\",\"breadcrumb\":{\"@id\":\"https:\/\/talent.efix.net\/pt\/servicos\/consultoria\/#breadcrumb\"},\"inLanguage\":\"pt-BR\",\"potentialAction\":[{\"@type\":\"ReadAction\",\"target\":[\"https:\/\/talent.efix.net\/pt\/servicos\/consultoria\/\"]}]},{\"@type\":\"ImageObject\",\"inLanguage\":\"pt-BR\",\"@id\":\"https:\/\/talent.efix.net\/pt\/servicos\/consultoria\/#primaryimage\",\"url\":\"https:\/\/talent.efix.net\/pt\/wp-content\/uploads\/sites\/2\/2011\/08\/consultoria.jpg\",\"contentUrl\":\"https:\/\/talent.efix.net\/pt\/wp-content\/uploads\/sites\/2\/2011\/08\/consultoria.jpg\",\"width\":\"962\",\"height\":\"137\"},{\"@type\":\"BreadcrumbList\",\"@id\":\"https:\/\/talent.efix.net\/pt\/servicos\/consultoria\/#breadcrumb\",\"itemListElement\":[{\"@type\":\"ListItem\",\"position\":1,\"name\":\"Home\",\"item\":\"https:\/\/talent.efix.net\/pt\/\"},{\"@type\":\"ListItem\",\"position\":2,\"name\":\"Servi\u00e7os\",\"item\":\"https:\/\/talent.efix.net\/pt\/servicos\/\"},{\"@type\":\"ListItem\",\"position\":3,\"name\":\"Consultoria\"}]},{\"@type\":\"WebSite\",\"@id\":\"https:\/\/talent.efix.net\/pt\/#website\",\"url\":\"https:\/\/talent.efix.net\/pt\/\",\"name\":\"Efix\",\"description\":\"Solu\u00e7\u00f5es para Gest\u00e3o e Desenvolvimento de Pessoas\",\"publisher\":{\"@id\":\"https:\/\/talent.efix.net\/pt\/#organization\"},\"potentialAction\":[{\"@type\":\"SearchAction\",\"target\":{\"@type\":\"EntryPoint\",\"urlTemplate\":\"https:\/\/talent.efix.net\/pt\/?s={search_term_string}\"},\"query-input\":\"required name=search_term_string\"}],\"inLanguage\":\"pt-BR\"},{\"@type\":\"Organization\",\"@id\":\"https:\/\/talent.efix.net\/pt\/#organization\",\"name\":\"Efix\",\"url\":\"https:\/\/talent.efix.net\/pt\/\",\"logo\":{\"@type\":\"ImageObject\",\"inLanguage\":\"pt-BR\",\"@id\":\"https:\/\/talent.efix.net\/pt\/#\/schema\/logo\/image\/\",\"url\":\"https:\/\/talent.efix.net\/pt\/wp-content\/uploads\/sites\/2\/2024\/03\/logo.png\",\"contentUrl\":\"https:\/\/talent.efix.net\/pt\/wp-content\/uploads\/sites\/2\/2024\/03\/logo.png\",\"width\":103,\"height\":77,\"caption\":\"Efix\"},\"image\":{\"@id\":\"https:\/\/talent.efix.net\/pt\/#\/schema\/logo\/image\/\"},\"sameAs\":[\"https:\/\/www.facebook.com\/efixnet\",\"https:\/\/twitter.com\/EfixNet\"]}]}<\/script>\n<!-- \/ Yoast SEO plugin. -->","yoast_head_json":{"title":"Efix | Consultoria","description":"Compreenda os modelos de gest\u00e3o de pessoas da sua organiza\u00e7\u00e3o e defina a abrang\u00eancia da implementa\u00e7\u00e3o do sistema","robots":{"index":"index","follow":"follow","max-snippet":"max-snippet:-1","max-image-preview":"max-image-preview:large","max-video-preview":"max-video-preview:-1"},"canonical":"https:\/\/talent.efix.net\/pt\/servicos\/consultoria\/","og_locale":"pt_BR","og_type":"article","og_title":"Efix | Consultoria","og_description":"Compreenda os modelos de gest\u00e3o de pessoas da sua organiza\u00e7\u00e3o e defina a abrang\u00eancia da implementa\u00e7\u00e3o do sistema","og_url":"https:\/\/talent.efix.net\/pt\/servicos\/consultoria\/","og_site_name":"Efix Portugu\u00eas","article_publisher":"https:\/\/www.facebook.com\/efixnet","article_modified_time":"2024-03-13T19:37:35+00:00","og_image":[{"width":"962","height":"137","url":"https:\/\/talent.efix.net\/pt\/wp-content\/uploads\/sites\/2\/2011\/08\/consultoria.jpg","type":"image\/jpeg"}],"twitter_card":"summary_large_image","twitter_site":"@EfixNet","twitter_misc":{"Est. tempo de leitura":"1 minuto"},"schema":{"@context":"https:\/\/schema.org","@graph":[{"@type":"WebPage","@id":"https:\/\/talent.efix.net\/pt\/servicos\/consultoria\/","url":"https:\/\/talent.efix.net\/pt\/servicos\/consultoria\/","name":"Efix | Consultoria","isPartOf":{"@id":"https:\/\/talent.efix.net\/pt\/#website"},"primaryImageOfPage":{"@id":"https:\/\/talent.efix.net\/pt\/servicos\/consultoria\/#primaryimage"},"image":{"@id":"https:\/\/talent.efix.net\/pt\/servicos\/consultoria\/#primaryimage"},"thumbnailUrl":"https:\/\/talent.efix.net\/pt\/wp-content\/uploads\/sites\/2\/2011\/08\/consultoria.jpg","datePublished":"2011-08-08T17:42:18+00:00","dateModified":"2024-03-13T19:37:35+00:00","description":"Compreenda os modelos de gest\u00e3o de pessoas da sua organiza\u00e7\u00e3o e defina a abrang\u00eancia da implementa\u00e7\u00e3o do sistema","breadcrumb":{"@id":"https:\/\/talent.efix.net\/pt\/servicos\/consultoria\/#breadcrumb"},"inLanguage":"pt-BR","potentialAction":[{"@type":"ReadAction","target":["https:\/\/talent.efix.net\/pt\/servicos\/consultoria\/"]}]},{"@type":"ImageObject","inLanguage":"pt-BR","@id":"https:\/\/talent.efix.net\/pt\/servicos\/consultoria\/#primaryimage","url":"https:\/\/talent.efix.net\/pt\/wp-content\/uploads\/sites\/2\/2011\/08\/consultoria.jpg","contentUrl":"https:\/\/talent.efix.net\/pt\/wp-content\/uploads\/sites\/2\/2011\/08\/consultoria.jpg","width":"962","height":"137"},{"@type":"BreadcrumbList","@id":"https:\/\/talent.efix.net\/pt\/servicos\/consultoria\/#breadcrumb","itemListElement":[{"@type":"ListItem","position":1,"name":"Home","item":"https:\/\/talent.efix.net\/pt\/"},{"@type":"ListItem","position":2,"name":"Servi\u00e7os","item":"https:\/\/talent.efix.net\/pt\/servicos\/"},{"@type":"ListItem","position":3,"name":"Consultoria"}]},{"@type":"WebSite","@id":"https:\/\/talent.efix.net\/pt\/#website","url":"https:\/\/talent.efix.net\/pt\/","name":"Efix","description":"Solu\u00e7\u00f5es para Gest\u00e3o e Desenvolvimento de Pessoas","publisher":{"@id":"https:\/\/talent.efix.net\/pt\/#organization"},"potentialAction":[{"@type":"SearchAction","target":{"@type":"EntryPoint","urlTemplate":"https:\/\/talent.efix.net\/pt\/?s={search_term_string}"},"query-input":"required name=search_term_string"}],"inLanguage":"pt-BR"},{"@type":"Organization","@id":"https:\/\/talent.efix.net\/pt\/#organization","name":"Efix","url":"https:\/\/talent.efix.net\/pt\/","logo":{"@type":"ImageObject","inLanguage":"pt-BR","@id":"https:\/\/talent.efix.net\/pt\/#\/schema\/logo\/image\/","url":"https:\/\/talent.efix.net\/pt\/wp-content\/uploads\/sites\/2\/2024\/03\/logo.png","contentUrl":"https:\/\/talent.efix.net\/pt\/wp-content\/uploads\/sites\/2\/2024\/03\/logo.png","width":103,"height":77,"caption":"Efix"},"image":{"@id":"https:\/\/talent.efix.net\/pt\/#\/schema\/logo\/image\/"},"sameAs":["https:\/\/www.facebook.com\/efixnet","https:\/\/twitter.com\/EfixNet"]}]}},"_links":{"self":[{"href":"https:\/\/talent.efix.net\/pt\/wp-json\/wp\/v2\/pages\/112"}],"collection":[{"href":"https:\/\/talent.efix.net\/pt\/wp-json\/wp\/v2\/pages"}],"about":[{"href":"https:\/\/talent.efix.net\/pt\/wp-json\/wp\/v2\/types\/page"}],"author":[{"embeddable":true,"href":"https:\/\/talent.efix.net\/pt\/wp-json\/wp\/v2\/users\/1"}],"replies":[{"embeddable":true,"href":"https:\/\/talent.efix.net\/pt\/wp-json\/wp\/v2\/comments?post=112"}],"version-history":[{"count":1,"href":"https:\/\/talent.efix.net\/pt\/wp-json\/wp\/v2\/pages\/112\/revisions"}],"predecessor-version":[{"id":1543,"href":"https:\/\/talent.efix.net\/pt\/wp-json\/wp\/v2\/pages\/112\/revisions\/1543"}],"up":[{"embeddable":true,"href":"https:\/\/talent.efix.net\/pt\/wp-json\/wp\/v2\/pages\/7"}],"wp:featuredmedia":[{"embeddable":true,"href":"https:\/\/talent.efix.net\/pt\/wp-json\/wp\/v2\/media\/316"}],"wp:attachment":[{"href":"https:\/\/talent.efix.net\/pt\/wp-json\/wp\/v2\/media?parent=112"}],"curies":[{"name":"wp","href":"https:\/\/api.w.org\/{rel}","templated":true}]}}