{"id":7,"date":"2011-07-28T21:53:42","date_gmt":"2011-07-28T21:53:42","guid":{"rendered":"http:\/\/zira.com.br\/laboratorio\/efix\/?page_id=7"},"modified":"2024-03-13T16:52:37","modified_gmt":"2024-03-13T19:52:37","slug":"servicos","status":"publish","type":"page","link":"https:\/\/talent.efix.net\/es\/servicos\/","title":{"rendered":"Servicios"},"content":{"rendered":"<p>La adquisici\u00f3n de un sistema de gesti\u00f3n de personas necesita ser una soluci\u00f3n completa que de soporte a las estrategias de RH de su empresa. Pensando en eso, <em><strong>Efix<\/strong><\/em> cre\u00f3 una base de servicios que ayudar\u00e1n a su empresa a obtener el mejor desempe\u00f1o y sacar el mejor provecho posible de la soluci\u00f3n que usted est\u00e1 adquiriendo.<\/p>\n<h3>Conozca<\/h3>\n<p>Una consultor\u00eda eficaz ayuda su empresa a comprender todas las posibilidades que el sistema ofrece, sacando lo mejor de lo que puede dar y aline\u00e1ndolo con sus estrategias y objetivos de RH.<\/p>\n<h3>Entrene<\/h3>\n<p>Al preparar a las personas que usar\u00e1n el sistema, usted crea las condiciones para obtener lo mejor de las modernas tecnolog\u00edas de gesti\u00f3n de personas. Adem\u00e1s de mejorar la productividad, el retorno de su inversi\u00f3n es m\u00e1s r\u00e1pido.<\/p>\n<h3>Garantice<\/h3>\n<p>Una buena selecci\u00f3n de soporte dar\u00e1 toda la tranquilidad de que su empresa necesita para obtener los mejores resultados del sistema. Adem\u00e1s de mejorar los resultados y los lucros, usted aumenta la satisfacci\u00f3n y el entendimiento del sistema por quien lo est\u00e1 usando.<\/p>\n","protected":false},"excerpt":{"rendered":"<p>La adquisici\u00f3n de un sistema de gesti\u00f3n de personas necesita ser una soluci\u00f3n completa que de soporte a las estrategias de RH de su empresa. Pensando en eso, Efix cre\u00f3 una base de servicios que ayudar\u00e1n a su empresa a obtener el mejor desempe\u00f1o y sacar el mejor provecho posible de la soluci\u00f3n que usted est\u00e1 adquiriendo. Conozca Una consultor\u00eda eficaz ayuda su empresa a comprender todas las posibilidades que el sistema ofrece, sacando lo mejor de lo que puede dar y aline\u00e1ndolo con sus estrategias y objetivos de RH. Entrene Al preparar a las personas que usar\u00e1n el sistema, [&hellip;]<\/p>\n","protected":false},"author":1,"featured_media":335,"parent":0,"menu_order":3,"comment_status":"open","ping_status":"closed","template":"modelo-servicos.php","meta":{"footnotes":""},"yoast_head":"<!-- This site is optimized with the Yoast SEO plugin v22.2 - https:\/\/yoast.com\/wordpress\/plugins\/seo\/ -->\n<title>Efix | Servicios<\/title>\n<meta name=\"description\" content=\"Una consultor\u00eda eficaz ayuda su empresa a comprender todas las posibilidades que la tecnolog\u00eda ofrece\" \/>\n<meta name=\"robots\" content=\"index, follow, max-snippet:-1, max-image-preview:large, max-video-preview:-1\" \/>\n<link rel=\"canonical\" href=\"https:\/\/talent.efix.net\/es\/servicos\/\" \/>\n<meta property=\"og:locale\" content=\"es_ES\" \/>\n<meta property=\"og:type\" content=\"article\" \/>\n<meta property=\"og:title\" content=\"Efix | Servicios\" \/>\n<meta property=\"og:description\" content=\"Una consultor\u00eda eficaz ayuda su empresa a comprender todas las posibilidades que la tecnolog\u00eda ofrece\" \/>\n<meta property=\"og:url\" content=\"https:\/\/talent.efix.net\/es\/servicos\/\" \/>\n<meta property=\"og:site_name\" content=\"EFix Espa\u00f1ol\" \/>\n<meta property=\"article:publisher\" content=\"https:\/\/www.facebook.com\/efixnet\" \/>\n<meta property=\"article:modified_time\" content=\"2024-03-13T19:52:37+00:00\" \/>\n<meta property=\"og:image\" content=\"https:\/\/talent.efix.net\/es\/wp-content\/uploads\/sites\/3\/2011\/07\/servicos.jpg\" \/>\n\t<meta property=\"og:image:width\" content=\"962\" \/>\n\t<meta property=\"og:image:height\" content=\"137\" \/>\n\t<meta property=\"og:image:type\" content=\"image\/jpeg\" \/>\n<meta name=\"twitter:card\" content=\"summary_large_image\" \/>\n<meta name=\"twitter:site\" content=\"@EfixNet\" \/>\n<meta name=\"twitter:label1\" content=\"Tiempo de lectura\" \/>\n\t<meta name=\"twitter:data1\" content=\"1 minuto\" \/>\n<script type=\"application\/ld+json\" class=\"yoast-schema-graph\">{\"@context\":\"https:\/\/schema.org\",\"@graph\":[{\"@type\":\"WebPage\",\"@id\":\"https:\/\/talent.efix.net\/es\/servicos\/\",\"url\":\"https:\/\/talent.efix.net\/es\/servicos\/\",\"name\":\"Efix | Servicios\",\"isPartOf\":{\"@id\":\"https:\/\/talent.efix.net\/es\/#website\"},\"primaryImageOfPage\":{\"@id\":\"https:\/\/talent.efix.net\/es\/servicos\/#primaryimage\"},\"image\":{\"@id\":\"https:\/\/talent.efix.net\/es\/servicos\/#primaryimage\"},\"thumbnailUrl\":\"https:\/\/talent.efix.net\/es\/wp-content\/uploads\/sites\/3\/2011\/07\/servicos.jpg\",\"datePublished\":\"2011-07-28T21:53:42+00:00\",\"dateModified\":\"2024-03-13T19:52:37+00:00\",\"description\":\"Una consultor\u00eda eficaz ayuda su empresa a comprender todas las posibilidades que la tecnolog\u00eda ofrece\",\"breadcrumb\":{\"@id\":\"https:\/\/talent.efix.net\/es\/servicos\/#breadcrumb\"},\"inLanguage\":\"es\",\"potentialAction\":[{\"@type\":\"ReadAction\",\"target\":[\"https:\/\/talent.efix.net\/es\/servicos\/\"]}]},{\"@type\":\"ImageObject\",\"inLanguage\":\"es\",\"@id\":\"https:\/\/talent.efix.net\/es\/servicos\/#primaryimage\",\"url\":\"https:\/\/talent.efix.net\/es\/wp-content\/uploads\/sites\/3\/2011\/07\/servicos.jpg\",\"contentUrl\":\"https:\/\/talent.efix.net\/es\/wp-content\/uploads\/sites\/3\/2011\/07\/servicos.jpg\",\"width\":962,\"height\":137},{\"@type\":\"BreadcrumbList\",\"@id\":\"https:\/\/talent.efix.net\/es\/servicos\/#breadcrumb\",\"itemListElement\":[{\"@type\":\"ListItem\",\"position\":1,\"name\":\"Home\",\"item\":\"https:\/\/talent.efix.net\/es\/\"},{\"@type\":\"ListItem\",\"position\":2,\"name\":\"Servicios\"}]},{\"@type\":\"WebSite\",\"@id\":\"https:\/\/talent.efix.net\/es\/#website\",\"url\":\"https:\/\/talent.efix.net\/es\/\",\"name\":\"EFix\",\"description\":\"Soluciones para la gesti\u00f3n estrat\u00e9gica de personas\",\"publisher\":{\"@id\":\"https:\/\/talent.efix.net\/es\/#organization\"},\"potentialAction\":[{\"@type\":\"SearchAction\",\"target\":{\"@type\":\"EntryPoint\",\"urlTemplate\":\"https:\/\/talent.efix.net\/es\/?s={search_term_string}\"},\"query-input\":\"required name=search_term_string\"}],\"inLanguage\":\"es\"},{\"@type\":\"Organization\",\"@id\":\"https:\/\/talent.efix.net\/es\/#organization\",\"name\":\"EFix\",\"url\":\"https:\/\/talent.efix.net\/es\/\",\"logo\":{\"@type\":\"ImageObject\",\"inLanguage\":\"es\",\"@id\":\"https:\/\/talent.efix.net\/es\/#\/schema\/logo\/image\/\",\"url\":\"http:\/\/talent.efix.net\/es\/wp-content\/uploads\/sites\/3\/2024\/03\/logo.png\",\"contentUrl\":\"http:\/\/talent.efix.net\/es\/wp-content\/uploads\/sites\/3\/2024\/03\/logo.png\",\"width\":103,\"height\":77,\"caption\":\"EFix\"},\"image\":{\"@id\":\"https:\/\/talent.efix.net\/es\/#\/schema\/logo\/image\/\"},\"sameAs\":[\"https:\/\/www.facebook.com\/efixnet\",\"https:\/\/twitter.com\/EfixNet\"]}]}<\/script>\n<!-- \/ Yoast SEO plugin. -->","yoast_head_json":{"title":"Efix | Servicios","description":"Una consultor\u00eda eficaz ayuda su empresa a comprender todas las posibilidades que la tecnolog\u00eda ofrece","robots":{"index":"index","follow":"follow","max-snippet":"max-snippet:-1","max-image-preview":"max-image-preview:large","max-video-preview":"max-video-preview:-1"},"canonical":"https:\/\/talent.efix.net\/es\/servicos\/","og_locale":"es_ES","og_type":"article","og_title":"Efix | Servicios","og_description":"Una consultor\u00eda eficaz ayuda su empresa a comprender todas las posibilidades que la tecnolog\u00eda ofrece","og_url":"https:\/\/talent.efix.net\/es\/servicos\/","og_site_name":"EFix Espa\u00f1ol","article_publisher":"https:\/\/www.facebook.com\/efixnet","article_modified_time":"2024-03-13T19:52:37+00:00","og_image":[{"width":962,"height":137,"url":"https:\/\/talent.efix.net\/es\/wp-content\/uploads\/sites\/3\/2011\/07\/servicos.jpg","type":"image\/jpeg"}],"twitter_card":"summary_large_image","twitter_site":"@EfixNet","twitter_misc":{"Tiempo de lectura":"1 minuto"},"schema":{"@context":"https:\/\/schema.org","@graph":[{"@type":"WebPage","@id":"https:\/\/talent.efix.net\/es\/servicos\/","url":"https:\/\/talent.efix.net\/es\/servicos\/","name":"Efix | Servicios","isPartOf":{"@id":"https:\/\/talent.efix.net\/es\/#website"},"primaryImageOfPage":{"@id":"https:\/\/talent.efix.net\/es\/servicos\/#primaryimage"},"image":{"@id":"https:\/\/talent.efix.net\/es\/servicos\/#primaryimage"},"thumbnailUrl":"https:\/\/talent.efix.net\/es\/wp-content\/uploads\/sites\/3\/2011\/07\/servicos.jpg","datePublished":"2011-07-28T21:53:42+00:00","dateModified":"2024-03-13T19:52:37+00:00","description":"Una consultor\u00eda eficaz ayuda su empresa a comprender todas las posibilidades que la tecnolog\u00eda ofrece","breadcrumb":{"@id":"https:\/\/talent.efix.net\/es\/servicos\/#breadcrumb"},"inLanguage":"es","potentialAction":[{"@type":"ReadAction","target":["https:\/\/talent.efix.net\/es\/servicos\/"]}]},{"@type":"ImageObject","inLanguage":"es","@id":"https:\/\/talent.efix.net\/es\/servicos\/#primaryimage","url":"https:\/\/talent.efix.net\/es\/wp-content\/uploads\/sites\/3\/2011\/07\/servicos.jpg","contentUrl":"https:\/\/talent.efix.net\/es\/wp-content\/uploads\/sites\/3\/2011\/07\/servicos.jpg","width":962,"height":137},{"@type":"BreadcrumbList","@id":"https:\/\/talent.efix.net\/es\/servicos\/#breadcrumb","itemListElement":[{"@type":"ListItem","position":1,"name":"Home","item":"https:\/\/talent.efix.net\/es\/"},{"@type":"ListItem","position":2,"name":"Servicios"}]},{"@type":"WebSite","@id":"https:\/\/talent.efix.net\/es\/#website","url":"https:\/\/talent.efix.net\/es\/","name":"EFix","description":"Soluciones para la gesti\u00f3n estrat\u00e9gica de personas","publisher":{"@id":"https:\/\/talent.efix.net\/es\/#organization"},"potentialAction":[{"@type":"SearchAction","target":{"@type":"EntryPoint","urlTemplate":"https:\/\/talent.efix.net\/es\/?s={search_term_string}"},"query-input":"required name=search_term_string"}],"inLanguage":"es"},{"@type":"Organization","@id":"https:\/\/talent.efix.net\/es\/#organization","name":"EFix","url":"https:\/\/talent.efix.net\/es\/","logo":{"@type":"ImageObject","inLanguage":"es","@id":"https:\/\/talent.efix.net\/es\/#\/schema\/logo\/image\/","url":"http:\/\/talent.efix.net\/es\/wp-content\/uploads\/sites\/3\/2024\/03\/logo.png","contentUrl":"http:\/\/talent.efix.net\/es\/wp-content\/uploads\/sites\/3\/2024\/03\/logo.png","width":103,"height":77,"caption":"EFix"},"image":{"@id":"https:\/\/talent.efix.net\/es\/#\/schema\/logo\/image\/"},"sameAs":["https:\/\/www.facebook.com\/efixnet","https:\/\/twitter.com\/EfixNet"]}]}},"_links":{"self":[{"href":"https:\/\/talent.efix.net\/es\/wp-json\/wp\/v2\/pages\/7"}],"collection":[{"href":"https:\/\/talent.efix.net\/es\/wp-json\/wp\/v2\/pages"}],"about":[{"href":"https:\/\/talent.efix.net\/es\/wp-json\/wp\/v2\/types\/page"}],"author":[{"embeddable":true,"href":"https:\/\/talent.efix.net\/es\/wp-json\/wp\/v2\/users\/1"}],"replies":[{"embeddable":true,"href":"https:\/\/talent.efix.net\/es\/wp-json\/wp\/v2\/comments?post=7"}],"version-history":[{"count":1,"href":"https:\/\/talent.efix.net\/es\/wp-json\/wp\/v2\/pages\/7\/revisions"}],"predecessor-version":[{"id":654,"href":"https:\/\/talent.efix.net\/es\/wp-json\/wp\/v2\/pages\/7\/revisions\/654"}],"wp:featuredmedia":[{"embeddable":true,"href":"https:\/\/talent.efix.net\/es\/wp-json\/wp\/v2\/media\/335"}],"wp:attachment":[{"href":"https:\/\/talent.efix.net\/es\/wp-json\/wp\/v2\/media?parent=7"}],"curies":[{"name":"wp","href":"https:\/\/api.w.org\/{rel}","templated":true}]}}