{"id":607,"date":"2011-07-28T21:53:34","date_gmt":"2011-07-28T21:53:34","guid":{"rendered":"http:\/\/zira.com.br\/laboratorio\/efix\/?page_id=5"},"modified":"2015-08-19T20:04:46","modified_gmt":"2015-08-19T20:04:46","slug":"gestao-de-pessoas","status":"publish","type":"page","link":"https:\/\/talent.efix.net\/es\/gestao-de-pessoas\/","title":{"rendered":"Gesti\u00f3n de Personas"},"content":{"rendered":"<p>Consultor\u00edas de servicios profesionales globales como Hay Group, Towers Watson y Mercer, entre varias otras, se\u00f1alan la urgente necesidad de que las \u00e1reas de Recursos Humanos asuman una actuaci\u00f3n m\u00e1s estrat\u00e9gica. Para alcanzar ese posicionamiento, los gestores de personas necesitan del apoyo de sistemas que permitan un r\u00e1pido an\u00e1lisis para una toma de decisiones estrat\u00e9gica \u00f3ptima, eficaz y objetiva.<\/p>\n<p><em><strong>Efix<\/strong><\/em> Tecnolog\u00eda desarroll\u00f3 una plataforma \u00fanica de soluciones con sistemas que pueden ser usados de forma independiente. Conozca aqu\u00ed las soluciones de <em><strong>Efix<\/strong><\/em> para los m\u00e1s importantes desaf\u00edos que su empresa enfrenta en los d\u00edas de hoy.<\/p>\n<div class='bloco-suites'><div class=\"bloco\"><h3><a href=\"https:\/\/talent.efix.net\/es\/suites\/efix-performance-suite-2\/\">Efix | Performance Suite<\/a><\/h3><p>El an\u00e1lisis de desempe\u00f1o es la gran prioridad de las empresas en los d\u00edas de hoy, sean ellas peque\u00f1as, medianas o grandes.\n<br\/><a href=\"https:\/\/talent.efix.net\/es\/suites\/efix-performance-suite-2\/\">M\u00e1s info  &gt;&gt;<\/a><\/p><\/div><div class=\"bloco\"><h3><a href=\"https:\/\/talent.efix.net\/es\/suites\/efix-survey-suite-2\/\">Efix | Survey Suite<\/a><\/h3><p>Desarrollar climas organizacionales positivos y saludables es el mejor camino para el mayor comprometimiento de los colaboradores.\n<br\/><a href=\"https:\/\/talent.efix.net\/es\/suites\/efix-survey-suite-2\/\">M\u00e1s info  &gt;&gt;<\/a><\/p><\/div><div class=\"bloco\"><h3><a href=\"https:\/\/talent.efix.net\/es\/suites\/efix-learning-suite-2\/\">Efix | Learning Suite<\/a><\/h3><p>La respuesta para la falta de talentos puede estar en la creaci\u00f3n de una empresa educadora, que cree los talentos de que necesita.\n<br\/><a href=\"https:\/\/talent.efix.net\/es\/suites\/efix-learning-suite-2\/\">M\u00e1s info  &gt;&gt;<\/a><\/p><\/div><div class='clear'>&nbsp;<\/div><\/div>\n<h2>Conozca<\/h2>\n<p>Usted necesita conocer los profesionales que act\u00faan en su organizaci\u00f3n con mucho m\u00e1s cobertura que las pocas informaciones que las empresas re\u00fanen en sus sistemas de informaci\u00f3n.<\/p>\n<h2>Califique<\/h2>\n<p>M\u00e1s que buscar talentos en el mercado, su empresa puede actuar para calificar y formar los talentos de que necesita y que ya trabajan en la compa\u00f1\u00eda. Adem\u00e1s de identidad cultural, usted act\u00faa para valorizar su fuerza de trabajo.<\/p>\n<h2>Eval\u00fae<\/h2>\n<p>Al utilizar sistemas amplios para evaluar el desempe\u00f1o de sus empleados, usted deja para atr\u00e1s los m\u00e9todos primitivos de gesti\u00f3n, permitiendo que los gestores de personas que act\u00faan en la empresa puedan dedicar m\u00e1s tiempo para la gesti\u00f3n de capital humano con enfoque en el negocio y en los resultados.<\/p>\n","protected":false},"excerpt":{"rendered":"<p>Consultor\u00edas de servicios profesionales globales como Hay Group, Towers Watson y Mercer, entre varias otras, se\u00f1alan la urgente necesidad de que las \u00e1reas de Recursos Humanos asuman una actuaci\u00f3n m\u00e1s estrat\u00e9gica. Para alcanzar ese posicionamiento, los gestores de personas necesitan del apoyo de sistemas que permitan un r\u00e1pido an\u00e1lisis para una toma de decisiones estrat\u00e9gica \u00f3ptima, eficaz y objetiva. Efix Tecnolog\u00eda desarroll\u00f3 una plataforma \u00fanica de soluciones con sistemas que pueden ser usados de forma independiente. Conozca aqu\u00ed las soluciones de Efix para los m\u00e1s importantes desaf\u00edos que su empresa enfrenta en los d\u00edas de hoy. Conozca Usted necesita conocer [&hellip;]<\/p>\n","protected":false},"author":1,"featured_media":555,"parent":0,"menu_order":2,"comment_status":"open","ping_status":"closed","template":"modelo-gestao-de-pessoas.php","meta":{"footnotes":""},"yoast_head":"<!-- This site is optimized with the Yoast SEO plugin v22.2 - https:\/\/yoast.com\/wordpress\/plugins\/seo\/ -->\n<title>Gesti\u00f3n de Personas | EFix Espa\u00f1ol<\/title>\n<meta name=\"robots\" content=\"index, follow, max-snippet:-1, max-image-preview:large, max-video-preview:-1\" \/>\n<link rel=\"canonical\" href=\"https:\/\/talent.efix.net\/es\/gestao-de-pessoas\/\" \/>\n<meta property=\"og:locale\" content=\"es_ES\" \/>\n<meta property=\"og:type\" content=\"article\" \/>\n<meta property=\"og:title\" content=\"Gesti\u00f3n de Personas | EFix Espa\u00f1ol\" \/>\n<meta property=\"og:description\" content=\"Consultor\u00edas de servicios profesionales globales como Hay Group, Towers Watson y Mercer, entre varias otras, se\u00f1alan la urgente necesidad de que las \u00e1reas de Recursos Humanos asuman una actuaci\u00f3n m\u00e1s estrat\u00e9gica. Para alcanzar ese posicionamiento, los gestores de personas necesitan del apoyo de sistemas que permitan un r\u00e1pido an\u00e1lisis para una toma de decisiones estrat\u00e9gica \u00f3ptima, eficaz y objetiva. Efix Tecnolog\u00eda desarroll\u00f3 una plataforma \u00fanica de soluciones con sistemas que pueden ser usados de forma independiente. Conozca aqu\u00ed las soluciones de Efix para los m\u00e1s importantes desaf\u00edos que su empresa enfrenta en los d\u00edas de hoy. Conozca Usted necesita conocer [&hellip;]\" \/>\n<meta property=\"og:url\" content=\"https:\/\/talent.efix.net\/es\/gestao-de-pessoas\/\" \/>\n<meta property=\"og:site_name\" content=\"EFix Espa\u00f1ol\" \/>\n<meta property=\"article:publisher\" content=\"https:\/\/www.facebook.com\/efixnet\" \/>\n<meta property=\"article:modified_time\" content=\"2015-08-19T20:04:46+00:00\" \/>\n<meta property=\"og:image\" content=\"https:\/\/talent.efix.net\/es\/wp-content\/uploads\/sites\/3\/2011\/09\/gestao_pessoas.jpg\" \/>\n\t<meta property=\"og:image:width\" content=\"962\" \/>\n\t<meta property=\"og:image:height\" content=\"137\" \/>\n\t<meta property=\"og:image:type\" content=\"image\/jpeg\" \/>\n<meta name=\"twitter:card\" content=\"summary_large_image\" \/>\n<meta name=\"twitter:site\" content=\"@EfixNet\" \/>\n<meta name=\"twitter:label1\" content=\"Tiempo de lectura\" \/>\n\t<meta name=\"twitter:data1\" content=\"1 minuto\" \/>\n<script type=\"application\/ld+json\" class=\"yoast-schema-graph\">{\"@context\":\"https:\/\/schema.org\",\"@graph\":[{\"@type\":\"WebPage\",\"@id\":\"https:\/\/talent.efix.net\/es\/gestao-de-pessoas\/\",\"url\":\"https:\/\/talent.efix.net\/es\/gestao-de-pessoas\/\",\"name\":\"Gesti\u00f3n de Personas | EFix Espa\u00f1ol\",\"isPartOf\":{\"@id\":\"https:\/\/talent.efix.net\/es\/#website\"},\"primaryImageOfPage\":{\"@id\":\"https:\/\/talent.efix.net\/es\/gestao-de-pessoas\/#primaryimage\"},\"image\":{\"@id\":\"https:\/\/talent.efix.net\/es\/gestao-de-pessoas\/#primaryimage\"},\"thumbnailUrl\":\"https:\/\/talent.efix.net\/es\/wp-content\/uploads\/sites\/3\/2011\/09\/gestao_pessoas.jpg\",\"datePublished\":\"2011-07-28T21:53:34+00:00\",\"dateModified\":\"2015-08-19T20:04:46+00:00\",\"breadcrumb\":{\"@id\":\"https:\/\/talent.efix.net\/es\/gestao-de-pessoas\/#breadcrumb\"},\"inLanguage\":\"es\",\"potentialAction\":[{\"@type\":\"ReadAction\",\"target\":[\"https:\/\/talent.efix.net\/es\/gestao-de-pessoas\/\"]}]},{\"@type\":\"ImageObject\",\"inLanguage\":\"es\",\"@id\":\"https:\/\/talent.efix.net\/es\/gestao-de-pessoas\/#primaryimage\",\"url\":\"https:\/\/talent.efix.net\/es\/wp-content\/uploads\/sites\/3\/2011\/09\/gestao_pessoas.jpg\",\"contentUrl\":\"https:\/\/talent.efix.net\/es\/wp-content\/uploads\/sites\/3\/2011\/09\/gestao_pessoas.jpg\",\"width\":962,\"height\":137},{\"@type\":\"BreadcrumbList\",\"@id\":\"https:\/\/talent.efix.net\/es\/gestao-de-pessoas\/#breadcrumb\",\"itemListElement\":[{\"@type\":\"ListItem\",\"position\":1,\"name\":\"Home\",\"item\":\"https:\/\/talent.efix.net\/es\/\"},{\"@type\":\"ListItem\",\"position\":2,\"name\":\"Gesti\u00f3n de Personas\"}]},{\"@type\":\"WebSite\",\"@id\":\"https:\/\/talent.efix.net\/es\/#website\",\"url\":\"https:\/\/talent.efix.net\/es\/\",\"name\":\"EFix\",\"description\":\"Soluciones para la gesti\u00f3n estrat\u00e9gica de personas\",\"publisher\":{\"@id\":\"https:\/\/talent.efix.net\/es\/#organization\"},\"potentialAction\":[{\"@type\":\"SearchAction\",\"target\":{\"@type\":\"EntryPoint\",\"urlTemplate\":\"https:\/\/talent.efix.net\/es\/?s={search_term_string}\"},\"query-input\":\"required name=search_term_string\"}],\"inLanguage\":\"es\"},{\"@type\":\"Organization\",\"@id\":\"https:\/\/talent.efix.net\/es\/#organization\",\"name\":\"EFix\",\"url\":\"https:\/\/talent.efix.net\/es\/\",\"logo\":{\"@type\":\"ImageObject\",\"inLanguage\":\"es\",\"@id\":\"https:\/\/talent.efix.net\/es\/#\/schema\/logo\/image\/\",\"url\":\"http:\/\/talent.efix.net\/es\/wp-content\/uploads\/sites\/3\/2024\/03\/logo.png\",\"contentUrl\":\"http:\/\/talent.efix.net\/es\/wp-content\/uploads\/sites\/3\/2024\/03\/logo.png\",\"width\":103,\"height\":77,\"caption\":\"EFix\"},\"image\":{\"@id\":\"https:\/\/talent.efix.net\/es\/#\/schema\/logo\/image\/\"},\"sameAs\":[\"https:\/\/www.facebook.com\/efixnet\",\"https:\/\/twitter.com\/EfixNet\"]}]}<\/script>\n<!-- \/ Yoast SEO plugin. -->","yoast_head_json":{"title":"Gesti\u00f3n de Personas | EFix Espa\u00f1ol","robots":{"index":"index","follow":"follow","max-snippet":"max-snippet:-1","max-image-preview":"max-image-preview:large","max-video-preview":"max-video-preview:-1"},"canonical":"https:\/\/talent.efix.net\/es\/gestao-de-pessoas\/","og_locale":"es_ES","og_type":"article","og_title":"Gesti\u00f3n de Personas | EFix Espa\u00f1ol","og_description":"Consultor\u00edas de servicios profesionales globales como Hay Group, Towers Watson y Mercer, entre varias otras, se\u00f1alan la urgente necesidad de que las \u00e1reas de Recursos Humanos asuman una actuaci\u00f3n m\u00e1s estrat\u00e9gica. Para alcanzar ese posicionamiento, los gestores de personas necesitan del apoyo de sistemas que permitan un r\u00e1pido an\u00e1lisis para una toma de decisiones estrat\u00e9gica \u00f3ptima, eficaz y objetiva. Efix Tecnolog\u00eda desarroll\u00f3 una plataforma \u00fanica de soluciones con sistemas que pueden ser usados de forma independiente. Conozca aqu\u00ed las soluciones de Efix para los m\u00e1s importantes desaf\u00edos que su empresa enfrenta en los d\u00edas de hoy. Conozca Usted necesita conocer [&hellip;]","og_url":"https:\/\/talent.efix.net\/es\/gestao-de-pessoas\/","og_site_name":"EFix Espa\u00f1ol","article_publisher":"https:\/\/www.facebook.com\/efixnet","article_modified_time":"2015-08-19T20:04:46+00:00","og_image":[{"width":962,"height":137,"url":"https:\/\/talent.efix.net\/es\/wp-content\/uploads\/sites\/3\/2011\/09\/gestao_pessoas.jpg","type":"image\/jpeg"}],"twitter_card":"summary_large_image","twitter_site":"@EfixNet","twitter_misc":{"Tiempo de lectura":"1 minuto"},"schema":{"@context":"https:\/\/schema.org","@graph":[{"@type":"WebPage","@id":"https:\/\/talent.efix.net\/es\/gestao-de-pessoas\/","url":"https:\/\/talent.efix.net\/es\/gestao-de-pessoas\/","name":"Gesti\u00f3n de Personas | EFix Espa\u00f1ol","isPartOf":{"@id":"https:\/\/talent.efix.net\/es\/#website"},"primaryImageOfPage":{"@id":"https:\/\/talent.efix.net\/es\/gestao-de-pessoas\/#primaryimage"},"image":{"@id":"https:\/\/talent.efix.net\/es\/gestao-de-pessoas\/#primaryimage"},"thumbnailUrl":"https:\/\/talent.efix.net\/es\/wp-content\/uploads\/sites\/3\/2011\/09\/gestao_pessoas.jpg","datePublished":"2011-07-28T21:53:34+00:00","dateModified":"2015-08-19T20:04:46+00:00","breadcrumb":{"@id":"https:\/\/talent.efix.net\/es\/gestao-de-pessoas\/#breadcrumb"},"inLanguage":"es","potentialAction":[{"@type":"ReadAction","target":["https:\/\/talent.efix.net\/es\/gestao-de-pessoas\/"]}]},{"@type":"ImageObject","inLanguage":"es","@id":"https:\/\/talent.efix.net\/es\/gestao-de-pessoas\/#primaryimage","url":"https:\/\/talent.efix.net\/es\/wp-content\/uploads\/sites\/3\/2011\/09\/gestao_pessoas.jpg","contentUrl":"https:\/\/talent.efix.net\/es\/wp-content\/uploads\/sites\/3\/2011\/09\/gestao_pessoas.jpg","width":962,"height":137},{"@type":"BreadcrumbList","@id":"https:\/\/talent.efix.net\/es\/gestao-de-pessoas\/#breadcrumb","itemListElement":[{"@type":"ListItem","position":1,"name":"Home","item":"https:\/\/talent.efix.net\/es\/"},{"@type":"ListItem","position":2,"name":"Gesti\u00f3n de Personas"}]},{"@type":"WebSite","@id":"https:\/\/talent.efix.net\/es\/#website","url":"https:\/\/talent.efix.net\/es\/","name":"EFix","description":"Soluciones para la gesti\u00f3n estrat\u00e9gica de personas","publisher":{"@id":"https:\/\/talent.efix.net\/es\/#organization"},"potentialAction":[{"@type":"SearchAction","target":{"@type":"EntryPoint","urlTemplate":"https:\/\/talent.efix.net\/es\/?s={search_term_string}"},"query-input":"required name=search_term_string"}],"inLanguage":"es"},{"@type":"Organization","@id":"https:\/\/talent.efix.net\/es\/#organization","name":"EFix","url":"https:\/\/talent.efix.net\/es\/","logo":{"@type":"ImageObject","inLanguage":"es","@id":"https:\/\/talent.efix.net\/es\/#\/schema\/logo\/image\/","url":"http:\/\/talent.efix.net\/es\/wp-content\/uploads\/sites\/3\/2024\/03\/logo.png","contentUrl":"http:\/\/talent.efix.net\/es\/wp-content\/uploads\/sites\/3\/2024\/03\/logo.png","width":103,"height":77,"caption":"EFix"},"image":{"@id":"https:\/\/talent.efix.net\/es\/#\/schema\/logo\/image\/"},"sameAs":["https:\/\/www.facebook.com\/efixnet","https:\/\/twitter.com\/EfixNet"]}]}},"_links":{"self":[{"href":"https:\/\/talent.efix.net\/es\/wp-json\/wp\/v2\/pages\/607"}],"collection":[{"href":"https:\/\/talent.efix.net\/es\/wp-json\/wp\/v2\/pages"}],"about":[{"href":"https:\/\/talent.efix.net\/es\/wp-json\/wp\/v2\/types\/page"}],"author":[{"embeddable":true,"href":"https:\/\/talent.efix.net\/es\/wp-json\/wp\/v2\/users\/1"}],"replies":[{"embeddable":true,"href":"https:\/\/talent.efix.net\/es\/wp-json\/wp\/v2\/comments?post=607"}],"version-history":[{"count":1,"href":"https:\/\/talent.efix.net\/es\/wp-json\/wp\/v2\/pages\/607\/revisions"}],"predecessor-version":[{"id":653,"href":"https:\/\/talent.efix.net\/es\/wp-json\/wp\/v2\/pages\/607\/revisions\/653"}],"wp:featuredmedia":[{"embeddable":true,"href":"https:\/\/talent.efix.net\/es\/wp-json\/wp\/v2\/media\/555"}],"wp:attachment":[{"href":"https:\/\/talent.efix.net\/es\/wp-json\/wp\/v2\/media?parent=607"}],"curies":[{"name":"wp","href":"https:\/\/api.w.org\/{rel}","templated":true}]}}