{"id":32,"date":"2011-07-28T21:56:51","date_gmt":"2011-07-28T21:56:51","guid":{"rendered":"http:\/\/zira.com.br\/laboratorio\/efix\/?page_id=32"},"modified":"2024-03-13T18:06:06","modified_gmt":"2024-03-13T21:06:06","slug":"programa-de-parcerias","status":"publish","type":"page","link":"https:\/\/talent.efix.net\/es\/a-efix\/programa-de-parcerias\/","title":{"rendered":"Asociados Efix"},"content":{"rendered":"<p><em><strong>Efix<\/strong><\/em> acredita en sociedades donde las competencias de las empresas involucradas ayudan a dar al cliente final un producto o servicio mayor, m\u00e1s completo y eficaz. Vislumbramos tres formatos de sociedad:<\/p>\n<div class='bloco-parcerias'><div class=\"bloco\"><h3><a href=\"https:\/\/talent.efix.net\/es\/parcerias\/negocios\/\">Negocios<\/a><\/h3><p>En las actividades diarias de todas las empresas, siempre encontramos oportunidades de negocios que pueden llevar a la necesidad de asociados.\n<br\/><a href=\"https:\/\/talent.efix.net\/es\/parcerias\/negocios\/\">M\u00e1s info  &gt;&gt;<\/a><\/p><\/div><div class=\"bloco\"><h3><a href=\"https:\/\/talent.efix.net\/es\/parcerias\/representacao\/\">Representaci\u00f3n<\/a><\/h3><p>Las actividades de su empresa pueden ser complementares a los sistemas de gesti\u00f3n de personas. Una sociedad de representaci\u00f3n puede ayudar a su empresa a lucrar.\n<br\/><a href=\"https:\/\/talent.efix.net\/es\/parcerias\/representacao\/\">M\u00e1s info  &gt;&gt;<\/a><\/p><\/div><div class=\"bloco\"><h3><a href=\"https:\/\/talent.efix.net\/es\/parcerias\/solucoes-customizadas\/\">Soluciones personalizadas<\/a><\/h3><p>Las consultor\u00edas de gesti\u00f3n de personas pueden ofrecer a sus clientes soluciones en sistemas personalizadas, que tendr\u00e1n todo el soporte de Efix.\n<br\/><a href=\"https:\/\/talent.efix.net\/es\/parcerias\/solucoes-customizadas\/\">M\u00e1s info  &gt;&gt;<\/a><\/p><\/div><div class='clear'>&nbsp;<\/div><\/div>\n<h2>Recomiende<\/h2>\n<p>Las oportunidades de negocios cruzan nuestros caminos todos los d\u00edas. Usted puede recomendar los sistemas de Efix, adoptados por millares de empresas en Brasil y en el mundo, y lucrar con eso.<\/p>\n<h2>Represente<\/h2>\n<p>Para empresas que act\u00faan en el segmento de gesti\u00f3n de personas o en el \u00e1rea de tecnolog\u00eda de la informaci\u00f3n de modo complementar Efix, una \u00f3ptima oportunidad es la de representar los productos de la empresa en varios niveles, inclusive en lo que respecta a implementaci\u00f3n y soporte.<\/p>\n<h2>Personalice<\/h2>\n<p>Las empresas de consultor\u00eda en RH pueden ofrecer a sus clientes soluciones de sistemas de gesti\u00f3n de personas personalizadas, con todo el soporte de Efix.<\/p>\n","protected":false},"excerpt":{"rendered":"<p>Efix acredita en sociedades donde las competencias de las empresas involucradas ayudan a dar al cliente final un producto o servicio mayor, m\u00e1s completo y eficaz. Vislumbramos tres formatos de sociedad: Recomiende Las oportunidades de negocios cruzan nuestros caminos todos los d\u00edas. Usted puede recomendar los sistemas de Efix, adoptados por millares de empresas en Brasil y en el mundo, y lucrar con eso. Represente Para empresas que act\u00faan en el segmento de gesti\u00f3n de personas o en el \u00e1rea de tecnolog\u00eda de la informaci\u00f3n de modo complementar Efix, una \u00f3ptima oportunidad es la de representar los productos de la [&hellip;]<\/p>\n","protected":false},"author":1,"featured_media":331,"parent":156,"menu_order":5,"comment_status":"open","ping_status":"closed","template":"modelo-a-efix.php","meta":{"footnotes":""},"yoast_head":"<!-- This site is optimized with the Yoast SEO plugin v22.2 - https:\/\/yoast.com\/wordpress\/plugins\/seo\/ -->\n<title>Efix | Asociados Efix<\/title>\n<meta name=\"description\" content=\"Efix acredita en sociedades donde las competencias de las empresas involucradas ayudan a dar al cliente final un producto m\u00e1s completo.\" \/>\n<meta name=\"robots\" content=\"index, follow, max-snippet:-1, max-image-preview:large, max-video-preview:-1\" \/>\n<link rel=\"canonical\" href=\"https:\/\/talent.efix.net\/es\/a-efix\/programa-de-parcerias\/\" \/>\n<meta property=\"og:locale\" content=\"es_ES\" \/>\n<meta property=\"og:type\" content=\"article\" \/>\n<meta property=\"og:title\" content=\"Efix | Asociados Efix\" \/>\n<meta property=\"og:description\" content=\"Efix acredita en sociedades donde las competencias de las empresas involucradas ayudan a dar al cliente final un producto m\u00e1s completo.\" \/>\n<meta property=\"og:url\" content=\"https:\/\/talent.efix.net\/es\/a-efix\/programa-de-parcerias\/\" \/>\n<meta property=\"og:site_name\" content=\"EFix Espa\u00f1ol\" \/>\n<meta property=\"article:publisher\" content=\"https:\/\/www.facebook.com\/efixnet\" \/>\n<meta property=\"article:modified_time\" content=\"2024-03-13T21:06:06+00:00\" \/>\n<meta property=\"og:image\" content=\"https:\/\/talent.efix.net\/es\/wp-content\/uploads\/sites\/3\/2011\/07\/programa_parceiros.jpg\" \/>\n\t<meta property=\"og:image:width\" content=\"962\" \/>\n\t<meta property=\"og:image:height\" content=\"137\" \/>\n\t<meta property=\"og:image:type\" content=\"image\/jpeg\" \/>\n<meta name=\"twitter:card\" content=\"summary_large_image\" \/>\n<meta name=\"twitter:site\" content=\"@EfixNet\" \/>\n<meta name=\"twitter:label1\" content=\"Tiempo de lectura\" \/>\n\t<meta name=\"twitter:data1\" content=\"1 minuto\" \/>\n<script type=\"application\/ld+json\" class=\"yoast-schema-graph\">{\"@context\":\"https:\/\/schema.org\",\"@graph\":[{\"@type\":\"WebPage\",\"@id\":\"https:\/\/talent.efix.net\/es\/a-efix\/programa-de-parcerias\/\",\"url\":\"https:\/\/talent.efix.net\/es\/a-efix\/programa-de-parcerias\/\",\"name\":\"Efix | Asociados Efix\",\"isPartOf\":{\"@id\":\"https:\/\/talent.efix.net\/es\/#website\"},\"primaryImageOfPage\":{\"@id\":\"https:\/\/talent.efix.net\/es\/a-efix\/programa-de-parcerias\/#primaryimage\"},\"image\":{\"@id\":\"https:\/\/talent.efix.net\/es\/a-efix\/programa-de-parcerias\/#primaryimage\"},\"thumbnailUrl\":\"https:\/\/talent.efix.net\/es\/wp-content\/uploads\/sites\/3\/2011\/07\/programa_parceiros.jpg\",\"datePublished\":\"2011-07-28T21:56:51+00:00\",\"dateModified\":\"2024-03-13T21:06:06+00:00\",\"description\":\"Efix acredita en sociedades donde las competencias de las empresas involucradas ayudan a dar al cliente final un producto m\u00e1s completo.\",\"breadcrumb\":{\"@id\":\"https:\/\/talent.efix.net\/es\/a-efix\/programa-de-parcerias\/#breadcrumb\"},\"inLanguage\":\"es\",\"potentialAction\":[{\"@type\":\"ReadAction\",\"target\":[\"https:\/\/talent.efix.net\/es\/a-efix\/programa-de-parcerias\/\"]}]},{\"@type\":\"ImageObject\",\"inLanguage\":\"es\",\"@id\":\"https:\/\/talent.efix.net\/es\/a-efix\/programa-de-parcerias\/#primaryimage\",\"url\":\"https:\/\/talent.efix.net\/es\/wp-content\/uploads\/sites\/3\/2011\/07\/programa_parceiros.jpg\",\"contentUrl\":\"https:\/\/talent.efix.net\/es\/wp-content\/uploads\/sites\/3\/2011\/07\/programa_parceiros.jpg\",\"width\":962,\"height\":137},{\"@type\":\"BreadcrumbList\",\"@id\":\"https:\/\/talent.efix.net\/es\/a-efix\/programa-de-parcerias\/#breadcrumb\",\"itemListElement\":[{\"@type\":\"ListItem\",\"position\":1,\"name\":\"Home\",\"item\":\"https:\/\/talent.efix.net\/es\/\"},{\"@type\":\"ListItem\",\"position\":2,\"name\":\"A Efix\",\"item\":\"https:\/\/talent.efix.net\/es\/a-efix\/\"},{\"@type\":\"ListItem\",\"position\":3,\"name\":\"Asociados Efix\"}]},{\"@type\":\"WebSite\",\"@id\":\"https:\/\/talent.efix.net\/es\/#website\",\"url\":\"https:\/\/talent.efix.net\/es\/\",\"name\":\"EFix\",\"description\":\"Soluciones para la gesti\u00f3n estrat\u00e9gica de personas\",\"publisher\":{\"@id\":\"https:\/\/talent.efix.net\/es\/#organization\"},\"potentialAction\":[{\"@type\":\"SearchAction\",\"target\":{\"@type\":\"EntryPoint\",\"urlTemplate\":\"https:\/\/talent.efix.net\/es\/?s={search_term_string}\"},\"query-input\":\"required name=search_term_string\"}],\"inLanguage\":\"es\"},{\"@type\":\"Organization\",\"@id\":\"https:\/\/talent.efix.net\/es\/#organization\",\"name\":\"EFix\",\"url\":\"https:\/\/talent.efix.net\/es\/\",\"logo\":{\"@type\":\"ImageObject\",\"inLanguage\":\"es\",\"@id\":\"https:\/\/talent.efix.net\/es\/#\/schema\/logo\/image\/\",\"url\":\"http:\/\/talent.efix.net\/es\/wp-content\/uploads\/sites\/3\/2024\/03\/logo.png\",\"contentUrl\":\"http:\/\/talent.efix.net\/es\/wp-content\/uploads\/sites\/3\/2024\/03\/logo.png\",\"width\":103,\"height\":77,\"caption\":\"EFix\"},\"image\":{\"@id\":\"https:\/\/talent.efix.net\/es\/#\/schema\/logo\/image\/\"},\"sameAs\":[\"https:\/\/www.facebook.com\/efixnet\",\"https:\/\/twitter.com\/EfixNet\"]}]}<\/script>\n<!-- \/ Yoast SEO plugin. -->","yoast_head_json":{"title":"Efix | Asociados Efix","description":"Efix acredita en sociedades donde las competencias de las empresas involucradas ayudan a dar al cliente final un producto m\u00e1s completo.","robots":{"index":"index","follow":"follow","max-snippet":"max-snippet:-1","max-image-preview":"max-image-preview:large","max-video-preview":"max-video-preview:-1"},"canonical":"https:\/\/talent.efix.net\/es\/a-efix\/programa-de-parcerias\/","og_locale":"es_ES","og_type":"article","og_title":"Efix | Asociados Efix","og_description":"Efix acredita en sociedades donde las competencias de las empresas involucradas ayudan a dar al cliente final un producto m\u00e1s completo.","og_url":"https:\/\/talent.efix.net\/es\/a-efix\/programa-de-parcerias\/","og_site_name":"EFix Espa\u00f1ol","article_publisher":"https:\/\/www.facebook.com\/efixnet","article_modified_time":"2024-03-13T21:06:06+00:00","og_image":[{"width":962,"height":137,"url":"https:\/\/talent.efix.net\/es\/wp-content\/uploads\/sites\/3\/2011\/07\/programa_parceiros.jpg","type":"image\/jpeg"}],"twitter_card":"summary_large_image","twitter_site":"@EfixNet","twitter_misc":{"Tiempo de lectura":"1 minuto"},"schema":{"@context":"https:\/\/schema.org","@graph":[{"@type":"WebPage","@id":"https:\/\/talent.efix.net\/es\/a-efix\/programa-de-parcerias\/","url":"https:\/\/talent.efix.net\/es\/a-efix\/programa-de-parcerias\/","name":"Efix | Asociados Efix","isPartOf":{"@id":"https:\/\/talent.efix.net\/es\/#website"},"primaryImageOfPage":{"@id":"https:\/\/talent.efix.net\/es\/a-efix\/programa-de-parcerias\/#primaryimage"},"image":{"@id":"https:\/\/talent.efix.net\/es\/a-efix\/programa-de-parcerias\/#primaryimage"},"thumbnailUrl":"https:\/\/talent.efix.net\/es\/wp-content\/uploads\/sites\/3\/2011\/07\/programa_parceiros.jpg","datePublished":"2011-07-28T21:56:51+00:00","dateModified":"2024-03-13T21:06:06+00:00","description":"Efix acredita en sociedades donde las competencias de las empresas involucradas ayudan a dar al cliente final un producto m\u00e1s completo.","breadcrumb":{"@id":"https:\/\/talent.efix.net\/es\/a-efix\/programa-de-parcerias\/#breadcrumb"},"inLanguage":"es","potentialAction":[{"@type":"ReadAction","target":["https:\/\/talent.efix.net\/es\/a-efix\/programa-de-parcerias\/"]}]},{"@type":"ImageObject","inLanguage":"es","@id":"https:\/\/talent.efix.net\/es\/a-efix\/programa-de-parcerias\/#primaryimage","url":"https:\/\/talent.efix.net\/es\/wp-content\/uploads\/sites\/3\/2011\/07\/programa_parceiros.jpg","contentUrl":"https:\/\/talent.efix.net\/es\/wp-content\/uploads\/sites\/3\/2011\/07\/programa_parceiros.jpg","width":962,"height":137},{"@type":"BreadcrumbList","@id":"https:\/\/talent.efix.net\/es\/a-efix\/programa-de-parcerias\/#breadcrumb","itemListElement":[{"@type":"ListItem","position":1,"name":"Home","item":"https:\/\/talent.efix.net\/es\/"},{"@type":"ListItem","position":2,"name":"A Efix","item":"https:\/\/talent.efix.net\/es\/a-efix\/"},{"@type":"ListItem","position":3,"name":"Asociados Efix"}]},{"@type":"WebSite","@id":"https:\/\/talent.efix.net\/es\/#website","url":"https:\/\/talent.efix.net\/es\/","name":"EFix","description":"Soluciones para la gesti\u00f3n estrat\u00e9gica de personas","publisher":{"@id":"https:\/\/talent.efix.net\/es\/#organization"},"potentialAction":[{"@type":"SearchAction","target":{"@type":"EntryPoint","urlTemplate":"https:\/\/talent.efix.net\/es\/?s={search_term_string}"},"query-input":"required name=search_term_string"}],"inLanguage":"es"},{"@type":"Organization","@id":"https:\/\/talent.efix.net\/es\/#organization","name":"EFix","url":"https:\/\/talent.efix.net\/es\/","logo":{"@type":"ImageObject","inLanguage":"es","@id":"https:\/\/talent.efix.net\/es\/#\/schema\/logo\/image\/","url":"http:\/\/talent.efix.net\/es\/wp-content\/uploads\/sites\/3\/2024\/03\/logo.png","contentUrl":"http:\/\/talent.efix.net\/es\/wp-content\/uploads\/sites\/3\/2024\/03\/logo.png","width":103,"height":77,"caption":"EFix"},"image":{"@id":"https:\/\/talent.efix.net\/es\/#\/schema\/logo\/image\/"},"sameAs":["https:\/\/www.facebook.com\/efixnet","https:\/\/twitter.com\/EfixNet"]}]}},"_links":{"self":[{"href":"https:\/\/talent.efix.net\/es\/wp-json\/wp\/v2\/pages\/32"}],"collection":[{"href":"https:\/\/talent.efix.net\/es\/wp-json\/wp\/v2\/pages"}],"about":[{"href":"https:\/\/talent.efix.net\/es\/wp-json\/wp\/v2\/types\/page"}],"author":[{"embeddable":true,"href":"https:\/\/talent.efix.net\/es\/wp-json\/wp\/v2\/users\/1"}],"replies":[{"embeddable":true,"href":"https:\/\/talent.efix.net\/es\/wp-json\/wp\/v2\/comments?post=32"}],"version-history":[{"count":2,"href":"https:\/\/talent.efix.net\/es\/wp-json\/wp\/v2\/pages\/32\/revisions"}],"predecessor-version":[{"id":861,"href":"https:\/\/talent.efix.net\/es\/wp-json\/wp\/v2\/pages\/32\/revisions\/861"}],"up":[{"embeddable":true,"href":"https:\/\/talent.efix.net\/es\/wp-json\/wp\/v2\/pages\/156"}],"wp:featuredmedia":[{"embeddable":true,"href":"https:\/\/talent.efix.net\/es\/wp-json\/wp\/v2\/media\/331"}],"wp:attachment":[{"href":"https:\/\/talent.efix.net\/es\/wp-json\/wp\/v2\/media?parent=32"}],"curies":[{"name":"wp","href":"https:\/\/api.w.org\/{rel}","templated":true}]}}