{"id":28,"date":"2011-07-28T21:56:29","date_gmt":"2011-07-28T21:56:29","guid":{"rendered":"http:\/\/zira.com.br\/laboratorio\/efix\/?page_id=28"},"modified":"2024-03-13T18:02:52","modified_gmt":"2024-03-13T21:02:52","slug":"mision-vision-y-valores","status":"publish","type":"page","link":"https:\/\/talent.efix.net\/es\/a-efix\/mision-vision-y-valores\/","title":{"rendered":"Misi\u00f3n, visi\u00f3n y valores"},"content":{"rendered":"<h2>Misi\u00f3n<\/h2>\n<p>Efix tiene como misi\u00f3n ser un centro de investigaci\u00f3n y desarrollo de soluciones tecnol\u00f3gicas innovadoras para permitir a las organizaciones tener una gesti\u00f3n y desarrollo de personas eficaz, que creen valor para clientes, colaboradores, accionistas y sociedad.<br \/>\nPara eso, act\u00faa en estrecha sociedad con sus clientes, comprendiendo sus realidades, necesidades y objetivos y buscando traducir esas demandas en soluciones tecnol\u00f3gicas innovadoras.<\/p>\n<h2>Visi\u00f3n<\/h2>\n<p>Suministrar en escala mundial soluciones que potencialicen los procesos de gesti\u00f3n de personas de los clientes con los m\u00e1s modernos conceptos de gesti\u00f3n y desarrollo de personas, de forma autosustentable y lucrativa.<\/p>\n<h2>Valores<\/h2>\n<p>Efix act\u00faa orientada por valores fundamentales como:<\/p>\n<ul>\n<li>Responsabilidad Social<\/li>\n<li>Calidad<\/li>\n<li>Respeto<\/li>\n<li>Cooperaci\u00f3n<\/li>\n<li>Innovaci\u00f3n<\/li>\n<li>Emprendimiento<\/li>\n<li>Eficacia<\/li>\n<\/ul>\n<p>Innovadora en su segmento, <em><strong>Efix<\/strong><\/em> es la \u00fanica empresa del sector que permite que peque\u00f1as empresas puedan usar su sistema gratuitamente, lo que contribuye al fortalecimiento de esas empresas, a la mejora de los procesos de gesti\u00f3n de personas y a su crecimiento como organizaci\u00f3n.<\/p>\n","protected":false},"excerpt":{"rendered":"<p>Misi\u00f3n Efix tiene como misi\u00f3n ser un centro de investigaci\u00f3n y desarrollo de soluciones tecnol\u00f3gicas innovadoras para permitir a las organizaciones tener una gesti\u00f3n y desarrollo de personas eficaz, que creen valor para clientes, colaboradores, accionistas y sociedad. Para eso, act\u00faa en estrecha sociedad con sus clientes, comprendiendo sus realidades, necesidades y objetivos y buscando traducir esas demandas en soluciones tecnol\u00f3gicas innovadoras. Visi\u00f3n Suministrar en escala mundial soluciones que potencialicen los procesos de gesti\u00f3n de personas de los clientes con los m\u00e1s modernos conceptos de gesti\u00f3n y desarrollo de personas, de forma autosustentable y lucrativa. Valores Efix act\u00faa orientada por [&hellip;]<\/p>\n","protected":false},"author":1,"featured_media":324,"parent":156,"menu_order":3,"comment_status":"open","ping_status":"closed","template":"modelo-a-efix.php","meta":{"footnotes":""},"yoast_head":"<!-- This site is optimized with the Yoast SEO plugin v22.2 - https:\/\/yoast.com\/wordpress\/plugins\/seo\/ -->\n<title>Efix | Misi\u00f3n, visi\u00f3n y valores<\/title>\n<meta name=\"description\" content=\"Con valores s\u00f3lidos, la misi\u00f3n de Efix es ser un centro de investigaci\u00f3n y desarrollo de soluciones tecnol\u00f3gicas innovadoras.\" \/>\n<meta name=\"robots\" content=\"index, follow, max-snippet:-1, max-image-preview:large, max-video-preview:-1\" \/>\n<link rel=\"canonical\" href=\"https:\/\/talent.efix.net\/es\/a-efix\/mision-vision-y-valores\/\" \/>\n<meta property=\"og:locale\" content=\"es_ES\" \/>\n<meta property=\"og:type\" content=\"article\" \/>\n<meta property=\"og:title\" content=\"Efix | Misi\u00f3n, visi\u00f3n y valores\" \/>\n<meta property=\"og:description\" content=\"Con valores s\u00f3lidos, la misi\u00f3n de Efix es ser un centro de investigaci\u00f3n y desarrollo de soluciones tecnol\u00f3gicas innovadoras.\" \/>\n<meta property=\"og:url\" content=\"https:\/\/talent.efix.net\/es\/a-efix\/mision-vision-y-valores\/\" \/>\n<meta property=\"og:site_name\" content=\"EFix Espa\u00f1ol\" \/>\n<meta property=\"article:publisher\" content=\"https:\/\/www.facebook.com\/efixnet\" \/>\n<meta property=\"article:modified_time\" content=\"2024-03-13T21:02:52+00:00\" \/>\n<meta property=\"og:image\" content=\"https:\/\/talent.efix.net\/es\/wp-content\/uploads\/sites\/3\/2011\/07\/missao_visao_valores.jpg\" \/>\n\t<meta property=\"og:image:width\" content=\"962\" \/>\n\t<meta property=\"og:image:height\" content=\"137\" \/>\n\t<meta property=\"og:image:type\" content=\"image\/jpeg\" \/>\n<meta name=\"twitter:card\" content=\"summary_large_image\" \/>\n<meta name=\"twitter:site\" content=\"@EfixNet\" \/>\n<meta name=\"twitter:label1\" content=\"Tiempo de lectura\" \/>\n\t<meta name=\"twitter:data1\" content=\"1 minuto\" \/>\n<script type=\"application\/ld+json\" class=\"yoast-schema-graph\">{\"@context\":\"https:\/\/schema.org\",\"@graph\":[{\"@type\":\"WebPage\",\"@id\":\"https:\/\/talent.efix.net\/es\/a-efix\/mision-vision-y-valores\/\",\"url\":\"https:\/\/talent.efix.net\/es\/a-efix\/mision-vision-y-valores\/\",\"name\":\"Efix | Misi\u00f3n, visi\u00f3n y valores\",\"isPartOf\":{\"@id\":\"https:\/\/talent.efix.net\/es\/#website\"},\"primaryImageOfPage\":{\"@id\":\"https:\/\/talent.efix.net\/es\/a-efix\/mision-vision-y-valores\/#primaryimage\"},\"image\":{\"@id\":\"https:\/\/talent.efix.net\/es\/a-efix\/mision-vision-y-valores\/#primaryimage\"},\"thumbnailUrl\":\"https:\/\/talent.efix.net\/es\/wp-content\/uploads\/sites\/3\/2011\/07\/missao_visao_valores.jpg\",\"datePublished\":\"2011-07-28T21:56:29+00:00\",\"dateModified\":\"2024-03-13T21:02:52+00:00\",\"description\":\"Con valores s\u00f3lidos, la misi\u00f3n de Efix es ser un centro de investigaci\u00f3n y desarrollo de soluciones tecnol\u00f3gicas innovadoras.\",\"breadcrumb\":{\"@id\":\"https:\/\/talent.efix.net\/es\/a-efix\/mision-vision-y-valores\/#breadcrumb\"},\"inLanguage\":\"es\",\"potentialAction\":[{\"@type\":\"ReadAction\",\"target\":[\"https:\/\/talent.efix.net\/es\/a-efix\/mision-vision-y-valores\/\"]}]},{\"@type\":\"ImageObject\",\"inLanguage\":\"es\",\"@id\":\"https:\/\/talent.efix.net\/es\/a-efix\/mision-vision-y-valores\/#primaryimage\",\"url\":\"https:\/\/talent.efix.net\/es\/wp-content\/uploads\/sites\/3\/2011\/07\/missao_visao_valores.jpg\",\"contentUrl\":\"https:\/\/talent.efix.net\/es\/wp-content\/uploads\/sites\/3\/2011\/07\/missao_visao_valores.jpg\",\"width\":962,\"height\":137},{\"@type\":\"BreadcrumbList\",\"@id\":\"https:\/\/talent.efix.net\/es\/a-efix\/mision-vision-y-valores\/#breadcrumb\",\"itemListElement\":[{\"@type\":\"ListItem\",\"position\":1,\"name\":\"Home\",\"item\":\"https:\/\/talent.efix.net\/es\/\"},{\"@type\":\"ListItem\",\"position\":2,\"name\":\"A Efix\",\"item\":\"https:\/\/talent.efix.net\/es\/a-efix\/\"},{\"@type\":\"ListItem\",\"position\":3,\"name\":\"Misi\u00f3n, visi\u00f3n y valores\"}]},{\"@type\":\"WebSite\",\"@id\":\"https:\/\/talent.efix.net\/es\/#website\",\"url\":\"https:\/\/talent.efix.net\/es\/\",\"name\":\"EFix\",\"description\":\"Soluciones para la gesti\u00f3n estrat\u00e9gica de personas\",\"publisher\":{\"@id\":\"https:\/\/talent.efix.net\/es\/#organization\"},\"potentialAction\":[{\"@type\":\"SearchAction\",\"target\":{\"@type\":\"EntryPoint\",\"urlTemplate\":\"https:\/\/talent.efix.net\/es\/?s={search_term_string}\"},\"query-input\":\"required name=search_term_string\"}],\"inLanguage\":\"es\"},{\"@type\":\"Organization\",\"@id\":\"https:\/\/talent.efix.net\/es\/#organization\",\"name\":\"EFix\",\"url\":\"https:\/\/talent.efix.net\/es\/\",\"logo\":{\"@type\":\"ImageObject\",\"inLanguage\":\"es\",\"@id\":\"https:\/\/talent.efix.net\/es\/#\/schema\/logo\/image\/\",\"url\":\"http:\/\/talent.efix.net\/es\/wp-content\/uploads\/sites\/3\/2024\/03\/logo.png\",\"contentUrl\":\"http:\/\/talent.efix.net\/es\/wp-content\/uploads\/sites\/3\/2024\/03\/logo.png\",\"width\":103,\"height\":77,\"caption\":\"EFix\"},\"image\":{\"@id\":\"https:\/\/talent.efix.net\/es\/#\/schema\/logo\/image\/\"},\"sameAs\":[\"https:\/\/www.facebook.com\/efixnet\",\"https:\/\/twitter.com\/EfixNet\"]}]}<\/script>\n<!-- \/ Yoast SEO plugin. -->","yoast_head_json":{"title":"Efix | Misi\u00f3n, visi\u00f3n y valores","description":"Con valores s\u00f3lidos, la misi\u00f3n de Efix es ser un centro de investigaci\u00f3n y desarrollo de soluciones tecnol\u00f3gicas innovadoras.","robots":{"index":"index","follow":"follow","max-snippet":"max-snippet:-1","max-image-preview":"max-image-preview:large","max-video-preview":"max-video-preview:-1"},"canonical":"https:\/\/talent.efix.net\/es\/a-efix\/mision-vision-y-valores\/","og_locale":"es_ES","og_type":"article","og_title":"Efix | Misi\u00f3n, visi\u00f3n y valores","og_description":"Con valores s\u00f3lidos, la misi\u00f3n de Efix es ser un centro de investigaci\u00f3n y desarrollo de soluciones tecnol\u00f3gicas innovadoras.","og_url":"https:\/\/talent.efix.net\/es\/a-efix\/mision-vision-y-valores\/","og_site_name":"EFix Espa\u00f1ol","article_publisher":"https:\/\/www.facebook.com\/efixnet","article_modified_time":"2024-03-13T21:02:52+00:00","og_image":[{"width":962,"height":137,"url":"https:\/\/talent.efix.net\/es\/wp-content\/uploads\/sites\/3\/2011\/07\/missao_visao_valores.jpg","type":"image\/jpeg"}],"twitter_card":"summary_large_image","twitter_site":"@EfixNet","twitter_misc":{"Tiempo de lectura":"1 minuto"},"schema":{"@context":"https:\/\/schema.org","@graph":[{"@type":"WebPage","@id":"https:\/\/talent.efix.net\/es\/a-efix\/mision-vision-y-valores\/","url":"https:\/\/talent.efix.net\/es\/a-efix\/mision-vision-y-valores\/","name":"Efix | Misi\u00f3n, visi\u00f3n y valores","isPartOf":{"@id":"https:\/\/talent.efix.net\/es\/#website"},"primaryImageOfPage":{"@id":"https:\/\/talent.efix.net\/es\/a-efix\/mision-vision-y-valores\/#primaryimage"},"image":{"@id":"https:\/\/talent.efix.net\/es\/a-efix\/mision-vision-y-valores\/#primaryimage"},"thumbnailUrl":"https:\/\/talent.efix.net\/es\/wp-content\/uploads\/sites\/3\/2011\/07\/missao_visao_valores.jpg","datePublished":"2011-07-28T21:56:29+00:00","dateModified":"2024-03-13T21:02:52+00:00","description":"Con valores s\u00f3lidos, la misi\u00f3n de Efix es ser un centro de investigaci\u00f3n y desarrollo de soluciones tecnol\u00f3gicas innovadoras.","breadcrumb":{"@id":"https:\/\/talent.efix.net\/es\/a-efix\/mision-vision-y-valores\/#breadcrumb"},"inLanguage":"es","potentialAction":[{"@type":"ReadAction","target":["https:\/\/talent.efix.net\/es\/a-efix\/mision-vision-y-valores\/"]}]},{"@type":"ImageObject","inLanguage":"es","@id":"https:\/\/talent.efix.net\/es\/a-efix\/mision-vision-y-valores\/#primaryimage","url":"https:\/\/talent.efix.net\/es\/wp-content\/uploads\/sites\/3\/2011\/07\/missao_visao_valores.jpg","contentUrl":"https:\/\/talent.efix.net\/es\/wp-content\/uploads\/sites\/3\/2011\/07\/missao_visao_valores.jpg","width":962,"height":137},{"@type":"BreadcrumbList","@id":"https:\/\/talent.efix.net\/es\/a-efix\/mision-vision-y-valores\/#breadcrumb","itemListElement":[{"@type":"ListItem","position":1,"name":"Home","item":"https:\/\/talent.efix.net\/es\/"},{"@type":"ListItem","position":2,"name":"A Efix","item":"https:\/\/talent.efix.net\/es\/a-efix\/"},{"@type":"ListItem","position":3,"name":"Misi\u00f3n, visi\u00f3n y valores"}]},{"@type":"WebSite","@id":"https:\/\/talent.efix.net\/es\/#website","url":"https:\/\/talent.efix.net\/es\/","name":"EFix","description":"Soluciones para la gesti\u00f3n estrat\u00e9gica de personas","publisher":{"@id":"https:\/\/talent.efix.net\/es\/#organization"},"potentialAction":[{"@type":"SearchAction","target":{"@type":"EntryPoint","urlTemplate":"https:\/\/talent.efix.net\/es\/?s={search_term_string}"},"query-input":"required name=search_term_string"}],"inLanguage":"es"},{"@type":"Organization","@id":"https:\/\/talent.efix.net\/es\/#organization","name":"EFix","url":"https:\/\/talent.efix.net\/es\/","logo":{"@type":"ImageObject","inLanguage":"es","@id":"https:\/\/talent.efix.net\/es\/#\/schema\/logo\/image\/","url":"http:\/\/talent.efix.net\/es\/wp-content\/uploads\/sites\/3\/2024\/03\/logo.png","contentUrl":"http:\/\/talent.efix.net\/es\/wp-content\/uploads\/sites\/3\/2024\/03\/logo.png","width":103,"height":77,"caption":"EFix"},"image":{"@id":"https:\/\/talent.efix.net\/es\/#\/schema\/logo\/image\/"},"sameAs":["https:\/\/www.facebook.com\/efixnet","https:\/\/twitter.com\/EfixNet"]}]}},"_links":{"self":[{"href":"https:\/\/talent.efix.net\/es\/wp-json\/wp\/v2\/pages\/28"}],"collection":[{"href":"https:\/\/talent.efix.net\/es\/wp-json\/wp\/v2\/pages"}],"about":[{"href":"https:\/\/talent.efix.net\/es\/wp-json\/wp\/v2\/types\/page"}],"author":[{"embeddable":true,"href":"https:\/\/talent.efix.net\/es\/wp-json\/wp\/v2\/users\/1"}],"replies":[{"embeddable":true,"href":"https:\/\/talent.efix.net\/es\/wp-json\/wp\/v2\/comments?post=28"}],"version-history":[{"count":1,"href":"https:\/\/talent.efix.net\/es\/wp-json\/wp\/v2\/pages\/28\/revisions"}],"predecessor-version":[{"id":645,"href":"https:\/\/talent.efix.net\/es\/wp-json\/wp\/v2\/pages\/28\/revisions\/645"}],"up":[{"embeddable":true,"href":"https:\/\/talent.efix.net\/es\/wp-json\/wp\/v2\/pages\/156"}],"wp:featuredmedia":[{"embeddable":true,"href":"https:\/\/talent.efix.net\/es\/wp-json\/wp\/v2\/media\/324"}],"wp:attachment":[{"href":"https:\/\/talent.efix.net\/es\/wp-json\/wp\/v2\/media?parent=28"}],"curies":[{"name":"wp","href":"https:\/\/api.w.org\/{rel}","templated":true}]}}