{"id":26,"date":"2011-07-28T21:55:58","date_gmt":"2011-07-28T21:55:58","guid":{"rendered":"http:\/\/zira.com.br\/laboratorio\/efix\/?page_id=26"},"modified":"2024-03-13T17:58:43","modified_gmt":"2024-03-13T20:58:43","slug":"prensa","status":"publish","type":"page","link":"https:\/\/talent.efix.net\/es\/a-efix\/prensa\/","title":{"rendered":"Prensa"},"content":{"rendered":"<p><em><strong>Efix<\/strong><\/em> es una empresa que produce conocimiento, por ese motivo mantiene estrechas relaciones con la prensa. Podemos tratar de los asuntos m\u00e1s variados como:<\/p>\n<ul>\n<li>Tecnolog\u00edas de informaci\u00f3n para gesti\u00f3n de personas<\/li>\n<li>Procesos de aprendizaje a distancia<\/li>\n<li>Evaluaci\u00f3n de desempe\u00f1o<\/li>\n<li>Investigaciones de clima organizacional<\/li>\n<li>Desarrollo de personas<\/li>\n<li>El impacto del aprendizaje en el crecimiento de la organizaci\u00f3n, y muchos otros temas<\/li>\n<\/ul>\n<p>Usted puede contactar a E-Pres mediante los siguientes canales:<\/p>\n<p>+55 11 2619 1720<\/p>\n","protected":false},"excerpt":{"rendered":"<p>Efix es una empresa que produce conocimiento, por ese motivo mantiene estrechas relaciones con la prensa. Podemos tratar de los asuntos m\u00e1s variados como: Tecnolog\u00edas de informaci\u00f3n para gesti\u00f3n de personas Procesos de aprendizaje a distancia Evaluaci\u00f3n de desempe\u00f1o Investigaciones de clima organizacional Desarrollo de personas El impacto del aprendizaje en el crecimiento de la organizaci\u00f3n, y muchos otros temas Usted puede contactar a E-Pres mediante los siguientes canales: +55 11 2619 1720<\/p>\n","protected":false},"author":1,"featured_media":333,"parent":156,"menu_order":2,"comment_status":"open","ping_status":"closed","template":"modelo-a-efix.php","meta":{"footnotes":""},"yoast_head":"<!-- This site is optimized with the Yoast SEO plugin v22.2 - https:\/\/yoast.com\/wordpress\/plugins\/seo\/ -->\n<title>Efix | Prensa<\/title>\n<meta name=\"description\" content=\"Efix es una empresa que produce conocimiento y por eso mantiene una estrecha relaci\u00f3n con la prensa.\" \/>\n<meta name=\"robots\" content=\"index, follow, max-snippet:-1, max-image-preview:large, max-video-preview:-1\" \/>\n<link rel=\"canonical\" href=\"https:\/\/talent.efix.net\/es\/a-efix\/prensa\/\" \/>\n<meta property=\"og:locale\" content=\"es_ES\" \/>\n<meta property=\"og:type\" content=\"article\" \/>\n<meta property=\"og:title\" content=\"Efix | Prensa\" \/>\n<meta property=\"og:description\" content=\"Efix es una empresa que produce conocimiento y por eso mantiene una estrecha relaci\u00f3n con la prensa.\" \/>\n<meta property=\"og:url\" content=\"https:\/\/talent.efix.net\/es\/a-efix\/prensa\/\" \/>\n<meta property=\"og:site_name\" content=\"EFix Espa\u00f1ol\" \/>\n<meta property=\"article:publisher\" content=\"https:\/\/www.facebook.com\/efixnet\" \/>\n<meta property=\"article:modified_time\" content=\"2024-03-13T20:58:43+00:00\" \/>\n<meta property=\"og:image\" content=\"https:\/\/talent.efix.net\/es\/wp-content\/uploads\/sites\/3\/2011\/07\/imprensa.jpg\" \/>\n\t<meta property=\"og:image:width\" content=\"962\" \/>\n\t<meta property=\"og:image:height\" content=\"137\" \/>\n\t<meta property=\"og:image:type\" content=\"image\/jpeg\" \/>\n<meta name=\"twitter:card\" content=\"summary_large_image\" \/>\n<meta name=\"twitter:site\" content=\"@EfixNet\" \/>\n<meta name=\"twitter:label1\" content=\"Tiempo de lectura\" \/>\n\t<meta name=\"twitter:data1\" content=\"1 minuto\" \/>\n<script type=\"application\/ld+json\" class=\"yoast-schema-graph\">{\"@context\":\"https:\/\/schema.org\",\"@graph\":[{\"@type\":\"WebPage\",\"@id\":\"https:\/\/talent.efix.net\/es\/a-efix\/prensa\/\",\"url\":\"https:\/\/talent.efix.net\/es\/a-efix\/prensa\/\",\"name\":\"Efix | Prensa\",\"isPartOf\":{\"@id\":\"https:\/\/talent.efix.net\/es\/#website\"},\"primaryImageOfPage\":{\"@id\":\"https:\/\/talent.efix.net\/es\/a-efix\/prensa\/#primaryimage\"},\"image\":{\"@id\":\"https:\/\/talent.efix.net\/es\/a-efix\/prensa\/#primaryimage\"},\"thumbnailUrl\":\"https:\/\/talent.efix.net\/es\/wp-content\/uploads\/sites\/3\/2011\/07\/imprensa.jpg\",\"datePublished\":\"2011-07-28T21:55:58+00:00\",\"dateModified\":\"2024-03-13T20:58:43+00:00\",\"description\":\"Efix es una empresa que produce conocimiento y por eso mantiene una estrecha relaci\u00f3n con la prensa.\",\"breadcrumb\":{\"@id\":\"https:\/\/talent.efix.net\/es\/a-efix\/prensa\/#breadcrumb\"},\"inLanguage\":\"es\",\"potentialAction\":[{\"@type\":\"ReadAction\",\"target\":[\"https:\/\/talent.efix.net\/es\/a-efix\/prensa\/\"]}]},{\"@type\":\"ImageObject\",\"inLanguage\":\"es\",\"@id\":\"https:\/\/talent.efix.net\/es\/a-efix\/prensa\/#primaryimage\",\"url\":\"https:\/\/talent.efix.net\/es\/wp-content\/uploads\/sites\/3\/2011\/07\/imprensa.jpg\",\"contentUrl\":\"https:\/\/talent.efix.net\/es\/wp-content\/uploads\/sites\/3\/2011\/07\/imprensa.jpg\",\"width\":962,\"height\":137},{\"@type\":\"BreadcrumbList\",\"@id\":\"https:\/\/talent.efix.net\/es\/a-efix\/prensa\/#breadcrumb\",\"itemListElement\":[{\"@type\":\"ListItem\",\"position\":1,\"name\":\"Home\",\"item\":\"https:\/\/talent.efix.net\/es\/\"},{\"@type\":\"ListItem\",\"position\":2,\"name\":\"A Efix\",\"item\":\"https:\/\/talent.efix.net\/es\/a-efix\/\"},{\"@type\":\"ListItem\",\"position\":3,\"name\":\"Prensa\"}]},{\"@type\":\"WebSite\",\"@id\":\"https:\/\/talent.efix.net\/es\/#website\",\"url\":\"https:\/\/talent.efix.net\/es\/\",\"name\":\"EFix\",\"description\":\"Soluciones para la gesti\u00f3n estrat\u00e9gica de personas\",\"publisher\":{\"@id\":\"https:\/\/talent.efix.net\/es\/#organization\"},\"potentialAction\":[{\"@type\":\"SearchAction\",\"target\":{\"@type\":\"EntryPoint\",\"urlTemplate\":\"https:\/\/talent.efix.net\/es\/?s={search_term_string}\"},\"query-input\":\"required name=search_term_string\"}],\"inLanguage\":\"es\"},{\"@type\":\"Organization\",\"@id\":\"https:\/\/talent.efix.net\/es\/#organization\",\"name\":\"EFix\",\"url\":\"https:\/\/talent.efix.net\/es\/\",\"logo\":{\"@type\":\"ImageObject\",\"inLanguage\":\"es\",\"@id\":\"https:\/\/talent.efix.net\/es\/#\/schema\/logo\/image\/\",\"url\":\"http:\/\/talent.efix.net\/es\/wp-content\/uploads\/sites\/3\/2024\/03\/logo.png\",\"contentUrl\":\"http:\/\/talent.efix.net\/es\/wp-content\/uploads\/sites\/3\/2024\/03\/logo.png\",\"width\":103,\"height\":77,\"caption\":\"EFix\"},\"image\":{\"@id\":\"https:\/\/talent.efix.net\/es\/#\/schema\/logo\/image\/\"},\"sameAs\":[\"https:\/\/www.facebook.com\/efixnet\",\"https:\/\/twitter.com\/EfixNet\"]}]}<\/script>\n<!-- \/ Yoast SEO plugin. -->","yoast_head_json":{"title":"Efix | Prensa","description":"Efix es una empresa que produce conocimiento y por eso mantiene una estrecha relaci\u00f3n con la prensa.","robots":{"index":"index","follow":"follow","max-snippet":"max-snippet:-1","max-image-preview":"max-image-preview:large","max-video-preview":"max-video-preview:-1"},"canonical":"https:\/\/talent.efix.net\/es\/a-efix\/prensa\/","og_locale":"es_ES","og_type":"article","og_title":"Efix | Prensa","og_description":"Efix es una empresa que produce conocimiento y por eso mantiene una estrecha relaci\u00f3n con la prensa.","og_url":"https:\/\/talent.efix.net\/es\/a-efix\/prensa\/","og_site_name":"EFix Espa\u00f1ol","article_publisher":"https:\/\/www.facebook.com\/efixnet","article_modified_time":"2024-03-13T20:58:43+00:00","og_image":[{"width":962,"height":137,"url":"https:\/\/talent.efix.net\/es\/wp-content\/uploads\/sites\/3\/2011\/07\/imprensa.jpg","type":"image\/jpeg"}],"twitter_card":"summary_large_image","twitter_site":"@EfixNet","twitter_misc":{"Tiempo de lectura":"1 minuto"},"schema":{"@context":"https:\/\/schema.org","@graph":[{"@type":"WebPage","@id":"https:\/\/talent.efix.net\/es\/a-efix\/prensa\/","url":"https:\/\/talent.efix.net\/es\/a-efix\/prensa\/","name":"Efix | Prensa","isPartOf":{"@id":"https:\/\/talent.efix.net\/es\/#website"},"primaryImageOfPage":{"@id":"https:\/\/talent.efix.net\/es\/a-efix\/prensa\/#primaryimage"},"image":{"@id":"https:\/\/talent.efix.net\/es\/a-efix\/prensa\/#primaryimage"},"thumbnailUrl":"https:\/\/talent.efix.net\/es\/wp-content\/uploads\/sites\/3\/2011\/07\/imprensa.jpg","datePublished":"2011-07-28T21:55:58+00:00","dateModified":"2024-03-13T20:58:43+00:00","description":"Efix es una empresa que produce conocimiento y por eso mantiene una estrecha relaci\u00f3n con la prensa.","breadcrumb":{"@id":"https:\/\/talent.efix.net\/es\/a-efix\/prensa\/#breadcrumb"},"inLanguage":"es","potentialAction":[{"@type":"ReadAction","target":["https:\/\/talent.efix.net\/es\/a-efix\/prensa\/"]}]},{"@type":"ImageObject","inLanguage":"es","@id":"https:\/\/talent.efix.net\/es\/a-efix\/prensa\/#primaryimage","url":"https:\/\/talent.efix.net\/es\/wp-content\/uploads\/sites\/3\/2011\/07\/imprensa.jpg","contentUrl":"https:\/\/talent.efix.net\/es\/wp-content\/uploads\/sites\/3\/2011\/07\/imprensa.jpg","width":962,"height":137},{"@type":"BreadcrumbList","@id":"https:\/\/talent.efix.net\/es\/a-efix\/prensa\/#breadcrumb","itemListElement":[{"@type":"ListItem","position":1,"name":"Home","item":"https:\/\/talent.efix.net\/es\/"},{"@type":"ListItem","position":2,"name":"A Efix","item":"https:\/\/talent.efix.net\/es\/a-efix\/"},{"@type":"ListItem","position":3,"name":"Prensa"}]},{"@type":"WebSite","@id":"https:\/\/talent.efix.net\/es\/#website","url":"https:\/\/talent.efix.net\/es\/","name":"EFix","description":"Soluciones para la gesti\u00f3n estrat\u00e9gica de personas","publisher":{"@id":"https:\/\/talent.efix.net\/es\/#organization"},"potentialAction":[{"@type":"SearchAction","target":{"@type":"EntryPoint","urlTemplate":"https:\/\/talent.efix.net\/es\/?s={search_term_string}"},"query-input":"required name=search_term_string"}],"inLanguage":"es"},{"@type":"Organization","@id":"https:\/\/talent.efix.net\/es\/#organization","name":"EFix","url":"https:\/\/talent.efix.net\/es\/","logo":{"@type":"ImageObject","inLanguage":"es","@id":"https:\/\/talent.efix.net\/es\/#\/schema\/logo\/image\/","url":"http:\/\/talent.efix.net\/es\/wp-content\/uploads\/sites\/3\/2024\/03\/logo.png","contentUrl":"http:\/\/talent.efix.net\/es\/wp-content\/uploads\/sites\/3\/2024\/03\/logo.png","width":103,"height":77,"caption":"EFix"},"image":{"@id":"https:\/\/talent.efix.net\/es\/#\/schema\/logo\/image\/"},"sameAs":["https:\/\/www.facebook.com\/efixnet","https:\/\/twitter.com\/EfixNet"]}]}},"_links":{"self":[{"href":"https:\/\/talent.efix.net\/es\/wp-json\/wp\/v2\/pages\/26"}],"collection":[{"href":"https:\/\/talent.efix.net\/es\/wp-json\/wp\/v2\/pages"}],"about":[{"href":"https:\/\/talent.efix.net\/es\/wp-json\/wp\/v2\/types\/page"}],"author":[{"embeddable":true,"href":"https:\/\/talent.efix.net\/es\/wp-json\/wp\/v2\/users\/1"}],"replies":[{"embeddable":true,"href":"https:\/\/talent.efix.net\/es\/wp-json\/wp\/v2\/comments?post=26"}],"version-history":[{"count":2,"href":"https:\/\/talent.efix.net\/es\/wp-json\/wp\/v2\/pages\/26\/revisions"}],"predecessor-version":[{"id":855,"href":"https:\/\/talent.efix.net\/es\/wp-json\/wp\/v2\/pages\/26\/revisions\/855"}],"up":[{"embeddable":true,"href":"https:\/\/talent.efix.net\/es\/wp-json\/wp\/v2\/pages\/156"}],"wp:featuredmedia":[{"embeddable":true,"href":"https:\/\/talent.efix.net\/es\/wp-json\/wp\/v2\/media\/333"}],"wp:attachment":[{"href":"https:\/\/talent.efix.net\/es\/wp-json\/wp\/v2\/media?parent=26"}],"curies":[{"name":"wp","href":"https:\/\/api.w.org\/{rel}","templated":true}]}}