{"id":24,"date":"2011-07-28T21:55:47","date_gmt":"2011-07-28T21:55:47","guid":{"rendered":"http:\/\/zira.com.br\/laboratorio\/efix\/?page_id=24"},"modified":"2024-03-13T17:55:40","modified_gmt":"2024-03-13T20:55:40","slug":"historia","status":"publish","type":"page","link":"https:\/\/talent.efix.net\/es\/a-efix\/historia\/","title":{"rendered":"Historia"},"content":{"rendered":"<p>Los fundadores de <em><strong>Efix<\/strong><\/em> se dieron cuenta, ya en los a\u00f1os 90, que muchas empresas brasile\u00f1as se dirig\u00edan hacia tornarse multinacionales globales. Por esa raz\u00f3n, ellas necesitar\u00edan de sistemas de gesti\u00f3n de personas que, incluso globales, entendiesen la realidad cultural de las empresas brasile\u00f1as y latinoamericanas.<\/p>\n<p>En este sentido, los socios de <em><strong>Efix<\/strong><\/em> Tecnolog\u00eda desarrollaron, con el posterior apoyo de la FAPESP, un sistema de gesti\u00f3n de personas enfocado hacia la realidad de empresas latinoamericanas con ambiciones globales, lo que llev\u00f3 al nacimiento de la empresa en 1998.<\/p>\n<p>Ese sistema est\u00e1 totalmente orientado hacia la gesti\u00f3n estrat\u00e9gica de personas y fue desarrollado para ser f\u00e1cilmente usado mediante Web. Da total soporte a actividades como:<\/p>\n<ul>\n<li>Evaluaci\u00f3n y Gesti\u00f3n de Competencias y Desempe\u00f1o<\/li>\n<li>Investigaci\u00f3n y Cambio de Clima Organizacional<\/li>\n<li>Gesti\u00f3n de la Aprendizaje Presencial y v\u00eda E-Learning<\/li>\n<\/ul>\n<p>M\u00e1s que apoyar a empresas l\u00edderes de mercado en el desarrollo e implementaci\u00f3n de soluciones para gesti\u00f3n de personas, <em><strong>Efix<\/strong><\/em> tiene una fuerte preocupaci\u00f3n con el desarrollo de las peque\u00f1as empresas, ya que pone a disposici\u00f3n su software de gesti\u00f3n gratuitamente para aquellas con hasta diez empleados.<\/p>\n<p>Con acciones premiadas, como el premio e-Learning Brasil, obtenidas por Votorantim Cimentos y por Ibmec S\u00e3o Paulo en 2004, <em><strong>Efix<\/strong><\/em> cree que el diferencial competitivo de toda la empresa est\u00e1 en el desarrollo y en la buena gesti\u00f3n de sus personas.<\/p>\n","protected":false},"excerpt":{"rendered":"<p>Los fundadores de Efix se dieron cuenta, ya en los a\u00f1os 90, que muchas empresas brasile\u00f1as se dirig\u00edan hacia tornarse multinacionales globales. Por esa raz\u00f3n, ellas necesitar\u00edan de sistemas de gesti\u00f3n de personas que, incluso globales, entendiesen la realidad cultural de las empresas brasile\u00f1as y latinoamericanas. En este sentido, los socios de Efix Tecnolog\u00eda desarrollaron, con el posterior apoyo de la FAPESP, un sistema de gesti\u00f3n de personas enfocado hacia la realidad de empresas latinoamericanas con ambiciones globales, lo que llev\u00f3 al nacimiento de la empresa en 1998. Ese sistema est\u00e1 totalmente orientado hacia la gesti\u00f3n estrat\u00e9gica de personas y [&hellip;]<\/p>\n","protected":false},"author":1,"featured_media":322,"parent":156,"menu_order":1,"comment_status":"open","ping_status":"closed","template":"modelo-a-efix.php","meta":{"footnotes":""},"yoast_head":"<!-- This site is optimized with the Yoast SEO plugin v22.2 - https:\/\/yoast.com\/wordpress\/plugins\/seo\/ -->\n<title>Efix | Historia<\/title>\n<meta name=\"description\" content=\"Desde los a\u00f1os 90, Efix es pionera en la nube y en sistemas estrat\u00e9gicos de gesti\u00f3n de personas.\" \/>\n<meta name=\"robots\" content=\"index, follow, max-snippet:-1, max-image-preview:large, max-video-preview:-1\" \/>\n<link rel=\"canonical\" href=\"https:\/\/talent.efix.net\/es\/a-efix\/historia\/\" \/>\n<meta property=\"og:locale\" content=\"es_ES\" \/>\n<meta property=\"og:type\" content=\"article\" \/>\n<meta property=\"og:title\" content=\"Efix | Historia\" \/>\n<meta property=\"og:description\" content=\"Desde los a\u00f1os 90, Efix es pionera en la nube y en sistemas estrat\u00e9gicos de gesti\u00f3n de personas.\" \/>\n<meta property=\"og:url\" content=\"https:\/\/talent.efix.net\/es\/a-efix\/historia\/\" \/>\n<meta property=\"og:site_name\" content=\"EFix Espa\u00f1ol\" \/>\n<meta property=\"article:publisher\" content=\"https:\/\/www.facebook.com\/efixnet\" \/>\n<meta property=\"article:modified_time\" content=\"2024-03-13T20:55:40+00:00\" \/>\n<meta property=\"og:image\" content=\"https:\/\/talent.efix.net\/es\/wp-content\/uploads\/sites\/3\/2011\/07\/historia.jpg\" \/>\n\t<meta property=\"og:image:width\" content=\"962\" \/>\n\t<meta property=\"og:image:height\" content=\"137\" \/>\n\t<meta property=\"og:image:type\" content=\"image\/jpeg\" \/>\n<meta name=\"twitter:card\" content=\"summary_large_image\" \/>\n<meta name=\"twitter:site\" content=\"@EfixNet\" \/>\n<meta name=\"twitter:label1\" content=\"Tiempo de lectura\" \/>\n\t<meta name=\"twitter:data1\" content=\"2 minutos\" \/>\n<script type=\"application\/ld+json\" class=\"yoast-schema-graph\">{\"@context\":\"https:\/\/schema.org\",\"@graph\":[{\"@type\":\"WebPage\",\"@id\":\"https:\/\/talent.efix.net\/es\/a-efix\/historia\/\",\"url\":\"https:\/\/talent.efix.net\/es\/a-efix\/historia\/\",\"name\":\"Efix | Historia\",\"isPartOf\":{\"@id\":\"https:\/\/talent.efix.net\/es\/#website\"},\"primaryImageOfPage\":{\"@id\":\"https:\/\/talent.efix.net\/es\/a-efix\/historia\/#primaryimage\"},\"image\":{\"@id\":\"https:\/\/talent.efix.net\/es\/a-efix\/historia\/#primaryimage\"},\"thumbnailUrl\":\"https:\/\/talent.efix.net\/es\/wp-content\/uploads\/sites\/3\/2011\/07\/historia.jpg\",\"datePublished\":\"2011-07-28T21:55:47+00:00\",\"dateModified\":\"2024-03-13T20:55:40+00:00\",\"description\":\"Desde los a\u00f1os 90, Efix es pionera en la nube y en sistemas estrat\u00e9gicos de gesti\u00f3n de personas.\",\"breadcrumb\":{\"@id\":\"https:\/\/talent.efix.net\/es\/a-efix\/historia\/#breadcrumb\"},\"inLanguage\":\"es\",\"potentialAction\":[{\"@type\":\"ReadAction\",\"target\":[\"https:\/\/talent.efix.net\/es\/a-efix\/historia\/\"]}]},{\"@type\":\"ImageObject\",\"inLanguage\":\"es\",\"@id\":\"https:\/\/talent.efix.net\/es\/a-efix\/historia\/#primaryimage\",\"url\":\"https:\/\/talent.efix.net\/es\/wp-content\/uploads\/sites\/3\/2011\/07\/historia.jpg\",\"contentUrl\":\"https:\/\/talent.efix.net\/es\/wp-content\/uploads\/sites\/3\/2011\/07\/historia.jpg\",\"width\":962,\"height\":137},{\"@type\":\"BreadcrumbList\",\"@id\":\"https:\/\/talent.efix.net\/es\/a-efix\/historia\/#breadcrumb\",\"itemListElement\":[{\"@type\":\"ListItem\",\"position\":1,\"name\":\"Home\",\"item\":\"https:\/\/talent.efix.net\/es\/\"},{\"@type\":\"ListItem\",\"position\":2,\"name\":\"A Efix\",\"item\":\"https:\/\/talent.efix.net\/es\/a-efix\/\"},{\"@type\":\"ListItem\",\"position\":3,\"name\":\"Historia\"}]},{\"@type\":\"WebSite\",\"@id\":\"https:\/\/talent.efix.net\/es\/#website\",\"url\":\"https:\/\/talent.efix.net\/es\/\",\"name\":\"EFix\",\"description\":\"Soluciones para la gesti\u00f3n estrat\u00e9gica de personas\",\"publisher\":{\"@id\":\"https:\/\/talent.efix.net\/es\/#organization\"},\"potentialAction\":[{\"@type\":\"SearchAction\",\"target\":{\"@type\":\"EntryPoint\",\"urlTemplate\":\"https:\/\/talent.efix.net\/es\/?s={search_term_string}\"},\"query-input\":\"required name=search_term_string\"}],\"inLanguage\":\"es\"},{\"@type\":\"Organization\",\"@id\":\"https:\/\/talent.efix.net\/es\/#organization\",\"name\":\"EFix\",\"url\":\"https:\/\/talent.efix.net\/es\/\",\"logo\":{\"@type\":\"ImageObject\",\"inLanguage\":\"es\",\"@id\":\"https:\/\/talent.efix.net\/es\/#\/schema\/logo\/image\/\",\"url\":\"http:\/\/talent.efix.net\/es\/wp-content\/uploads\/sites\/3\/2024\/03\/logo.png\",\"contentUrl\":\"http:\/\/talent.efix.net\/es\/wp-content\/uploads\/sites\/3\/2024\/03\/logo.png\",\"width\":103,\"height\":77,\"caption\":\"EFix\"},\"image\":{\"@id\":\"https:\/\/talent.efix.net\/es\/#\/schema\/logo\/image\/\"},\"sameAs\":[\"https:\/\/www.facebook.com\/efixnet\",\"https:\/\/twitter.com\/EfixNet\"]}]}<\/script>\n<!-- \/ Yoast SEO plugin. -->","yoast_head_json":{"title":"Efix | Historia","description":"Desde los a\u00f1os 90, Efix es pionera en la nube y en sistemas estrat\u00e9gicos de gesti\u00f3n de personas.","robots":{"index":"index","follow":"follow","max-snippet":"max-snippet:-1","max-image-preview":"max-image-preview:large","max-video-preview":"max-video-preview:-1"},"canonical":"https:\/\/talent.efix.net\/es\/a-efix\/historia\/","og_locale":"es_ES","og_type":"article","og_title":"Efix | Historia","og_description":"Desde los a\u00f1os 90, Efix es pionera en la nube y en sistemas estrat\u00e9gicos de gesti\u00f3n de personas.","og_url":"https:\/\/talent.efix.net\/es\/a-efix\/historia\/","og_site_name":"EFix Espa\u00f1ol","article_publisher":"https:\/\/www.facebook.com\/efixnet","article_modified_time":"2024-03-13T20:55:40+00:00","og_image":[{"width":962,"height":137,"url":"https:\/\/talent.efix.net\/es\/wp-content\/uploads\/sites\/3\/2011\/07\/historia.jpg","type":"image\/jpeg"}],"twitter_card":"summary_large_image","twitter_site":"@EfixNet","twitter_misc":{"Tiempo de lectura":"2 minutos"},"schema":{"@context":"https:\/\/schema.org","@graph":[{"@type":"WebPage","@id":"https:\/\/talent.efix.net\/es\/a-efix\/historia\/","url":"https:\/\/talent.efix.net\/es\/a-efix\/historia\/","name":"Efix | Historia","isPartOf":{"@id":"https:\/\/talent.efix.net\/es\/#website"},"primaryImageOfPage":{"@id":"https:\/\/talent.efix.net\/es\/a-efix\/historia\/#primaryimage"},"image":{"@id":"https:\/\/talent.efix.net\/es\/a-efix\/historia\/#primaryimage"},"thumbnailUrl":"https:\/\/talent.efix.net\/es\/wp-content\/uploads\/sites\/3\/2011\/07\/historia.jpg","datePublished":"2011-07-28T21:55:47+00:00","dateModified":"2024-03-13T20:55:40+00:00","description":"Desde los a\u00f1os 90, Efix es pionera en la nube y en sistemas estrat\u00e9gicos de gesti\u00f3n de personas.","breadcrumb":{"@id":"https:\/\/talent.efix.net\/es\/a-efix\/historia\/#breadcrumb"},"inLanguage":"es","potentialAction":[{"@type":"ReadAction","target":["https:\/\/talent.efix.net\/es\/a-efix\/historia\/"]}]},{"@type":"ImageObject","inLanguage":"es","@id":"https:\/\/talent.efix.net\/es\/a-efix\/historia\/#primaryimage","url":"https:\/\/talent.efix.net\/es\/wp-content\/uploads\/sites\/3\/2011\/07\/historia.jpg","contentUrl":"https:\/\/talent.efix.net\/es\/wp-content\/uploads\/sites\/3\/2011\/07\/historia.jpg","width":962,"height":137},{"@type":"BreadcrumbList","@id":"https:\/\/talent.efix.net\/es\/a-efix\/historia\/#breadcrumb","itemListElement":[{"@type":"ListItem","position":1,"name":"Home","item":"https:\/\/talent.efix.net\/es\/"},{"@type":"ListItem","position":2,"name":"A Efix","item":"https:\/\/talent.efix.net\/es\/a-efix\/"},{"@type":"ListItem","position":3,"name":"Historia"}]},{"@type":"WebSite","@id":"https:\/\/talent.efix.net\/es\/#website","url":"https:\/\/talent.efix.net\/es\/","name":"EFix","description":"Soluciones para la gesti\u00f3n estrat\u00e9gica de personas","publisher":{"@id":"https:\/\/talent.efix.net\/es\/#organization"},"potentialAction":[{"@type":"SearchAction","target":{"@type":"EntryPoint","urlTemplate":"https:\/\/talent.efix.net\/es\/?s={search_term_string}"},"query-input":"required name=search_term_string"}],"inLanguage":"es"},{"@type":"Organization","@id":"https:\/\/talent.efix.net\/es\/#organization","name":"EFix","url":"https:\/\/talent.efix.net\/es\/","logo":{"@type":"ImageObject","inLanguage":"es","@id":"https:\/\/talent.efix.net\/es\/#\/schema\/logo\/image\/","url":"http:\/\/talent.efix.net\/es\/wp-content\/uploads\/sites\/3\/2024\/03\/logo.png","contentUrl":"http:\/\/talent.efix.net\/es\/wp-content\/uploads\/sites\/3\/2024\/03\/logo.png","width":103,"height":77,"caption":"EFix"},"image":{"@id":"https:\/\/talent.efix.net\/es\/#\/schema\/logo\/image\/"},"sameAs":["https:\/\/www.facebook.com\/efixnet","https:\/\/twitter.com\/EfixNet"]}]}},"_links":{"self":[{"href":"https:\/\/talent.efix.net\/es\/wp-json\/wp\/v2\/pages\/24"}],"collection":[{"href":"https:\/\/talent.efix.net\/es\/wp-json\/wp\/v2\/pages"}],"about":[{"href":"https:\/\/talent.efix.net\/es\/wp-json\/wp\/v2\/types\/page"}],"author":[{"embeddable":true,"href":"https:\/\/talent.efix.net\/es\/wp-json\/wp\/v2\/users\/1"}],"replies":[{"embeddable":true,"href":"https:\/\/talent.efix.net\/es\/wp-json\/wp\/v2\/comments?post=24"}],"version-history":[{"count":1,"href":"https:\/\/talent.efix.net\/es\/wp-json\/wp\/v2\/pages\/24\/revisions"}],"predecessor-version":[{"id":643,"href":"https:\/\/talent.efix.net\/es\/wp-json\/wp\/v2\/pages\/24\/revisions\/643"}],"up":[{"embeddable":true,"href":"https:\/\/talent.efix.net\/es\/wp-json\/wp\/v2\/pages\/156"}],"wp:featuredmedia":[{"embeddable":true,"href":"https:\/\/talent.efix.net\/es\/wp-json\/wp\/v2\/media\/322"}],"wp:attachment":[{"href":"https:\/\/talent.efix.net\/es\/wp-json\/wp\/v2\/media?parent=24"}],"curies":[{"name":"wp","href":"https:\/\/api.w.org\/{rel}","templated":true}]}}