{"id":156,"date":"2011-08-08T19:00:55","date_gmt":"2011-08-08T19:00:55","guid":{"rendered":"http:\/\/zira.com.br\/laboratorio\/efix\/?page_id=156"},"modified":"2024-03-13T16:58:32","modified_gmt":"2024-03-13T19:58:32","slug":"a-efix","status":"publish","type":"page","link":"https:\/\/talent.efix.net\/es\/a-efix\/","title":{"rendered":"A Efix"},"content":{"rendered":"<p><em><strong>Efix<\/strong><\/em> naci\u00f3 de la convicci\u00f3n de sus socios de que era necesario construir una tecnolog\u00eda de gesti\u00f3n de personas que abarcara la necesidad de las empresas, sean ellas peque\u00f1as, medianas o grandes corporaciones.<br \/>\nEmpresa con visi\u00f3n global, nascida en Brasil, <em><strong>Efix<\/strong><\/em> entiende como nadie la realidad de las empresas brasile\u00f1as, ofreciendo soluciones pensadas para atender las necesidades de las \u00e1reas de Gesti\u00f3n de Personas de empresas brasile\u00f1as o extranjeras con actuaci\u00f3n local o global. Sepa m\u00e1s sobre la empresa en esta p\u00e1gina.<\/p>\n","protected":false},"excerpt":{"rendered":"<p>Efix naci\u00f3 de la convicci\u00f3n de sus socios de que era necesario construir una tecnolog\u00eda de gesti\u00f3n de personas que abarcara la necesidad de las empresas, sean ellas peque\u00f1as, medianas o grandes corporaciones. Empresa con visi\u00f3n global, nascida en Brasil, Efix entiende como nadie la realidad de las empresas brasile\u00f1as, ofreciendo soluciones pensadas para atender las necesidades de las \u00e1reas de Gesti\u00f3n de Personas de empresas brasile\u00f1as o extranjeras con actuaci\u00f3n local o global. Sepa m\u00e1s sobre la empresa en esta p\u00e1gina.<\/p>\n","protected":false},"author":1,"featured_media":307,"parent":0,"menu_order":0,"comment_status":"open","ping_status":"open","template":"modelo-a-efix.php","meta":{"footnotes":""},"yoast_head":"<!-- This site is optimized with the Yoast SEO plugin v22.2 - https:\/\/yoast.com\/wordpress\/plugins\/seo\/ -->\n<title>Efix<\/title>\n<meta name=\"description\" content=\"Efix es pionero tanto en soluciones Cloud como en sistemas estrat\u00e9gicos de gesti\u00f3n de personas basados \u200b\u200ben herramientas web.\" \/>\n<meta name=\"robots\" content=\"index, follow, max-snippet:-1, max-image-preview:large, max-video-preview:-1\" \/>\n<link rel=\"canonical\" href=\"https:\/\/talent.efix.net\/es\/a-efix\/\" \/>\n<meta property=\"og:locale\" content=\"es_ES\" \/>\n<meta property=\"og:type\" content=\"article\" \/>\n<meta property=\"og:title\" content=\"Efix\" \/>\n<meta property=\"og:description\" content=\"Efix es pionero tanto en soluciones Cloud como en sistemas estrat\u00e9gicos de gesti\u00f3n de personas basados \u200b\u200ben herramientas web.\" \/>\n<meta property=\"og:url\" content=\"https:\/\/talent.efix.net\/es\/a-efix\/\" \/>\n<meta property=\"og:site_name\" content=\"EFix Espa\u00f1ol\" \/>\n<meta property=\"article:publisher\" content=\"https:\/\/www.facebook.com\/efixnet\" \/>\n<meta property=\"article:modified_time\" content=\"2024-03-13T19:58:32+00:00\" \/>\n<meta property=\"og:image\" content=\"https:\/\/talent.efix.net\/es\/wp-content\/uploads\/sites\/3\/2011\/08\/aefix.jpg\" \/>\n\t<meta property=\"og:image:width\" content=\"962\" \/>\n\t<meta property=\"og:image:height\" content=\"137\" \/>\n\t<meta property=\"og:image:type\" content=\"image\/jpeg\" \/>\n<meta name=\"twitter:card\" content=\"summary_large_image\" \/>\n<meta name=\"twitter:site\" content=\"@EfixNet\" \/>\n<meta name=\"twitter:label1\" content=\"Tiempo de lectura\" \/>\n\t<meta name=\"twitter:data1\" content=\"1 minuto\" \/>\n<script type=\"application\/ld+json\" class=\"yoast-schema-graph\">{\"@context\":\"https:\/\/schema.org\",\"@graph\":[{\"@type\":\"WebPage\",\"@id\":\"https:\/\/talent.efix.net\/es\/a-efix\/\",\"url\":\"https:\/\/talent.efix.net\/es\/a-efix\/\",\"name\":\"Efix\",\"isPartOf\":{\"@id\":\"https:\/\/talent.efix.net\/es\/#website\"},\"primaryImageOfPage\":{\"@id\":\"https:\/\/talent.efix.net\/es\/a-efix\/#primaryimage\"},\"image\":{\"@id\":\"https:\/\/talent.efix.net\/es\/a-efix\/#primaryimage\"},\"thumbnailUrl\":\"https:\/\/talent.efix.net\/es\/wp-content\/uploads\/sites\/3\/2011\/08\/aefix.jpg\",\"datePublished\":\"2011-08-08T19:00:55+00:00\",\"dateModified\":\"2024-03-13T19:58:32+00:00\",\"description\":\"Efix es pionero tanto en soluciones Cloud como en sistemas estrat\u00e9gicos de gesti\u00f3n de personas basados \u200b\u200ben herramientas web.\",\"breadcrumb\":{\"@id\":\"https:\/\/talent.efix.net\/es\/a-efix\/#breadcrumb\"},\"inLanguage\":\"es\",\"potentialAction\":[{\"@type\":\"ReadAction\",\"target\":[\"https:\/\/talent.efix.net\/es\/a-efix\/\"]}]},{\"@type\":\"ImageObject\",\"inLanguage\":\"es\",\"@id\":\"https:\/\/talent.efix.net\/es\/a-efix\/#primaryimage\",\"url\":\"https:\/\/talent.efix.net\/es\/wp-content\/uploads\/sites\/3\/2011\/08\/aefix.jpg\",\"contentUrl\":\"https:\/\/talent.efix.net\/es\/wp-content\/uploads\/sites\/3\/2011\/08\/aefix.jpg\",\"width\":962,\"height\":137},{\"@type\":\"BreadcrumbList\",\"@id\":\"https:\/\/talent.efix.net\/es\/a-efix\/#breadcrumb\",\"itemListElement\":[{\"@type\":\"ListItem\",\"position\":1,\"name\":\"Home\",\"item\":\"https:\/\/talent.efix.net\/es\/\"},{\"@type\":\"ListItem\",\"position\":2,\"name\":\"A Efix\"}]},{\"@type\":\"WebSite\",\"@id\":\"https:\/\/talent.efix.net\/es\/#website\",\"url\":\"https:\/\/talent.efix.net\/es\/\",\"name\":\"EFix\",\"description\":\"Soluciones para la gesti\u00f3n estrat\u00e9gica de personas\",\"publisher\":{\"@id\":\"https:\/\/talent.efix.net\/es\/#organization\"},\"potentialAction\":[{\"@type\":\"SearchAction\",\"target\":{\"@type\":\"EntryPoint\",\"urlTemplate\":\"https:\/\/talent.efix.net\/es\/?s={search_term_string}\"},\"query-input\":\"required name=search_term_string\"}],\"inLanguage\":\"es\"},{\"@type\":\"Organization\",\"@id\":\"https:\/\/talent.efix.net\/es\/#organization\",\"name\":\"EFix\",\"url\":\"https:\/\/talent.efix.net\/es\/\",\"logo\":{\"@type\":\"ImageObject\",\"inLanguage\":\"es\",\"@id\":\"https:\/\/talent.efix.net\/es\/#\/schema\/logo\/image\/\",\"url\":\"http:\/\/talent.efix.net\/es\/wp-content\/uploads\/sites\/3\/2024\/03\/logo.png\",\"contentUrl\":\"http:\/\/talent.efix.net\/es\/wp-content\/uploads\/sites\/3\/2024\/03\/logo.png\",\"width\":103,\"height\":77,\"caption\":\"EFix\"},\"image\":{\"@id\":\"https:\/\/talent.efix.net\/es\/#\/schema\/logo\/image\/\"},\"sameAs\":[\"https:\/\/www.facebook.com\/efixnet\",\"https:\/\/twitter.com\/EfixNet\"]}]}<\/script>\n<!-- \/ Yoast SEO plugin. -->","yoast_head_json":{"title":"Efix","description":"Efix es pionero tanto en soluciones Cloud como en sistemas estrat\u00e9gicos de gesti\u00f3n de personas basados \u200b\u200ben herramientas web.","robots":{"index":"index","follow":"follow","max-snippet":"max-snippet:-1","max-image-preview":"max-image-preview:large","max-video-preview":"max-video-preview:-1"},"canonical":"https:\/\/talent.efix.net\/es\/a-efix\/","og_locale":"es_ES","og_type":"article","og_title":"Efix","og_description":"Efix es pionero tanto en soluciones Cloud como en sistemas estrat\u00e9gicos de gesti\u00f3n de personas basados \u200b\u200ben herramientas web.","og_url":"https:\/\/talent.efix.net\/es\/a-efix\/","og_site_name":"EFix Espa\u00f1ol","article_publisher":"https:\/\/www.facebook.com\/efixnet","article_modified_time":"2024-03-13T19:58:32+00:00","og_image":[{"width":962,"height":137,"url":"https:\/\/talent.efix.net\/es\/wp-content\/uploads\/sites\/3\/2011\/08\/aefix.jpg","type":"image\/jpeg"}],"twitter_card":"summary_large_image","twitter_site":"@EfixNet","twitter_misc":{"Tiempo de lectura":"1 minuto"},"schema":{"@context":"https:\/\/schema.org","@graph":[{"@type":"WebPage","@id":"https:\/\/talent.efix.net\/es\/a-efix\/","url":"https:\/\/talent.efix.net\/es\/a-efix\/","name":"Efix","isPartOf":{"@id":"https:\/\/talent.efix.net\/es\/#website"},"primaryImageOfPage":{"@id":"https:\/\/talent.efix.net\/es\/a-efix\/#primaryimage"},"image":{"@id":"https:\/\/talent.efix.net\/es\/a-efix\/#primaryimage"},"thumbnailUrl":"https:\/\/talent.efix.net\/es\/wp-content\/uploads\/sites\/3\/2011\/08\/aefix.jpg","datePublished":"2011-08-08T19:00:55+00:00","dateModified":"2024-03-13T19:58:32+00:00","description":"Efix es pionero tanto en soluciones Cloud como en sistemas estrat\u00e9gicos de gesti\u00f3n de personas basados \u200b\u200ben herramientas web.","breadcrumb":{"@id":"https:\/\/talent.efix.net\/es\/a-efix\/#breadcrumb"},"inLanguage":"es","potentialAction":[{"@type":"ReadAction","target":["https:\/\/talent.efix.net\/es\/a-efix\/"]}]},{"@type":"ImageObject","inLanguage":"es","@id":"https:\/\/talent.efix.net\/es\/a-efix\/#primaryimage","url":"https:\/\/talent.efix.net\/es\/wp-content\/uploads\/sites\/3\/2011\/08\/aefix.jpg","contentUrl":"https:\/\/talent.efix.net\/es\/wp-content\/uploads\/sites\/3\/2011\/08\/aefix.jpg","width":962,"height":137},{"@type":"BreadcrumbList","@id":"https:\/\/talent.efix.net\/es\/a-efix\/#breadcrumb","itemListElement":[{"@type":"ListItem","position":1,"name":"Home","item":"https:\/\/talent.efix.net\/es\/"},{"@type":"ListItem","position":2,"name":"A Efix"}]},{"@type":"WebSite","@id":"https:\/\/talent.efix.net\/es\/#website","url":"https:\/\/talent.efix.net\/es\/","name":"EFix","description":"Soluciones para la gesti\u00f3n estrat\u00e9gica de personas","publisher":{"@id":"https:\/\/talent.efix.net\/es\/#organization"},"potentialAction":[{"@type":"SearchAction","target":{"@type":"EntryPoint","urlTemplate":"https:\/\/talent.efix.net\/es\/?s={search_term_string}"},"query-input":"required name=search_term_string"}],"inLanguage":"es"},{"@type":"Organization","@id":"https:\/\/talent.efix.net\/es\/#organization","name":"EFix","url":"https:\/\/talent.efix.net\/es\/","logo":{"@type":"ImageObject","inLanguage":"es","@id":"https:\/\/talent.efix.net\/es\/#\/schema\/logo\/image\/","url":"http:\/\/talent.efix.net\/es\/wp-content\/uploads\/sites\/3\/2024\/03\/logo.png","contentUrl":"http:\/\/talent.efix.net\/es\/wp-content\/uploads\/sites\/3\/2024\/03\/logo.png","width":103,"height":77,"caption":"EFix"},"image":{"@id":"https:\/\/talent.efix.net\/es\/#\/schema\/logo\/image\/"},"sameAs":["https:\/\/www.facebook.com\/efixnet","https:\/\/twitter.com\/EfixNet"]}]}},"_links":{"self":[{"href":"https:\/\/talent.efix.net\/es\/wp-json\/wp\/v2\/pages\/156"}],"collection":[{"href":"https:\/\/talent.efix.net\/es\/wp-json\/wp\/v2\/pages"}],"about":[{"href":"https:\/\/talent.efix.net\/es\/wp-json\/wp\/v2\/types\/page"}],"author":[{"embeddable":true,"href":"https:\/\/talent.efix.net\/es\/wp-json\/wp\/v2\/users\/1"}],"replies":[{"embeddable":true,"href":"https:\/\/talent.efix.net\/es\/wp-json\/wp\/v2\/comments?post=156"}],"version-history":[{"count":1,"href":"https:\/\/talent.efix.net\/es\/wp-json\/wp\/v2\/pages\/156\/revisions"}],"predecessor-version":[{"id":860,"href":"https:\/\/talent.efix.net\/es\/wp-json\/wp\/v2\/pages\/156\/revisions\/860"}],"wp:featuredmedia":[{"embeddable":true,"href":"https:\/\/talent.efix.net\/es\/wp-json\/wp\/v2\/media\/307"}],"wp:attachment":[{"href":"https:\/\/talent.efix.net\/es\/wp-json\/wp\/v2\/media?parent=156"}],"curies":[{"name":"wp","href":"https:\/\/api.w.org\/{rel}","templated":true}]}}