{"id":116,"date":"2011-08-08T17:46:30","date_gmt":"2011-08-08T17:46:30","guid":{"rendered":"http:\/\/zira.com.br\/laboratorio\/efix\/?page_id=116"},"modified":"2024-03-13T16:46:34","modified_gmt":"2024-03-13T19:46:34","slug":"suporte","status":"publish","type":"page","link":"https:\/\/talent.efix.net\/es\/servicos\/suporte\/","title":{"rendered":"Soporte"},"content":{"rendered":"<h2>Overview<\/h2>\n<p>El nivel de soporte para un sistema de gesti\u00f3n de personas debe ser siempre definido por su empresa, que administra, as\u00ed, tambi\u00e9n los costos.<br \/>\nEn <em><strong>Efix<\/strong><\/em> usted puede contar con la resoluci\u00f3n de problemas por varios canales, desde una atenci\u00f3n especializada v\u00eda e-mail, hasta el apoyo de equipos especializados y dedicados que atienden su empresa y su equipo tanto por e-mail como por tel\u00e9fono y, hasta, personalmente.<\/p>\n<h2>Soluci\u00f3n<\/h2>\n<ul>\n<li>Resuelva problemas con eficiencia<\/li>\n<li>Controle y defina los costos del soporte<\/li>\n<li>Tenga siempre a la mano atenci\u00f3n especializada en la resoluci\u00f3n de problemas<\/li>\n<li>Mantenga al equipo siempre preparado para usar lo mejor del sistema<\/li>\n<\/ul>\n<h2>M\u00e1s Info<\/h2>\n<p>Rellene el <a href=\"https:\/\/talent.efix.net\/es\/contato\/\">formulario<\/a> para que nuestro equipo de relaciones que est\u00e1 preparado para esclarecer cualquier duda sobre los servicios de consultor\u00eda para implementaci\u00f3n de los sistemas de <em><strong>Efix<\/strong><\/em>, se ponga en contacto con usted.<\/p>\n","protected":false},"excerpt":{"rendered":"<p>Overview El nivel de soporte para un sistema de gesti\u00f3n de personas debe ser siempre definido por su empresa, que administra, as\u00ed, tambi\u00e9n los costos. En Efix usted puede contar con la resoluci\u00f3n de problemas por varios canales, desde una atenci\u00f3n especializada v\u00eda e-mail, hasta el apoyo de equipos especializados y dedicados que atienden su empresa y su equipo tanto por e-mail como por tel\u00e9fono y, hasta, personalmente. Soluci\u00f3n Resuelva problemas con eficiencia Controle y defina los costos del soporte Tenga siempre a la mano atenci\u00f3n especializada en la resoluci\u00f3n de problemas Mantenga al equipo siempre preparado para usar lo [&hellip;]<\/p>\n","protected":false},"author":1,"featured_media":329,"parent":7,"menu_order":2,"comment_status":"open","ping_status":"closed","template":"modelo-servicos.php","meta":{"footnotes":""},"yoast_head":"<!-- This site is optimized with the Yoast SEO plugin v22.2 - https:\/\/yoast.com\/wordpress\/plugins\/seo\/ -->\n<title>Efix | Soporte<\/title>\n<meta name=\"description\" content=\"Resuelva problemas con eficiencia y tenga siempre a la mano atenci\u00f3n especializada en la resoluci\u00f3n de problemas\" \/>\n<meta name=\"robots\" content=\"index, follow, max-snippet:-1, max-image-preview:large, max-video-preview:-1\" \/>\n<link rel=\"canonical\" href=\"https:\/\/talent.efix.net\/es\/servicos\/suporte\/\" \/>\n<meta property=\"og:locale\" content=\"es_ES\" \/>\n<meta property=\"og:type\" content=\"article\" \/>\n<meta property=\"og:title\" content=\"Efix | Soporte\" \/>\n<meta property=\"og:description\" content=\"Resuelva problemas con eficiencia y tenga siempre a la mano atenci\u00f3n especializada en la resoluci\u00f3n de problemas\" \/>\n<meta property=\"og:url\" content=\"https:\/\/talent.efix.net\/es\/servicos\/suporte\/\" \/>\n<meta property=\"og:site_name\" content=\"EFix Espa\u00f1ol\" \/>\n<meta property=\"article:publisher\" content=\"https:\/\/www.facebook.com\/efixnet\" \/>\n<meta property=\"article:modified_time\" content=\"2024-03-13T19:46:34+00:00\" \/>\n<meta property=\"og:image\" content=\"https:\/\/talent.efix.net\/es\/wp-content\/uploads\/sites\/3\/2011\/08\/suporte.jpg\" \/>\n\t<meta property=\"og:image:width\" content=\"962\" \/>\n\t<meta property=\"og:image:height\" content=\"137\" \/>\n\t<meta property=\"og:image:type\" content=\"image\/jpeg\" \/>\n<meta name=\"twitter:card\" content=\"summary_large_image\" \/>\n<meta name=\"twitter:site\" content=\"@EfixNet\" \/>\n<meta name=\"twitter:label1\" content=\"Tiempo de lectura\" \/>\n\t<meta name=\"twitter:data1\" content=\"1 minuto\" \/>\n<script type=\"application\/ld+json\" class=\"yoast-schema-graph\">{\"@context\":\"https:\/\/schema.org\",\"@graph\":[{\"@type\":\"WebPage\",\"@id\":\"https:\/\/talent.efix.net\/es\/servicos\/suporte\/\",\"url\":\"https:\/\/talent.efix.net\/es\/servicos\/suporte\/\",\"name\":\"Efix | Soporte\",\"isPartOf\":{\"@id\":\"https:\/\/talent.efix.net\/es\/#website\"},\"primaryImageOfPage\":{\"@id\":\"https:\/\/talent.efix.net\/es\/servicos\/suporte\/#primaryimage\"},\"image\":{\"@id\":\"https:\/\/talent.efix.net\/es\/servicos\/suporte\/#primaryimage\"},\"thumbnailUrl\":\"https:\/\/talent.efix.net\/es\/wp-content\/uploads\/sites\/3\/2011\/08\/suporte.jpg\",\"datePublished\":\"2011-08-08T17:46:30+00:00\",\"dateModified\":\"2024-03-13T19:46:34+00:00\",\"description\":\"Resuelva problemas con eficiencia y tenga siempre a la mano atenci\u00f3n especializada en la resoluci\u00f3n de problemas\",\"breadcrumb\":{\"@id\":\"https:\/\/talent.efix.net\/es\/servicos\/suporte\/#breadcrumb\"},\"inLanguage\":\"es\",\"potentialAction\":[{\"@type\":\"ReadAction\",\"target\":[\"https:\/\/talent.efix.net\/es\/servicos\/suporte\/\"]}]},{\"@type\":\"ImageObject\",\"inLanguage\":\"es\",\"@id\":\"https:\/\/talent.efix.net\/es\/servicos\/suporte\/#primaryimage\",\"url\":\"https:\/\/talent.efix.net\/es\/wp-content\/uploads\/sites\/3\/2011\/08\/suporte.jpg\",\"contentUrl\":\"https:\/\/talent.efix.net\/es\/wp-content\/uploads\/sites\/3\/2011\/08\/suporte.jpg\",\"width\":962,\"height\":137},{\"@type\":\"BreadcrumbList\",\"@id\":\"https:\/\/talent.efix.net\/es\/servicos\/suporte\/#breadcrumb\",\"itemListElement\":[{\"@type\":\"ListItem\",\"position\":1,\"name\":\"Home\",\"item\":\"https:\/\/talent.efix.net\/es\/\"},{\"@type\":\"ListItem\",\"position\":2,\"name\":\"Servicios\",\"item\":\"https:\/\/talent.efix.net\/es\/servicos\/\"},{\"@type\":\"ListItem\",\"position\":3,\"name\":\"Soporte\"}]},{\"@type\":\"WebSite\",\"@id\":\"https:\/\/talent.efix.net\/es\/#website\",\"url\":\"https:\/\/talent.efix.net\/es\/\",\"name\":\"EFix\",\"description\":\"Soluciones para la gesti\u00f3n estrat\u00e9gica de personas\",\"publisher\":{\"@id\":\"https:\/\/talent.efix.net\/es\/#organization\"},\"potentialAction\":[{\"@type\":\"SearchAction\",\"target\":{\"@type\":\"EntryPoint\",\"urlTemplate\":\"https:\/\/talent.efix.net\/es\/?s={search_term_string}\"},\"query-input\":\"required name=search_term_string\"}],\"inLanguage\":\"es\"},{\"@type\":\"Organization\",\"@id\":\"https:\/\/talent.efix.net\/es\/#organization\",\"name\":\"EFix\",\"url\":\"https:\/\/talent.efix.net\/es\/\",\"logo\":{\"@type\":\"ImageObject\",\"inLanguage\":\"es\",\"@id\":\"https:\/\/talent.efix.net\/es\/#\/schema\/logo\/image\/\",\"url\":\"http:\/\/talent.efix.net\/es\/wp-content\/uploads\/sites\/3\/2024\/03\/logo.png\",\"contentUrl\":\"http:\/\/talent.efix.net\/es\/wp-content\/uploads\/sites\/3\/2024\/03\/logo.png\",\"width\":103,\"height\":77,\"caption\":\"EFix\"},\"image\":{\"@id\":\"https:\/\/talent.efix.net\/es\/#\/schema\/logo\/image\/\"},\"sameAs\":[\"https:\/\/www.facebook.com\/efixnet\",\"https:\/\/twitter.com\/EfixNet\"]}]}<\/script>\n<!-- \/ Yoast SEO plugin. -->","yoast_head_json":{"title":"Efix | Soporte","description":"Resuelva problemas con eficiencia y tenga siempre a la mano atenci\u00f3n especializada en la resoluci\u00f3n de problemas","robots":{"index":"index","follow":"follow","max-snippet":"max-snippet:-1","max-image-preview":"max-image-preview:large","max-video-preview":"max-video-preview:-1"},"canonical":"https:\/\/talent.efix.net\/es\/servicos\/suporte\/","og_locale":"es_ES","og_type":"article","og_title":"Efix | Soporte","og_description":"Resuelva problemas con eficiencia y tenga siempre a la mano atenci\u00f3n especializada en la resoluci\u00f3n de problemas","og_url":"https:\/\/talent.efix.net\/es\/servicos\/suporte\/","og_site_name":"EFix Espa\u00f1ol","article_publisher":"https:\/\/www.facebook.com\/efixnet","article_modified_time":"2024-03-13T19:46:34+00:00","og_image":[{"width":962,"height":137,"url":"https:\/\/talent.efix.net\/es\/wp-content\/uploads\/sites\/3\/2011\/08\/suporte.jpg","type":"image\/jpeg"}],"twitter_card":"summary_large_image","twitter_site":"@EfixNet","twitter_misc":{"Tiempo de lectura":"1 minuto"},"schema":{"@context":"https:\/\/schema.org","@graph":[{"@type":"WebPage","@id":"https:\/\/talent.efix.net\/es\/servicos\/suporte\/","url":"https:\/\/talent.efix.net\/es\/servicos\/suporte\/","name":"Efix | Soporte","isPartOf":{"@id":"https:\/\/talent.efix.net\/es\/#website"},"primaryImageOfPage":{"@id":"https:\/\/talent.efix.net\/es\/servicos\/suporte\/#primaryimage"},"image":{"@id":"https:\/\/talent.efix.net\/es\/servicos\/suporte\/#primaryimage"},"thumbnailUrl":"https:\/\/talent.efix.net\/es\/wp-content\/uploads\/sites\/3\/2011\/08\/suporte.jpg","datePublished":"2011-08-08T17:46:30+00:00","dateModified":"2024-03-13T19:46:34+00:00","description":"Resuelva problemas con eficiencia y tenga siempre a la mano atenci\u00f3n especializada en la resoluci\u00f3n de problemas","breadcrumb":{"@id":"https:\/\/talent.efix.net\/es\/servicos\/suporte\/#breadcrumb"},"inLanguage":"es","potentialAction":[{"@type":"ReadAction","target":["https:\/\/talent.efix.net\/es\/servicos\/suporte\/"]}]},{"@type":"ImageObject","inLanguage":"es","@id":"https:\/\/talent.efix.net\/es\/servicos\/suporte\/#primaryimage","url":"https:\/\/talent.efix.net\/es\/wp-content\/uploads\/sites\/3\/2011\/08\/suporte.jpg","contentUrl":"https:\/\/talent.efix.net\/es\/wp-content\/uploads\/sites\/3\/2011\/08\/suporte.jpg","width":962,"height":137},{"@type":"BreadcrumbList","@id":"https:\/\/talent.efix.net\/es\/servicos\/suporte\/#breadcrumb","itemListElement":[{"@type":"ListItem","position":1,"name":"Home","item":"https:\/\/talent.efix.net\/es\/"},{"@type":"ListItem","position":2,"name":"Servicios","item":"https:\/\/talent.efix.net\/es\/servicos\/"},{"@type":"ListItem","position":3,"name":"Soporte"}]},{"@type":"WebSite","@id":"https:\/\/talent.efix.net\/es\/#website","url":"https:\/\/talent.efix.net\/es\/","name":"EFix","description":"Soluciones para la gesti\u00f3n estrat\u00e9gica de personas","publisher":{"@id":"https:\/\/talent.efix.net\/es\/#organization"},"potentialAction":[{"@type":"SearchAction","target":{"@type":"EntryPoint","urlTemplate":"https:\/\/talent.efix.net\/es\/?s={search_term_string}"},"query-input":"required name=search_term_string"}],"inLanguage":"es"},{"@type":"Organization","@id":"https:\/\/talent.efix.net\/es\/#organization","name":"EFix","url":"https:\/\/talent.efix.net\/es\/","logo":{"@type":"ImageObject","inLanguage":"es","@id":"https:\/\/talent.efix.net\/es\/#\/schema\/logo\/image\/","url":"http:\/\/talent.efix.net\/es\/wp-content\/uploads\/sites\/3\/2024\/03\/logo.png","contentUrl":"http:\/\/talent.efix.net\/es\/wp-content\/uploads\/sites\/3\/2024\/03\/logo.png","width":103,"height":77,"caption":"EFix"},"image":{"@id":"https:\/\/talent.efix.net\/es\/#\/schema\/logo\/image\/"},"sameAs":["https:\/\/www.facebook.com\/efixnet","https:\/\/twitter.com\/EfixNet"]}]}},"_links":{"self":[{"href":"https:\/\/talent.efix.net\/es\/wp-json\/wp\/v2\/pages\/116"}],"collection":[{"href":"https:\/\/talent.efix.net\/es\/wp-json\/wp\/v2\/pages"}],"about":[{"href":"https:\/\/talent.efix.net\/es\/wp-json\/wp\/v2\/types\/page"}],"author":[{"embeddable":true,"href":"https:\/\/talent.efix.net\/es\/wp-json\/wp\/v2\/users\/1"}],"replies":[{"embeddable":true,"href":"https:\/\/talent.efix.net\/es\/wp-json\/wp\/v2\/comments?post=116"}],"version-history":[{"count":2,"href":"https:\/\/talent.efix.net\/es\/wp-json\/wp\/v2\/pages\/116\/revisions"}],"predecessor-version":[{"id":810,"href":"https:\/\/talent.efix.net\/es\/wp-json\/wp\/v2\/pages\/116\/revisions\/810"}],"up":[{"embeddable":true,"href":"https:\/\/talent.efix.net\/es\/wp-json\/wp\/v2\/pages\/7"}],"wp:featuredmedia":[{"embeddable":true,"href":"https:\/\/talent.efix.net\/es\/wp-json\/wp\/v2\/media\/329"}],"wp:attachment":[{"href":"https:\/\/talent.efix.net\/es\/wp-json\/wp\/v2\/media?parent=116"}],"curies":[{"name":"wp","href":"https:\/\/api.w.org\/{rel}","templated":true}]}}