{"id":112,"date":"2011-08-08T17:42:18","date_gmt":"2011-08-08T17:42:18","guid":{"rendered":"http:\/\/zira.com.br\/laboratorio\/efix\/?page_id=112"},"modified":"2024-03-13T16:37:42","modified_gmt":"2024-03-13T19:37:42","slug":"consultoria","status":"publish","type":"page","link":"https:\/\/talent.efix.net\/es\/servicos\/consultoria\/","title":{"rendered":"Consultor\u00eda"},"content":{"rendered":"<h2>Overview<\/h2>\n<p>No basta s\u00f3lo con contar con un buen sistema de gesti\u00f3n de personas. Es necesario comprender de modo profundo c\u00f3mo ese sistema puede resolver problemas cotidianos y liberar las fuerzas del RH para la gesti\u00f3n estrat\u00e9gica de personas.<br \/>\nEn este sentido, su empresa puede contar con un servicio especializado de consultor\u00eda que la ayudar\u00e1 a comprender los puntos fuertes y d\u00e9biles de la gesti\u00f3n de personas en la compa\u00f1\u00eda, se\u00f1alando los avances que el uso del sistema puede traer tanto para las personas como para la organizaci\u00f3n.<\/p>\n<h2>Soluci\u00f3n<\/h2>\n<ul>\n<li>Comprenda los modelos de gesti\u00f3n de personas de su organizaci\u00f3n<\/li>\n<li>Defina la cobertura de la implementaci\u00f3n del sistema<\/li>\n<li>Conozca los avances que su empresa puede conquistar<\/li>\n<\/ul>\n<h2>M\u00e1s Info<\/h2>\n<p>Rellene el <a href=\"https:\/\/talent.efix.net\/es\/contato\/\">formulario<\/a> para que nuestro equipo de relaciones que est\u00e1 preparado para esclarecer cualquier duda sobre los servicios de consultor\u00eda para implementaci\u00f3n de los sistemas de <em><strong>Efix<\/strong><\/em>, se ponga en contacto con usted.<\/p>\n","protected":false},"excerpt":{"rendered":"<p>Overview No basta s\u00f3lo con contar con un buen sistema de gesti\u00f3n de personas. Es necesario comprender de modo profundo c\u00f3mo ese sistema puede resolver problemas cotidianos y liberar las fuerzas del RH para la gesti\u00f3n estrat\u00e9gica de personas. En este sentido, su empresa puede contar con un servicio especializado de consultor\u00eda que la ayudar\u00e1 a comprender los puntos fuertes y d\u00e9biles de la gesti\u00f3n de personas en la compa\u00f1\u00eda, se\u00f1alando los avances que el uso del sistema puede traer tanto para las personas como para la organizaci\u00f3n. Soluci\u00f3n Comprenda los modelos de gesti\u00f3n de personas de su organizaci\u00f3n Defina [&hellip;]<\/p>\n","protected":false},"author":1,"featured_media":316,"parent":7,"menu_order":0,"comment_status":"open","ping_status":"closed","template":"modelo-servicos.php","meta":{"footnotes":""},"yoast_head":"<!-- This site is optimized with the Yoast SEO plugin v22.2 - https:\/\/yoast.com\/wordpress\/plugins\/seo\/ -->\n<title>Efix | Consultoria<\/title>\n<meta name=\"description\" content=\"Comprenda los modelos de gesti\u00f3n de personas de su organizaci\u00f3n y defina la cobertura de la implementaci\u00f3n del sistema\" \/>\n<meta name=\"robots\" content=\"index, follow, max-snippet:-1, max-image-preview:large, max-video-preview:-1\" \/>\n<link rel=\"canonical\" href=\"https:\/\/talent.efix.net\/es\/servicos\/consultoria\/\" \/>\n<meta property=\"og:locale\" content=\"es_ES\" \/>\n<meta property=\"og:type\" content=\"article\" \/>\n<meta property=\"og:title\" content=\"Efix | Consultoria\" \/>\n<meta property=\"og:description\" content=\"Comprenda los modelos de gesti\u00f3n de personas de su organizaci\u00f3n y defina la cobertura de la implementaci\u00f3n del sistema\" \/>\n<meta property=\"og:url\" content=\"https:\/\/talent.efix.net\/es\/servicos\/consultoria\/\" \/>\n<meta property=\"og:site_name\" content=\"EFix Espa\u00f1ol\" \/>\n<meta property=\"article:publisher\" content=\"https:\/\/www.facebook.com\/efixnet\" \/>\n<meta property=\"article:modified_time\" content=\"2024-03-13T19:37:42+00:00\" \/>\n<meta property=\"og:image\" content=\"https:\/\/talent.efix.net\/es\/wp-content\/uploads\/sites\/3\/2011\/08\/consultoria.jpg\" \/>\n\t<meta property=\"og:image:width\" content=\"962\" \/>\n\t<meta property=\"og:image:height\" content=\"137\" \/>\n\t<meta property=\"og:image:type\" content=\"image\/jpeg\" \/>\n<meta name=\"twitter:card\" content=\"summary_large_image\" \/>\n<meta name=\"twitter:site\" content=\"@EfixNet\" \/>\n<meta name=\"twitter:label1\" content=\"Tiempo de lectura\" \/>\n\t<meta name=\"twitter:data1\" content=\"1 minuto\" \/>\n<script type=\"application\/ld+json\" class=\"yoast-schema-graph\">{\"@context\":\"https:\/\/schema.org\",\"@graph\":[{\"@type\":\"WebPage\",\"@id\":\"https:\/\/talent.efix.net\/es\/servicos\/consultoria\/\",\"url\":\"https:\/\/talent.efix.net\/es\/servicos\/consultoria\/\",\"name\":\"Efix | Consultoria\",\"isPartOf\":{\"@id\":\"https:\/\/talent.efix.net\/es\/#website\"},\"primaryImageOfPage\":{\"@id\":\"https:\/\/talent.efix.net\/es\/servicos\/consultoria\/#primaryimage\"},\"image\":{\"@id\":\"https:\/\/talent.efix.net\/es\/servicos\/consultoria\/#primaryimage\"},\"thumbnailUrl\":\"https:\/\/talent.efix.net\/es\/wp-content\/uploads\/sites\/3\/2011\/08\/consultoria.jpg\",\"datePublished\":\"2011-08-08T17:42:18+00:00\",\"dateModified\":\"2024-03-13T19:37:42+00:00\",\"description\":\"Comprenda los modelos de gesti\u00f3n de personas de su organizaci\u00f3n y defina la cobertura de la implementaci\u00f3n del sistema\",\"breadcrumb\":{\"@id\":\"https:\/\/talent.efix.net\/es\/servicos\/consultoria\/#breadcrumb\"},\"inLanguage\":\"es\",\"potentialAction\":[{\"@type\":\"ReadAction\",\"target\":[\"https:\/\/talent.efix.net\/es\/servicos\/consultoria\/\"]}]},{\"@type\":\"ImageObject\",\"inLanguage\":\"es\",\"@id\":\"https:\/\/talent.efix.net\/es\/servicos\/consultoria\/#primaryimage\",\"url\":\"https:\/\/talent.efix.net\/es\/wp-content\/uploads\/sites\/3\/2011\/08\/consultoria.jpg\",\"contentUrl\":\"https:\/\/talent.efix.net\/es\/wp-content\/uploads\/sites\/3\/2011\/08\/consultoria.jpg\",\"width\":962,\"height\":137},{\"@type\":\"BreadcrumbList\",\"@id\":\"https:\/\/talent.efix.net\/es\/servicos\/consultoria\/#breadcrumb\",\"itemListElement\":[{\"@type\":\"ListItem\",\"position\":1,\"name\":\"Home\",\"item\":\"https:\/\/talent.efix.net\/es\/\"},{\"@type\":\"ListItem\",\"position\":2,\"name\":\"Servicios\",\"item\":\"https:\/\/talent.efix.net\/es\/servicos\/\"},{\"@type\":\"ListItem\",\"position\":3,\"name\":\"Consultor\u00eda\"}]},{\"@type\":\"WebSite\",\"@id\":\"https:\/\/talent.efix.net\/es\/#website\",\"url\":\"https:\/\/talent.efix.net\/es\/\",\"name\":\"EFix\",\"description\":\"Soluciones para la gesti\u00f3n estrat\u00e9gica de personas\",\"publisher\":{\"@id\":\"https:\/\/talent.efix.net\/es\/#organization\"},\"potentialAction\":[{\"@type\":\"SearchAction\",\"target\":{\"@type\":\"EntryPoint\",\"urlTemplate\":\"https:\/\/talent.efix.net\/es\/?s={search_term_string}\"},\"query-input\":\"required name=search_term_string\"}],\"inLanguage\":\"es\"},{\"@type\":\"Organization\",\"@id\":\"https:\/\/talent.efix.net\/es\/#organization\",\"name\":\"EFix\",\"url\":\"https:\/\/talent.efix.net\/es\/\",\"logo\":{\"@type\":\"ImageObject\",\"inLanguage\":\"es\",\"@id\":\"https:\/\/talent.efix.net\/es\/#\/schema\/logo\/image\/\",\"url\":\"http:\/\/talent.efix.net\/es\/wp-content\/uploads\/sites\/3\/2024\/03\/logo.png\",\"contentUrl\":\"http:\/\/talent.efix.net\/es\/wp-content\/uploads\/sites\/3\/2024\/03\/logo.png\",\"width\":103,\"height\":77,\"caption\":\"EFix\"},\"image\":{\"@id\":\"https:\/\/talent.efix.net\/es\/#\/schema\/logo\/image\/\"},\"sameAs\":[\"https:\/\/www.facebook.com\/efixnet\",\"https:\/\/twitter.com\/EfixNet\"]}]}<\/script>\n<!-- \/ Yoast SEO plugin. -->","yoast_head_json":{"title":"Efix | Consultoria","description":"Comprenda los modelos de gesti\u00f3n de personas de su organizaci\u00f3n y defina la cobertura de la implementaci\u00f3n del sistema","robots":{"index":"index","follow":"follow","max-snippet":"max-snippet:-1","max-image-preview":"max-image-preview:large","max-video-preview":"max-video-preview:-1"},"canonical":"https:\/\/talent.efix.net\/es\/servicos\/consultoria\/","og_locale":"es_ES","og_type":"article","og_title":"Efix | Consultoria","og_description":"Comprenda los modelos de gesti\u00f3n de personas de su organizaci\u00f3n y defina la cobertura de la implementaci\u00f3n del sistema","og_url":"https:\/\/talent.efix.net\/es\/servicos\/consultoria\/","og_site_name":"EFix Espa\u00f1ol","article_publisher":"https:\/\/www.facebook.com\/efixnet","article_modified_time":"2024-03-13T19:37:42+00:00","og_image":[{"width":962,"height":137,"url":"https:\/\/talent.efix.net\/es\/wp-content\/uploads\/sites\/3\/2011\/08\/consultoria.jpg","type":"image\/jpeg"}],"twitter_card":"summary_large_image","twitter_site":"@EfixNet","twitter_misc":{"Tiempo de lectura":"1 minuto"},"schema":{"@context":"https:\/\/schema.org","@graph":[{"@type":"WebPage","@id":"https:\/\/talent.efix.net\/es\/servicos\/consultoria\/","url":"https:\/\/talent.efix.net\/es\/servicos\/consultoria\/","name":"Efix | Consultoria","isPartOf":{"@id":"https:\/\/talent.efix.net\/es\/#website"},"primaryImageOfPage":{"@id":"https:\/\/talent.efix.net\/es\/servicos\/consultoria\/#primaryimage"},"image":{"@id":"https:\/\/talent.efix.net\/es\/servicos\/consultoria\/#primaryimage"},"thumbnailUrl":"https:\/\/talent.efix.net\/es\/wp-content\/uploads\/sites\/3\/2011\/08\/consultoria.jpg","datePublished":"2011-08-08T17:42:18+00:00","dateModified":"2024-03-13T19:37:42+00:00","description":"Comprenda los modelos de gesti\u00f3n de personas de su organizaci\u00f3n y defina la cobertura de la implementaci\u00f3n del sistema","breadcrumb":{"@id":"https:\/\/talent.efix.net\/es\/servicos\/consultoria\/#breadcrumb"},"inLanguage":"es","potentialAction":[{"@type":"ReadAction","target":["https:\/\/talent.efix.net\/es\/servicos\/consultoria\/"]}]},{"@type":"ImageObject","inLanguage":"es","@id":"https:\/\/talent.efix.net\/es\/servicos\/consultoria\/#primaryimage","url":"https:\/\/talent.efix.net\/es\/wp-content\/uploads\/sites\/3\/2011\/08\/consultoria.jpg","contentUrl":"https:\/\/talent.efix.net\/es\/wp-content\/uploads\/sites\/3\/2011\/08\/consultoria.jpg","width":962,"height":137},{"@type":"BreadcrumbList","@id":"https:\/\/talent.efix.net\/es\/servicos\/consultoria\/#breadcrumb","itemListElement":[{"@type":"ListItem","position":1,"name":"Home","item":"https:\/\/talent.efix.net\/es\/"},{"@type":"ListItem","position":2,"name":"Servicios","item":"https:\/\/talent.efix.net\/es\/servicos\/"},{"@type":"ListItem","position":3,"name":"Consultor\u00eda"}]},{"@type":"WebSite","@id":"https:\/\/talent.efix.net\/es\/#website","url":"https:\/\/talent.efix.net\/es\/","name":"EFix","description":"Soluciones para la gesti\u00f3n estrat\u00e9gica de personas","publisher":{"@id":"https:\/\/talent.efix.net\/es\/#organization"},"potentialAction":[{"@type":"SearchAction","target":{"@type":"EntryPoint","urlTemplate":"https:\/\/talent.efix.net\/es\/?s={search_term_string}"},"query-input":"required name=search_term_string"}],"inLanguage":"es"},{"@type":"Organization","@id":"https:\/\/talent.efix.net\/es\/#organization","name":"EFix","url":"https:\/\/talent.efix.net\/es\/","logo":{"@type":"ImageObject","inLanguage":"es","@id":"https:\/\/talent.efix.net\/es\/#\/schema\/logo\/image\/","url":"http:\/\/talent.efix.net\/es\/wp-content\/uploads\/sites\/3\/2024\/03\/logo.png","contentUrl":"http:\/\/talent.efix.net\/es\/wp-content\/uploads\/sites\/3\/2024\/03\/logo.png","width":103,"height":77,"caption":"EFix"},"image":{"@id":"https:\/\/talent.efix.net\/es\/#\/schema\/logo\/image\/"},"sameAs":["https:\/\/www.facebook.com\/efixnet","https:\/\/twitter.com\/EfixNet"]}]}},"_links":{"self":[{"href":"https:\/\/talent.efix.net\/es\/wp-json\/wp\/v2\/pages\/112"}],"collection":[{"href":"https:\/\/talent.efix.net\/es\/wp-json\/wp\/v2\/pages"}],"about":[{"href":"https:\/\/talent.efix.net\/es\/wp-json\/wp\/v2\/types\/page"}],"author":[{"embeddable":true,"href":"https:\/\/talent.efix.net\/es\/wp-json\/wp\/v2\/users\/1"}],"replies":[{"embeddable":true,"href":"https:\/\/talent.efix.net\/es\/wp-json\/wp\/v2\/comments?post=112"}],"version-history":[{"count":2,"href":"https:\/\/talent.efix.net\/es\/wp-json\/wp\/v2\/pages\/112\/revisions"}],"predecessor-version":[{"id":808,"href":"https:\/\/talent.efix.net\/es\/wp-json\/wp\/v2\/pages\/112\/revisions\/808"}],"up":[{"embeddable":true,"href":"https:\/\/talent.efix.net\/es\/wp-json\/wp\/v2\/pages\/7"}],"wp:featuredmedia":[{"embeddable":true,"href":"https:\/\/talent.efix.net\/es\/wp-json\/wp\/v2\/media\/316"}],"wp:attachment":[{"href":"https:\/\/talent.efix.net\/es\/wp-json\/wp\/v2\/media?parent=112"}],"curies":[{"name":"wp","href":"https:\/\/api.w.org\/{rel}","templated":true}]}}